{"id":3737,"date":"2022-09-12T08:08:52","date_gmt":"2022-09-12T08:08:52","guid":{"rendered":"https:\/\/hitmarkrobotics.com\/strona-glowna\/"},"modified":"2025-06-24T11:53:15","modified_gmt":"2025-06-24T11:53:15","slug":"strona-glowna","status":"publish","type":"page","link":"https:\/\/hitmarkrobotics.com\/de\/","title":{"rendered":"Startseite"},"content":{"rendered":"","protected":false},"excerpt":{"rendered":"","protected":false},"author":1,"featured_media":0,"parent":0,"menu_order":0,"comment_status":"closed","ping_status":"closed","template":"","meta":{"_acf_changed":false,"footnotes":""},"class_list":["post-3737","page","type-page","status-publish","hentry"],"acf":[],"yoast_head":"<!-- This site is optimized with the Yoast SEO plugin v27.0 - https:\/\/yoast.com\/product\/yoast-seo-wordpress\/ -->\n<title>Hitmark Robotics - Anbieter von Robotern f\u00fcr die Industrie und die industrielle Automatisierung<\/title>\n<meta name=\"description\" content=\"Wir sind spezialisiert auf optimale L\u00f6sungen f\u00fcr die Industrie in den Bereichen Pick-and-Place, Palettieren, Depalettieren und Mischen &#8211; Startseite &#8211; Hitmark Robotics\" \/>\n<meta name=\"robots\" content=\"index, follow, max-snippet:-1, max-image-preview:large, max-video-preview:-1\" \/>\n<link rel=\"canonical\" href=\"https:\/\/hitmarkrobotics.com\/de\/\" \/>\n<meta property=\"og:locale\" content=\"de_DE\" \/>\n<meta property=\"og:type\" content=\"article\" \/>\n<meta property=\"og:title\" content=\"Hitmark Robotics - Anbieter von Robotern f\u00fcr die Industrie und die industrielle Automatisierung\" \/>\n<meta property=\"og:description\" content=\"Wir sind spezialisiert auf optimale L\u00f6sungen f\u00fcr die Industrie in den Bereichen Pick-and-Place, Palettieren, Depalettieren und Mischen &#8211; Startseite &#8211; Hitmark Robotics\" \/>\n<meta property=\"og:url\" content=\"https:\/\/hitmarkrobotics.com\/de\/\" \/>\n<meta property=\"og:site_name\" content=\"Hitmark Robotics\" \/>\n<meta property=\"article:modified_time\" content=\"2025-06-24T11:53:15+00:00\" \/>\n<meta name=\"twitter:card\" content=\"summary_large_image\" \/>\n<meta name=\"twitter:label1\" content=\"Gesch\u00e4tzte Lesezeit\" \/>\n\t<meta name=\"twitter:data1\" content=\"5\u00a0Minuten\" \/>\n<script type=\"application\/ld+json\" class=\"yoast-schema-graph\">{\"@context\":\"https:\/\/schema.org\",\"@graph\":[{\"@type\":\"WebPage\",\"@id\":\"https:\/\/hitmarkrobotics.com\/de\/\",\"url\":\"https:\/\/hitmarkrobotics.com\/de\/\",\"name\":\"Hitmark Robotics - Anbieter von Robotern f\u00fcr die Industrie und die industrielle Automatisierung\",\"isPartOf\":{\"@id\":\"https:\/\/hitmarkrobotics.com\/de\/#website\"},\"datePublished\":\"2022-09-12T08:08:52+00:00\",\"dateModified\":\"2025-06-24T11:53:15+00:00\",\"description\":\"Wir sind spezialisiert auf optimale L\u00f6sungen f\u00fcr die Industrie in den Bereichen Pick-and-Place, Palettieren, Depalettieren und Mischen &#8211; Startseite &#8211; Hitmark Robotics\",\"breadcrumb\":{\"@id\":\"https:\/\/hitmarkrobotics.com\/de\/#breadcrumb\"},\"inLanguage\":\"de\",\"potentialAction\":[{\"@type\":\"ReadAction\",\"target\":[\"https:\/\/hitmarkrobotics.com\/de\/\"]}]},{\"@type\":\"BreadcrumbList\",\"@id\":\"https:\/\/hitmarkrobotics.com\/de\/#breadcrumb\",\"itemListElement\":[{\"@type\":\"ListItem\",\"position\":1,\"name\":\"Home\",\"item\":\"https:\/\/hitmarkrobotics.com\/de\/\"},{\"@type\":\"ListItem\",\"position\":2,\"name\":\"Startseite\"}]},{\"@type\":\"WebSite\",\"@id\":\"https:\/\/hitmarkrobotics.com\/de\/#website\",\"url\":\"https:\/\/hitmarkrobotics.com\/de\/\",\"name\":\"Hitmark Robotics\",\"description\":\"Dostawca rozwi\u0105za\u0144 automatyzacji dla przemys\u0142u\",\"publisher\":{\"@id\":\"https:\/\/hitmarkrobotics.com\/de\/#organization\"},\"potentialAction\":[{\"@type\":\"SearchAction\",\"target\":{\"@type\":\"EntryPoint\",\"urlTemplate\":\"https:\/\/hitmarkrobotics.com\/de\/?s={search_term_string}\"},\"query-input\":{\"@type\":\"PropertyValueSpecification\",\"valueRequired\":true,\"valueName\":\"search_term_string\"}}],\"inLanguage\":\"de\"},{\"@type\":\"Organization\",\"@id\":\"https:\/\/hitmarkrobotics.com\/de\/#organization\",\"name\":\"Hitmark Robotics\",\"url\":\"https:\/\/hitmarkrobotics.com\/de\/\",\"logo\":{\"@type\":\"ImageObject\",\"inLanguage\":\"de\",\"@id\":\"https:\/\/hitmarkrobotics.com\/de\/#\/schema\/logo\/image\/\",\"url\":\"https:\/\/hitmarkrobotics.com\/wp-content\/uploads\/hitmark-robotics-logo.png\",\"contentUrl\":\"https:\/\/hitmarkrobotics.com\/wp-content\/uploads\/hitmark-robotics-logo.png\",\"width\":736,\"height\":260,\"caption\":\"Hitmark Robotics\"},\"image\":{\"@id\":\"https:\/\/hitmarkrobotics.com\/de\/#\/schema\/logo\/image\/\"}}]}<\/script>\n<!-- \/ Yoast SEO plugin. -->","yoast_head_json":{"title":"Hitmark Robotics - Anbieter von Robotern f\u00fcr die Industrie und die industrielle Automatisierung","description":"Wir sind spezialisiert auf optimale L\u00f6sungen f\u00fcr die Industrie in den Bereichen Pick-and-Place, Palettieren, Depalettieren und Mischen &#8211; Startseite &#8211; Hitmark Robotics","robots":{"index":"index","follow":"follow","max-snippet":"max-snippet:-1","max-image-preview":"max-image-preview:large","max-video-preview":"max-video-preview:-1"},"canonical":"https:\/\/hitmarkrobotics.com\/de\/","og_locale":"de_DE","og_type":"article","og_title":"Hitmark Robotics - Anbieter von Robotern f\u00fcr die Industrie und die industrielle Automatisierung","og_description":"Wir sind spezialisiert auf optimale L\u00f6sungen f\u00fcr die Industrie in den Bereichen Pick-and-Place, Palettieren, Depalettieren und Mischen &#8211; Startseite &#8211; Hitmark Robotics","og_url":"https:\/\/hitmarkrobotics.com\/de\/","og_site_name":"Hitmark Robotics","article_modified_time":"2025-06-24T11:53:15+00:00","twitter_card":"summary_large_image","twitter_misc":{"Gesch\u00e4tzte Lesezeit":"5\u00a0Minuten"},"schema":{"@context":"https:\/\/schema.org","@graph":[{"@type":"WebPage","@id":"https:\/\/hitmarkrobotics.com\/de\/","url":"https:\/\/hitmarkrobotics.com\/de\/","name":"Hitmark Robotics - Anbieter von Robotern f\u00fcr die Industrie und die industrielle Automatisierung","isPartOf":{"@id":"https:\/\/hitmarkrobotics.com\/de\/#website"},"datePublished":"2022-09-12T08:08:52+00:00","dateModified":"2025-06-24T11:53:15+00:00","description":"Wir sind spezialisiert auf optimale L\u00f6sungen f\u00fcr die Industrie in den Bereichen Pick-and-Place, Palettieren, Depalettieren und Mischen &#8211; Startseite &#8211; Hitmark Robotics","breadcrumb":{"@id":"https:\/\/hitmarkrobotics.com\/de\/#breadcrumb"},"inLanguage":"de","potentialAction":[{"@type":"ReadAction","target":["https:\/\/hitmarkrobotics.com\/de\/"]}]},{"@type":"BreadcrumbList","@id":"https:\/\/hitmarkrobotics.com\/de\/#breadcrumb","itemListElement":[{"@type":"ListItem","position":1,"name":"Home","item":"https:\/\/hitmarkrobotics.com\/de\/"},{"@type":"ListItem","position":2,"name":"Startseite"}]},{"@type":"WebSite","@id":"https:\/\/hitmarkrobotics.com\/de\/#website","url":"https:\/\/hitmarkrobotics.com\/de\/","name":"Hitmark Robotics","description":"Dostawca rozwi\u0105za\u0144 automatyzacji dla przemys\u0142u","publisher":{"@id":"https:\/\/hitmarkrobotics.com\/de\/#organization"},"potentialAction":[{"@type":"SearchAction","target":{"@type":"EntryPoint","urlTemplate":"https:\/\/hitmarkrobotics.com\/de\/?s={search_term_string}"},"query-input":{"@type":"PropertyValueSpecification","valueRequired":true,"valueName":"search_term_string"}}],"inLanguage":"de"},{"@type":"Organization","@id":"https:\/\/hitmarkrobotics.com\/de\/#organization","name":"Hitmark Robotics","url":"https:\/\/hitmarkrobotics.com\/de\/","logo":{"@type":"ImageObject","inLanguage":"de","@id":"https:\/\/hitmarkrobotics.com\/de\/#\/schema\/logo\/image\/","url":"https:\/\/hitmarkrobotics.com\/wp-content\/uploads\/hitmark-robotics-logo.png","contentUrl":"https:\/\/hitmarkrobotics.com\/wp-content\/uploads\/hitmark-robotics-logo.png","width":736,"height":260,"caption":"Hitmark Robotics"},"image":{"@id":"https:\/\/hitmarkrobotics.com\/de\/#\/schema\/logo\/image\/"}}]}},"_links":{"self":[{"href":"https:\/\/hitmarkrobotics.com\/de\/wp-json\/wp\/v2\/pages\/3737","targetHints":{"allow":["GET"]}}],"collection":[{"href":"https:\/\/hitmarkrobotics.com\/de\/wp-json\/wp\/v2\/pages"}],"about":[{"href":"https:\/\/hitmarkrobotics.com\/de\/wp-json\/wp\/v2\/types\/page"}],"author":[{"embeddable":true,"href":"https:\/\/hitmarkrobotics.com\/de\/wp-json\/wp\/v2\/users\/1"}],"replies":[{"embeddable":true,"href":"https:\/\/hitmarkrobotics.com\/de\/wp-json\/wp\/v2\/comments?post=3737"}],"version-history":[{"count":1,"href":"https:\/\/hitmarkrobotics.com\/de\/wp-json\/wp\/v2\/pages\/3737\/revisions"}],"predecessor-version":[{"id":3738,"href":"https:\/\/hitmarkrobotics.com\/de\/wp-json\/wp\/v2\/pages\/3737\/revisions\/3738"}],"wp:attachment":[{"href":"https:\/\/hitmarkrobotics.com\/de\/wp-json\/wp\/v2\/media?parent=3737"}],"curies":[{"name":"wp","href":"https:\/\/api.w.org\/{rel}","templated":true}]}}