{"id":3792,"date":"2024-12-06T06:29:35","date_gmt":"2024-12-06T06:29:35","guid":{"rendered":"https:\/\/hitmarkrobotics.com\/produkte\/hr-01\/"},"modified":"2026-04-11T17:17:46","modified_gmt":"2026-04-11T17:17:46","slug":"hr-01","status":"publish","type":"page","link":"https:\/\/hitmarkrobotics.com\/de\/produkte\/hr-01\/","title":{"rendered":"HR-01"},"content":{"rendered":"","protected":false},"excerpt":{"rendered":"","protected":false},"author":1,"featured_media":3084,"parent":3762,"menu_order":1,"comment_status":"closed","ping_status":"closed","template":"","meta":{"_acf_changed":false,"footnotes":""},"class_list":["post-3792","page","type-page","status-publish","has-post-thumbnail","hentry"],"acf":[],"yoast_head":"<!-- This site is optimized with the Yoast SEO plugin v27.0 - https:\/\/yoast.com\/product\/yoast-seo-wordpress\/ -->\n<title>HR-01: Industrieroboter [11 Zyklen, 50kg] &#8211; Hitmark Robotics<\/title>\n<meta name=\"robots\" content=\"index, follow, max-snippet:-1, max-image-preview:large, max-video-preview:-1\" \/>\n<link rel=\"canonical\" href=\"https:\/\/hitmarkrobotics.com\/de\/produkte\/hr-01\/\" \/>\n<meta property=\"og:locale\" content=\"de_DE\" \/>\n<meta property=\"og:type\" content=\"article\" \/>\n<meta property=\"og:title\" content=\"HR-01: Industrieroboter [11 Zyklen, 50kg] &#8211; Hitmark Robotics\" \/>\n<meta property=\"og:url\" content=\"https:\/\/hitmarkrobotics.com\/de\/produkte\/hr-01\/\" \/>\n<meta property=\"og:site_name\" content=\"Hitmark Robotics\" \/>\n<meta property=\"article:modified_time\" content=\"2026-04-11T17:17:46+00:00\" \/>\n<meta property=\"og:image\" content=\"https:\/\/hitmarkrobotics.com\/wp-content\/uploads\/iso-hr01.png\" \/>\n\t<meta property=\"og:image:width\" content=\"871\" \/>\n\t<meta property=\"og:image:height\" content=\"680\" \/>\n\t<meta property=\"og:image:type\" content=\"image\/png\" \/>\n<meta name=\"twitter:card\" content=\"summary_large_image\" \/>\n<meta name=\"twitter:label1\" content=\"Gesch\u00e4tzte Lesezeit\" \/>\n\t<meta name=\"twitter:data1\" content=\"1\u00a0Minute\" \/>\n<script type=\"application\/ld+json\" class=\"yoast-schema-graph\">{\"@context\":\"https:\/\/schema.org\",\"@graph\":[{\"@type\":\"WebPage\",\"@id\":\"https:\/\/hitmarkrobotics.com\/de\/produkte\/hr-01\/\",\"url\":\"https:\/\/hitmarkrobotics.com\/de\/produkte\/hr-01\/\",\"name\":\"HR-01: Industrieroboter [11 Zyklen, 50kg] &#8211; Hitmark Robotics\",\"isPartOf\":{\"@id\":\"https:\/\/hitmarkrobotics.com\/de\/#website\"},\"primaryImageOfPage\":{\"@id\":\"https:\/\/hitmarkrobotics.com\/de\/produkte\/hr-01\/#primaryimage\"},\"image\":{\"@id\":\"https:\/\/hitmarkrobotics.com\/de\/produkte\/hr-01\/#primaryimage\"},\"thumbnailUrl\":\"https:\/\/hitmarkrobotics.com\/wp-content\/uploads\/iso-hr01.png\",\"datePublished\":\"2024-12-06T06:29:35+00:00\",\"dateModified\":\"2026-04-11T17:17:46+00:00\",\"breadcrumb\":{\"@id\":\"https:\/\/hitmarkrobotics.com\/de\/produkte\/hr-01\/#breadcrumb\"},\"inLanguage\":\"de\",\"potentialAction\":[{\"@type\":\"ReadAction\",\"target\":[\"https:\/\/hitmarkrobotics.com\/de\/produkte\/hr-01\/\"]}]},{\"@type\":\"ImageObject\",\"inLanguage\":\"de\",\"@id\":\"https:\/\/hitmarkrobotics.com\/de\/produkte\/hr-01\/#primaryimage\",\"url\":\"https:\/\/hitmarkrobotics.com\/wp-content\/uploads\/iso-hr01.png\",\"contentUrl\":\"https:\/\/hitmarkrobotics.com\/wp-content\/uploads\/iso-hr01.png\",\"width\":871,\"height\":680},{\"@type\":\"BreadcrumbList\",\"@id\":\"https:\/\/hitmarkrobotics.com\/de\/produkte\/hr-01\/#breadcrumb\",\"itemListElement\":[{\"@type\":\"ListItem\",\"position\":1,\"name\":\"Home\",\"item\":\"https:\/\/hitmarkrobotics.com\/de\/\"},{\"@type\":\"ListItem\",\"position\":2,\"name\":\"Unsere Produkte\",\"item\":\"https:\/\/hitmarkrobotics.com\/de\/produkte\/\"},{\"@type\":\"ListItem\",\"position\":3,\"name\":\"HR-01\"}]},{\"@type\":\"WebSite\",\"@id\":\"https:\/\/hitmarkrobotics.com\/de\/#website\",\"url\":\"https:\/\/hitmarkrobotics.com\/de\/\",\"name\":\"Hitmark Robotics\",\"description\":\"Dostawca rozwi\u0105za\u0144 automatyzacji dla przemys\u0142u\",\"publisher\":{\"@id\":\"https:\/\/hitmarkrobotics.com\/de\/#organization\"},\"potentialAction\":[{\"@type\":\"SearchAction\",\"target\":{\"@type\":\"EntryPoint\",\"urlTemplate\":\"https:\/\/hitmarkrobotics.com\/de\/?s={search_term_string}\"},\"query-input\":{\"@type\":\"PropertyValueSpecification\",\"valueRequired\":true,\"valueName\":\"search_term_string\"}}],\"inLanguage\":\"de\"},{\"@type\":\"Organization\",\"@id\":\"https:\/\/hitmarkrobotics.com\/de\/#organization\",\"name\":\"Hitmark Robotics\",\"url\":\"https:\/\/hitmarkrobotics.com\/de\/\",\"logo\":{\"@type\":\"ImageObject\",\"inLanguage\":\"de\",\"@id\":\"https:\/\/hitmarkrobotics.com\/de\/#\/schema\/logo\/image\/\",\"url\":\"https:\/\/hitmarkrobotics.com\/wp-content\/uploads\/hitmark-robotics-logo.png\",\"contentUrl\":\"https:\/\/hitmarkrobotics.com\/wp-content\/uploads\/hitmark-robotics-logo.png\",\"width\":736,\"height\":260,\"caption\":\"Hitmark Robotics\"},\"image\":{\"@id\":\"https:\/\/hitmarkrobotics.com\/de\/#\/schema\/logo\/image\/\"}}]}<\/script>\n<!-- \/ Yoast SEO plugin. -->","yoast_head_json":{"title":"HR-01: Industrieroboter [11 Zyklen, 50kg] &#8211; Hitmark Robotics","robots":{"index":"index","follow":"follow","max-snippet":"max-snippet:-1","max-image-preview":"max-image-preview:large","max-video-preview":"max-video-preview:-1"},"canonical":"https:\/\/hitmarkrobotics.com\/de\/produkte\/hr-01\/","og_locale":"de_DE","og_type":"article","og_title":"HR-01: Industrieroboter [11 Zyklen, 50kg] &#8211; Hitmark Robotics","og_url":"https:\/\/hitmarkrobotics.com\/de\/produkte\/hr-01\/","og_site_name":"Hitmark Robotics","article_modified_time":"2026-04-11T17:17:46+00:00","og_image":[{"width":871,"height":680,"url":"https:\/\/hitmarkrobotics.com\/wp-content\/uploads\/iso-hr01.png","type":"image\/png"}],"twitter_card":"summary_large_image","twitter_misc":{"Gesch\u00e4tzte Lesezeit":"1\u00a0Minute"},"schema":{"@context":"https:\/\/schema.org","@graph":[{"@type":"WebPage","@id":"https:\/\/hitmarkrobotics.com\/de\/produkte\/hr-01\/","url":"https:\/\/hitmarkrobotics.com\/de\/produkte\/hr-01\/","name":"HR-01: Industrieroboter [11 Zyklen, 50kg] &#8211; Hitmark Robotics","isPartOf":{"@id":"https:\/\/hitmarkrobotics.com\/de\/#website"},"primaryImageOfPage":{"@id":"https:\/\/hitmarkrobotics.com\/de\/produkte\/hr-01\/#primaryimage"},"image":{"@id":"https:\/\/hitmarkrobotics.com\/de\/produkte\/hr-01\/#primaryimage"},"thumbnailUrl":"https:\/\/hitmarkrobotics.com\/wp-content\/uploads\/iso-hr01.png","datePublished":"2024-12-06T06:29:35+00:00","dateModified":"2026-04-11T17:17:46+00:00","breadcrumb":{"@id":"https:\/\/hitmarkrobotics.com\/de\/produkte\/hr-01\/#breadcrumb"},"inLanguage":"de","potentialAction":[{"@type":"ReadAction","target":["https:\/\/hitmarkrobotics.com\/de\/produkte\/hr-01\/"]}]},{"@type":"ImageObject","inLanguage":"de","@id":"https:\/\/hitmarkrobotics.com\/de\/produkte\/hr-01\/#primaryimage","url":"https:\/\/hitmarkrobotics.com\/wp-content\/uploads\/iso-hr01.png","contentUrl":"https:\/\/hitmarkrobotics.com\/wp-content\/uploads\/iso-hr01.png","width":871,"height":680},{"@type":"BreadcrumbList","@id":"https:\/\/hitmarkrobotics.com\/de\/produkte\/hr-01\/#breadcrumb","itemListElement":[{"@type":"ListItem","position":1,"name":"Home","item":"https:\/\/hitmarkrobotics.com\/de\/"},{"@type":"ListItem","position":2,"name":"Unsere Produkte","item":"https:\/\/hitmarkrobotics.com\/de\/produkte\/"},{"@type":"ListItem","position":3,"name":"HR-01"}]},{"@type":"WebSite","@id":"https:\/\/hitmarkrobotics.com\/de\/#website","url":"https:\/\/hitmarkrobotics.com\/de\/","name":"Hitmark Robotics","description":"Dostawca rozwi\u0105za\u0144 automatyzacji dla przemys\u0142u","publisher":{"@id":"https:\/\/hitmarkrobotics.com\/de\/#organization"},"potentialAction":[{"@type":"SearchAction","target":{"@type":"EntryPoint","urlTemplate":"https:\/\/hitmarkrobotics.com\/de\/?s={search_term_string}"},"query-input":{"@type":"PropertyValueSpecification","valueRequired":true,"valueName":"search_term_string"}}],"inLanguage":"de"},{"@type":"Organization","@id":"https:\/\/hitmarkrobotics.com\/de\/#organization","name":"Hitmark Robotics","url":"https:\/\/hitmarkrobotics.com\/de\/","logo":{"@type":"ImageObject","inLanguage":"de","@id":"https:\/\/hitmarkrobotics.com\/de\/#\/schema\/logo\/image\/","url":"https:\/\/hitmarkrobotics.com\/wp-content\/uploads\/hitmark-robotics-logo.png","contentUrl":"https:\/\/hitmarkrobotics.com\/wp-content\/uploads\/hitmark-robotics-logo.png","width":736,"height":260,"caption":"Hitmark Robotics"},"image":{"@id":"https:\/\/hitmarkrobotics.com\/de\/#\/schema\/logo\/image\/"}}]}},"_links":{"self":[{"href":"https:\/\/hitmarkrobotics.com\/de\/wp-json\/wp\/v2\/pages\/3792","targetHints":{"allow":["GET"]}}],"collection":[{"href":"https:\/\/hitmarkrobotics.com\/de\/wp-json\/wp\/v2\/pages"}],"about":[{"href":"https:\/\/hitmarkrobotics.com\/de\/wp-json\/wp\/v2\/types\/page"}],"author":[{"embeddable":true,"href":"https:\/\/hitmarkrobotics.com\/de\/wp-json\/wp\/v2\/users\/1"}],"replies":[{"embeddable":true,"href":"https:\/\/hitmarkrobotics.com\/de\/wp-json\/wp\/v2\/comments?post=3792"}],"version-history":[{"count":4,"href":"https:\/\/hitmarkrobotics.com\/de\/wp-json\/wp\/v2\/pages\/3792\/revisions"}],"predecessor-version":[{"id":6301,"href":"https:\/\/hitmarkrobotics.com\/de\/wp-json\/wp\/v2\/pages\/3792\/revisions\/6301"}],"up":[{"embeddable":true,"href":"https:\/\/hitmarkrobotics.com\/de\/wp-json\/wp\/v2\/pages\/3762"}],"wp:featuredmedia":[{"embeddable":true,"href":"https:\/\/hitmarkrobotics.com\/de\/wp-json\/wp\/v2\/media\/3084"}],"wp:attachment":[{"href":"https:\/\/hitmarkrobotics.com\/de\/wp-json\/wp\/v2\/media?parent=3792"}],"curies":[{"name":"wp","href":"https:\/\/api.w.org\/{rel}","templated":true}]}}