{"id":3944,"date":"2025-04-07T07:32:07","date_gmt":"2025-04-07T07:32:07","guid":{"rendered":"https:\/\/hitmarkrobotics.com\/fallstudie\/zrobotyzowane-stanowisko-do-miksowania-produktow-na-paletach-z-systemem-automatycznego-owijania-i-etykietowania\/"},"modified":"2026-01-05T11:48:36","modified_gmt":"2026-01-05T11:48:36","slug":"roboterstation-zum-mischen-von-produkten-auf-paletten-mit-einem-automatischen-verpackungs-und-etikettiersystem","status":"publish","type":"page","link":"https:\/\/hitmarkrobotics.com\/de\/fallstudie\/roboterstation-zum-mischen-von-produkten-auf-paletten-mit-einem-automatischen-verpackungs-und-etikettiersystem\/","title":{"rendered":"Roboterstation zum Mischen von Produkten auf Paletten mit einem automatischen Verpackungs- und Etikettiersystem"},"content":{"rendered":"","protected":false},"excerpt":{"rendered":"","protected":false},"author":1,"featured_media":2644,"parent":3758,"menu_order":0,"comment_status":"closed","ping_status":"closed","template":"","meta":{"_acf_changed":false,"footnotes":""},"class_list":["post-3944","page","type-page","status-publish","has-post-thumbnail","hentry"],"acf":[],"yoast_head":"<!-- This site is optimized with the Yoast SEO plugin v27.0 - https:\/\/yoast.com\/product\/yoast-seo-wordpress\/ -->\n<title>Roboterstation zum Mischen von Produkten auf Paletten mit einem automatischen Verpackungs- und Etikettiersystem &#8211; Hitmark Robotics<\/title>\n<meta name=\"description\" content=\"Wir sind spezialisiert auf die Bereitstellung optimaler L\u00f6sungen f\u00fcr die Industrie im Bereich Pick&amp;Place, Palettieren, Depalettieren und Mischen &#8211; Roboterstation zum Mischen von Produkten auf Paletten mit einem automatischen Verpackungs- und Etikettiersystem &#8211; Hitmark Robotics\" \/>\n<meta name=\"robots\" content=\"index, follow, max-snippet:-1, max-image-preview:large, max-video-preview:-1\" \/>\n<link rel=\"canonical\" href=\"https:\/\/hitmarkrobotics.com\/de\/fallstudie\/roboterstation-zum-mischen-von-produkten-auf-paletten-mit-einem-automatischen-verpackungs-und-etikettiersystem\/\" \/>\n<meta property=\"og:locale\" content=\"de_DE\" \/>\n<meta property=\"og:type\" content=\"article\" \/>\n<meta property=\"og:title\" content=\"Roboterstation zum Mischen von Produkten auf Paletten mit einem automatischen Verpackungs- und Etikettiersystem &#8211; Hitmark Robotics\" \/>\n<meta property=\"og:description\" content=\"Wir sind spezialisiert auf die Bereitstellung optimaler L\u00f6sungen f\u00fcr die Industrie im Bereich Pick&amp;Place, Palettieren, Depalettieren und Mischen &#8211; Roboterstation zum Mischen von Produkten auf Paletten mit einem automatischen Verpackungs- und Etikettiersystem &#8211; Hitmark Robotics\" \/>\n<meta property=\"og:url\" content=\"https:\/\/hitmarkrobotics.com\/de\/fallstudie\/roboterstation-zum-mischen-von-produkten-auf-paletten-mit-einem-automatischen-verpackungs-und-etikettiersystem\/\" \/>\n<meta property=\"og:site_name\" content=\"Hitmark Robotics\" \/>\n<meta property=\"article:modified_time\" content=\"2026-01-05T11:48:36+00:00\" \/>\n<meta property=\"og:image\" content=\"https:\/\/hitmarkrobotics.com\/wp-content\/uploads\/Carlsberg.png\" \/>\n\t<meta property=\"og:image:width\" content=\"1000\" \/>\n\t<meta property=\"og:image:height\" content=\"566\" \/>\n\t<meta property=\"og:image:type\" content=\"image\/png\" \/>\n<meta name=\"twitter:card\" content=\"summary_large_image\" \/>\n<meta name=\"twitter:label1\" content=\"Gesch\u00e4tzte Lesezeit\" \/>\n\t<meta name=\"twitter:data1\" content=\"1\u00a0Minute\" \/>\n<script type=\"application\/ld+json\" class=\"yoast-schema-graph\">{\"@context\":\"https:\/\/schema.org\",\"@graph\":[{\"@type\":\"WebPage\",\"@id\":\"https:\/\/hitmarkrobotics.com\/de\/fallstudie\/roboterstation-zum-mischen-von-produkten-auf-paletten-mit-einem-automatischen-verpackungs-und-etikettiersystem\/\",\"url\":\"https:\/\/hitmarkrobotics.com\/de\/fallstudie\/roboterstation-zum-mischen-von-produkten-auf-paletten-mit-einem-automatischen-verpackungs-und-etikettiersystem\/\",\"name\":\"Roboterstation zum Mischen von Produkten auf Paletten mit einem automatischen Verpackungs- und Etikettiersystem &#8211; Hitmark Robotics\",\"isPartOf\":{\"@id\":\"https:\/\/hitmarkrobotics.com\/de\/#website\"},\"primaryImageOfPage\":{\"@id\":\"https:\/\/hitmarkrobotics.com\/de\/fallstudie\/roboterstation-zum-mischen-von-produkten-auf-paletten-mit-einem-automatischen-verpackungs-und-etikettiersystem\/#primaryimage\"},\"image\":{\"@id\":\"https:\/\/hitmarkrobotics.com\/de\/fallstudie\/roboterstation-zum-mischen-von-produkten-auf-paletten-mit-einem-automatischen-verpackungs-und-etikettiersystem\/#primaryimage\"},\"thumbnailUrl\":\"https:\/\/hitmarkrobotics.com\/wp-content\/uploads\/Carlsberg.png\",\"datePublished\":\"2025-04-07T07:32:07+00:00\",\"dateModified\":\"2026-01-05T11:48:36+00:00\",\"description\":\"Wir sind spezialisiert auf die Bereitstellung optimaler L\u00f6sungen f\u00fcr die Industrie im Bereich Pick&Place, Palettieren, Depalettieren und Mischen &#8211; Roboterstation zum Mischen von Produkten auf Paletten mit einem automatischen Verpackungs- und Etikettiersystem &#8211; Hitmark Robotics\",\"breadcrumb\":{\"@id\":\"https:\/\/hitmarkrobotics.com\/de\/fallstudie\/roboterstation-zum-mischen-von-produkten-auf-paletten-mit-einem-automatischen-verpackungs-und-etikettiersystem\/#breadcrumb\"},\"inLanguage\":\"de\",\"potentialAction\":[{\"@type\":\"ReadAction\",\"target\":[\"https:\/\/hitmarkrobotics.com\/de\/fallstudie\/roboterstation-zum-mischen-von-produkten-auf-paletten-mit-einem-automatischen-verpackungs-und-etikettiersystem\/\"]}]},{\"@type\":\"ImageObject\",\"inLanguage\":\"de\",\"@id\":\"https:\/\/hitmarkrobotics.com\/de\/fallstudie\/roboterstation-zum-mischen-von-produkten-auf-paletten-mit-einem-automatischen-verpackungs-und-etikettiersystem\/#primaryimage\",\"url\":\"https:\/\/hitmarkrobotics.com\/wp-content\/uploads\/Carlsberg.png\",\"contentUrl\":\"https:\/\/hitmarkrobotics.com\/wp-content\/uploads\/Carlsberg.png\",\"width\":1000,\"height\":566,\"caption\":\"Zrobotyzowane stanowisko do miksowania produkt\u00f3w na paletach\"},{\"@type\":\"BreadcrumbList\",\"@id\":\"https:\/\/hitmarkrobotics.com\/de\/fallstudie\/roboterstation-zum-mischen-von-produkten-auf-paletten-mit-einem-automatischen-verpackungs-und-etikettiersystem\/#breadcrumb\",\"itemListElement\":[{\"@type\":\"ListItem\",\"position\":1,\"name\":\"Home\",\"item\":\"https:\/\/hitmarkrobotics.com\/de\/\"},{\"@type\":\"ListItem\",\"position\":2,\"name\":\"Fallstudie\",\"item\":\"https:\/\/hitmarkrobotics.com\/de\/fallstudie\/\"},{\"@type\":\"ListItem\",\"position\":3,\"name\":\"Roboterstation zum Mischen von Produkten auf Paletten mit einem automatischen Verpackungs- und Etikettiersystem\"}]},{\"@type\":\"WebSite\",\"@id\":\"https:\/\/hitmarkrobotics.com\/de\/#website\",\"url\":\"https:\/\/hitmarkrobotics.com\/de\/\",\"name\":\"Hitmark Robotics\",\"description\":\"Dostawca rozwi\u0105za\u0144 automatyzacji dla przemys\u0142u\",\"publisher\":{\"@id\":\"https:\/\/hitmarkrobotics.com\/de\/#organization\"},\"potentialAction\":[{\"@type\":\"SearchAction\",\"target\":{\"@type\":\"EntryPoint\",\"urlTemplate\":\"https:\/\/hitmarkrobotics.com\/de\/?s={search_term_string}\"},\"query-input\":{\"@type\":\"PropertyValueSpecification\",\"valueRequired\":true,\"valueName\":\"search_term_string\"}}],\"inLanguage\":\"de\"},{\"@type\":\"Organization\",\"@id\":\"https:\/\/hitmarkrobotics.com\/de\/#organization\",\"name\":\"Hitmark Robotics\",\"url\":\"https:\/\/hitmarkrobotics.com\/de\/\",\"logo\":{\"@type\":\"ImageObject\",\"inLanguage\":\"de\",\"@id\":\"https:\/\/hitmarkrobotics.com\/de\/#\/schema\/logo\/image\/\",\"url\":\"https:\/\/hitmarkrobotics.com\/wp-content\/uploads\/hitmark-robotics-logo.png\",\"contentUrl\":\"https:\/\/hitmarkrobotics.com\/wp-content\/uploads\/hitmark-robotics-logo.png\",\"width\":736,\"height\":260,\"caption\":\"Hitmark Robotics\"},\"image\":{\"@id\":\"https:\/\/hitmarkrobotics.com\/de\/#\/schema\/logo\/image\/\"}}]}<\/script>\n<!-- \/ Yoast SEO plugin. -->","yoast_head_json":{"title":"Roboterstation zum Mischen von Produkten auf Paletten mit einem automatischen Verpackungs- und Etikettiersystem &#8211; Hitmark Robotics","description":"Wir sind spezialisiert auf die Bereitstellung optimaler L\u00f6sungen f\u00fcr die Industrie im Bereich Pick&Place, Palettieren, Depalettieren und Mischen &#8211; Roboterstation zum Mischen von Produkten auf Paletten mit einem automatischen Verpackungs- und Etikettiersystem &#8211; Hitmark Robotics","robots":{"index":"index","follow":"follow","max-snippet":"max-snippet:-1","max-image-preview":"max-image-preview:large","max-video-preview":"max-video-preview:-1"},"canonical":"https:\/\/hitmarkrobotics.com\/de\/fallstudie\/roboterstation-zum-mischen-von-produkten-auf-paletten-mit-einem-automatischen-verpackungs-und-etikettiersystem\/","og_locale":"de_DE","og_type":"article","og_title":"Roboterstation zum Mischen von Produkten auf Paletten mit einem automatischen Verpackungs- und Etikettiersystem &#8211; Hitmark Robotics","og_description":"Wir sind spezialisiert auf die Bereitstellung optimaler L\u00f6sungen f\u00fcr die Industrie im Bereich Pick&Place, Palettieren, Depalettieren und Mischen &#8211; Roboterstation zum Mischen von Produkten auf Paletten mit einem automatischen Verpackungs- und Etikettiersystem &#8211; Hitmark Robotics","og_url":"https:\/\/hitmarkrobotics.com\/de\/fallstudie\/roboterstation-zum-mischen-von-produkten-auf-paletten-mit-einem-automatischen-verpackungs-und-etikettiersystem\/","og_site_name":"Hitmark Robotics","article_modified_time":"2026-01-05T11:48:36+00:00","og_image":[{"width":1000,"height":566,"url":"https:\/\/hitmarkrobotics.com\/wp-content\/uploads\/Carlsberg.png","type":"image\/png"}],"twitter_card":"summary_large_image","twitter_misc":{"Gesch\u00e4tzte Lesezeit":"1\u00a0Minute"},"schema":{"@context":"https:\/\/schema.org","@graph":[{"@type":"WebPage","@id":"https:\/\/hitmarkrobotics.com\/de\/fallstudie\/roboterstation-zum-mischen-von-produkten-auf-paletten-mit-einem-automatischen-verpackungs-und-etikettiersystem\/","url":"https:\/\/hitmarkrobotics.com\/de\/fallstudie\/roboterstation-zum-mischen-von-produkten-auf-paletten-mit-einem-automatischen-verpackungs-und-etikettiersystem\/","name":"Roboterstation zum Mischen von Produkten auf Paletten mit einem automatischen Verpackungs- und Etikettiersystem &#8211; Hitmark Robotics","isPartOf":{"@id":"https:\/\/hitmarkrobotics.com\/de\/#website"},"primaryImageOfPage":{"@id":"https:\/\/hitmarkrobotics.com\/de\/fallstudie\/roboterstation-zum-mischen-von-produkten-auf-paletten-mit-einem-automatischen-verpackungs-und-etikettiersystem\/#primaryimage"},"image":{"@id":"https:\/\/hitmarkrobotics.com\/de\/fallstudie\/roboterstation-zum-mischen-von-produkten-auf-paletten-mit-einem-automatischen-verpackungs-und-etikettiersystem\/#primaryimage"},"thumbnailUrl":"https:\/\/hitmarkrobotics.com\/wp-content\/uploads\/Carlsberg.png","datePublished":"2025-04-07T07:32:07+00:00","dateModified":"2026-01-05T11:48:36+00:00","description":"Wir sind spezialisiert auf die Bereitstellung optimaler L\u00f6sungen f\u00fcr die Industrie im Bereich Pick&Place, Palettieren, Depalettieren und Mischen &#8211; Roboterstation zum Mischen von Produkten auf Paletten mit einem automatischen Verpackungs- und Etikettiersystem &#8211; Hitmark Robotics","breadcrumb":{"@id":"https:\/\/hitmarkrobotics.com\/de\/fallstudie\/roboterstation-zum-mischen-von-produkten-auf-paletten-mit-einem-automatischen-verpackungs-und-etikettiersystem\/#breadcrumb"},"inLanguage":"de","potentialAction":[{"@type":"ReadAction","target":["https:\/\/hitmarkrobotics.com\/de\/fallstudie\/roboterstation-zum-mischen-von-produkten-auf-paletten-mit-einem-automatischen-verpackungs-und-etikettiersystem\/"]}]},{"@type":"ImageObject","inLanguage":"de","@id":"https:\/\/hitmarkrobotics.com\/de\/fallstudie\/roboterstation-zum-mischen-von-produkten-auf-paletten-mit-einem-automatischen-verpackungs-und-etikettiersystem\/#primaryimage","url":"https:\/\/hitmarkrobotics.com\/wp-content\/uploads\/Carlsberg.png","contentUrl":"https:\/\/hitmarkrobotics.com\/wp-content\/uploads\/Carlsberg.png","width":1000,"height":566,"caption":"Zrobotyzowane stanowisko do miksowania produkt\u00f3w na paletach"},{"@type":"BreadcrumbList","@id":"https:\/\/hitmarkrobotics.com\/de\/fallstudie\/roboterstation-zum-mischen-von-produkten-auf-paletten-mit-einem-automatischen-verpackungs-und-etikettiersystem\/#breadcrumb","itemListElement":[{"@type":"ListItem","position":1,"name":"Home","item":"https:\/\/hitmarkrobotics.com\/de\/"},{"@type":"ListItem","position":2,"name":"Fallstudie","item":"https:\/\/hitmarkrobotics.com\/de\/fallstudie\/"},{"@type":"ListItem","position":3,"name":"Roboterstation zum Mischen von Produkten auf Paletten mit einem automatischen Verpackungs- und Etikettiersystem"}]},{"@type":"WebSite","@id":"https:\/\/hitmarkrobotics.com\/de\/#website","url":"https:\/\/hitmarkrobotics.com\/de\/","name":"Hitmark Robotics","description":"Dostawca rozwi\u0105za\u0144 automatyzacji dla przemys\u0142u","publisher":{"@id":"https:\/\/hitmarkrobotics.com\/de\/#organization"},"potentialAction":[{"@type":"SearchAction","target":{"@type":"EntryPoint","urlTemplate":"https:\/\/hitmarkrobotics.com\/de\/?s={search_term_string}"},"query-input":{"@type":"PropertyValueSpecification","valueRequired":true,"valueName":"search_term_string"}}],"inLanguage":"de"},{"@type":"Organization","@id":"https:\/\/hitmarkrobotics.com\/de\/#organization","name":"Hitmark Robotics","url":"https:\/\/hitmarkrobotics.com\/de\/","logo":{"@type":"ImageObject","inLanguage":"de","@id":"https:\/\/hitmarkrobotics.com\/de\/#\/schema\/logo\/image\/","url":"https:\/\/hitmarkrobotics.com\/wp-content\/uploads\/hitmark-robotics-logo.png","contentUrl":"https:\/\/hitmarkrobotics.com\/wp-content\/uploads\/hitmark-robotics-logo.png","width":736,"height":260,"caption":"Hitmark Robotics"},"image":{"@id":"https:\/\/hitmarkrobotics.com\/de\/#\/schema\/logo\/image\/"}}]}},"_links":{"self":[{"href":"https:\/\/hitmarkrobotics.com\/de\/wp-json\/wp\/v2\/pages\/3944","targetHints":{"allow":["GET"]}}],"collection":[{"href":"https:\/\/hitmarkrobotics.com\/de\/wp-json\/wp\/v2\/pages"}],"about":[{"href":"https:\/\/hitmarkrobotics.com\/de\/wp-json\/wp\/v2\/types\/page"}],"author":[{"embeddable":true,"href":"https:\/\/hitmarkrobotics.com\/de\/wp-json\/wp\/v2\/users\/1"}],"replies":[{"embeddable":true,"href":"https:\/\/hitmarkrobotics.com\/de\/wp-json\/wp\/v2\/comments?post=3944"}],"version-history":[{"count":3,"href":"https:\/\/hitmarkrobotics.com\/de\/wp-json\/wp\/v2\/pages\/3944\/revisions"}],"predecessor-version":[{"id":5918,"href":"https:\/\/hitmarkrobotics.com\/de\/wp-json\/wp\/v2\/pages\/3944\/revisions\/5918"}],"up":[{"embeddable":true,"href":"https:\/\/hitmarkrobotics.com\/de\/wp-json\/wp\/v2\/pages\/3758"}],"wp:featuredmedia":[{"embeddable":true,"href":"https:\/\/hitmarkrobotics.com\/de\/wp-json\/wp\/v2\/media\/2644"}],"wp:attachment":[{"href":"https:\/\/hitmarkrobotics.com\/de\/wp-json\/wp\/v2\/media?parent=3944"}],"curies":[{"name":"wp","href":"https:\/\/api.w.org\/{rel}","templated":true}]}}