{"id":5804,"date":"2025-12-17T15:22:06","date_gmt":"2025-12-17T15:22:06","guid":{"rendered":"https:\/\/hitmarkrobotics.com\/?page_id=5804"},"modified":"2025-12-22T13:20:33","modified_gmt":"2025-12-22T13:20:33","slug":"roboterpalettierstation-fur-zwei-produktionslinien-mit-einem-zweifarbigen-kennzeichnungssystem","status":"publish","type":"page","link":"https:\/\/hitmarkrobotics.com\/de\/fallstudie\/roboterpalettierstation-fur-zwei-produktionslinien-mit-einem-zweifarbigen-kennzeichnungssystem\/","title":{"rendered":"Roboterpalettierstation f\u00fcr zwei Produktionslinien mit einem zweifarbigen Kennzeichnungssystem"},"content":{"rendered":"","protected":false},"excerpt":{"rendered":"","protected":false},"author":1,"featured_media":5831,"parent":3758,"menu_order":0,"comment_status":"closed","ping_status":"closed","template":"","meta":{"_acf_changed":false,"footnotes":""},"class_list":["post-5804","page","type-page","status-publish","has-post-thumbnail","hentry"],"acf":[],"yoast_head":"<!-- This site is optimized with the Yoast SEO plugin v27.0 - https:\/\/yoast.com\/product\/yoast-seo-wordpress\/ -->\n<title>Roboterpalettierstation f\u00fcr zwei Produktionslinien mit einem zweifarbigen Kennzeichnungssystem &#8211; Hitmark Robotics<\/title>\n<meta name=\"robots\" content=\"index, follow, max-snippet:-1, max-image-preview:large, max-video-preview:-1\" \/>\n<link rel=\"canonical\" href=\"https:\/\/hitmarkrobotics.com\/de\/fallstudie\/roboterpalettierstation-fur-zwei-produktionslinien-mit-einem-zweifarbigen-kennzeichnungssystem\/\" \/>\n<meta property=\"og:locale\" content=\"de_DE\" \/>\n<meta property=\"og:type\" content=\"article\" \/>\n<meta property=\"og:title\" content=\"Roboterpalettierstation f\u00fcr zwei Produktionslinien mit einem zweifarbigen Kennzeichnungssystem &#8211; Hitmark Robotics\" \/>\n<meta property=\"og:url\" content=\"https:\/\/hitmarkrobotics.com\/de\/fallstudie\/roboterpalettierstation-fur-zwei-produktionslinien-mit-einem-zweifarbigen-kennzeichnungssystem\/\" \/>\n<meta property=\"og:site_name\" content=\"Hitmark Robotics\" \/>\n<meta property=\"article:modified_time\" content=\"2025-12-22T13:20:33+00:00\" \/>\n<meta property=\"og:image\" content=\"https:\/\/hitmarkrobotics.com\/wp-content\/uploads\/27561-2-alpha-1016x1024.png\" \/>\n\t<meta property=\"og:image:width\" content=\"1016\" \/>\n\t<meta property=\"og:image:height\" content=\"1024\" \/>\n\t<meta property=\"og:image:type\" content=\"image\/png\" \/>\n<meta name=\"twitter:card\" content=\"summary_large_image\" \/>\n<meta name=\"twitter:label1\" content=\"Gesch\u00e4tzte Lesezeit\" \/>\n\t<meta name=\"twitter:data1\" content=\"1\u00a0Minute\" \/>\n<script type=\"application\/ld+json\" class=\"yoast-schema-graph\">{\"@context\":\"https:\/\/schema.org\",\"@graph\":[{\"@type\":\"WebPage\",\"@id\":\"https:\/\/hitmarkrobotics.com\/de\/fallstudie\/roboterpalettierstation-fur-zwei-produktionslinien-mit-einem-zweifarbigen-kennzeichnungssystem\/\",\"url\":\"https:\/\/hitmarkrobotics.com\/de\/fallstudie\/roboterpalettierstation-fur-zwei-produktionslinien-mit-einem-zweifarbigen-kennzeichnungssystem\/\",\"name\":\"Roboterpalettierstation f\u00fcr zwei Produktionslinien mit einem zweifarbigen Kennzeichnungssystem &#8211; Hitmark Robotics\",\"isPartOf\":{\"@id\":\"https:\/\/hitmarkrobotics.com\/de\/#website\"},\"primaryImageOfPage\":{\"@id\":\"https:\/\/hitmarkrobotics.com\/de\/fallstudie\/roboterpalettierstation-fur-zwei-produktionslinien-mit-einem-zweifarbigen-kennzeichnungssystem\/#primaryimage\"},\"image\":{\"@id\":\"https:\/\/hitmarkrobotics.com\/de\/fallstudie\/roboterpalettierstation-fur-zwei-produktionslinien-mit-einem-zweifarbigen-kennzeichnungssystem\/#primaryimage\"},\"thumbnailUrl\":\"https:\/\/hitmarkrobotics.com\/wp-content\/uploads\/27561-2-alpha.png\",\"datePublished\":\"2025-12-17T15:22:06+00:00\",\"dateModified\":\"2025-12-22T13:20:33+00:00\",\"breadcrumb\":{\"@id\":\"https:\/\/hitmarkrobotics.com\/de\/fallstudie\/roboterpalettierstation-fur-zwei-produktionslinien-mit-einem-zweifarbigen-kennzeichnungssystem\/#breadcrumb\"},\"inLanguage\":\"de\",\"potentialAction\":[{\"@type\":\"ReadAction\",\"target\":[\"https:\/\/hitmarkrobotics.com\/de\/fallstudie\/roboterpalettierstation-fur-zwei-produktionslinien-mit-einem-zweifarbigen-kennzeichnungssystem\/\"]}]},{\"@type\":\"ImageObject\",\"inLanguage\":\"de\",\"@id\":\"https:\/\/hitmarkrobotics.com\/de\/fallstudie\/roboterpalettierstation-fur-zwei-produktionslinien-mit-einem-zweifarbigen-kennzeichnungssystem\/#primaryimage\",\"url\":\"https:\/\/hitmarkrobotics.com\/wp-content\/uploads\/27561-2-alpha.png\",\"contentUrl\":\"https:\/\/hitmarkrobotics.com\/wp-content\/uploads\/27561-2-alpha.png\",\"width\":1571,\"height\":1584},{\"@type\":\"BreadcrumbList\",\"@id\":\"https:\/\/hitmarkrobotics.com\/de\/fallstudie\/roboterpalettierstation-fur-zwei-produktionslinien-mit-einem-zweifarbigen-kennzeichnungssystem\/#breadcrumb\",\"itemListElement\":[{\"@type\":\"ListItem\",\"position\":1,\"name\":\"Home\",\"item\":\"https:\/\/hitmarkrobotics.com\/de\/\"},{\"@type\":\"ListItem\",\"position\":2,\"name\":\"Fallstudie\",\"item\":\"https:\/\/hitmarkrobotics.com\/de\/fallstudie\/\"},{\"@type\":\"ListItem\",\"position\":3,\"name\":\"Roboterpalettierstation f\u00fcr zwei Produktionslinien mit einem zweifarbigen Kennzeichnungssystem\"}]},{\"@type\":\"WebSite\",\"@id\":\"https:\/\/hitmarkrobotics.com\/de\/#website\",\"url\":\"https:\/\/hitmarkrobotics.com\/de\/\",\"name\":\"Hitmark Robotics\",\"description\":\"Dostawca rozwi\u0105za\u0144 automatyzacji dla przemys\u0142u\",\"publisher\":{\"@id\":\"https:\/\/hitmarkrobotics.com\/de\/#organization\"},\"potentialAction\":[{\"@type\":\"SearchAction\",\"target\":{\"@type\":\"EntryPoint\",\"urlTemplate\":\"https:\/\/hitmarkrobotics.com\/de\/?s={search_term_string}\"},\"query-input\":{\"@type\":\"PropertyValueSpecification\",\"valueRequired\":true,\"valueName\":\"search_term_string\"}}],\"inLanguage\":\"de\"},{\"@type\":\"Organization\",\"@id\":\"https:\/\/hitmarkrobotics.com\/de\/#organization\",\"name\":\"Hitmark Robotics\",\"url\":\"https:\/\/hitmarkrobotics.com\/de\/\",\"logo\":{\"@type\":\"ImageObject\",\"inLanguage\":\"de\",\"@id\":\"https:\/\/hitmarkrobotics.com\/de\/#\/schema\/logo\/image\/\",\"url\":\"https:\/\/hitmarkrobotics.com\/wp-content\/uploads\/hitmark-robotics-logo.png\",\"contentUrl\":\"https:\/\/hitmarkrobotics.com\/wp-content\/uploads\/hitmark-robotics-logo.png\",\"width\":736,\"height\":260,\"caption\":\"Hitmark Robotics\"},\"image\":{\"@id\":\"https:\/\/hitmarkrobotics.com\/de\/#\/schema\/logo\/image\/\"}}]}<\/script>\n<!-- \/ Yoast SEO plugin. -->","yoast_head_json":{"title":"Roboterpalettierstation f\u00fcr zwei Produktionslinien mit einem zweifarbigen Kennzeichnungssystem &#8211; Hitmark Robotics","robots":{"index":"index","follow":"follow","max-snippet":"max-snippet:-1","max-image-preview":"max-image-preview:large","max-video-preview":"max-video-preview:-1"},"canonical":"https:\/\/hitmarkrobotics.com\/de\/fallstudie\/roboterpalettierstation-fur-zwei-produktionslinien-mit-einem-zweifarbigen-kennzeichnungssystem\/","og_locale":"de_DE","og_type":"article","og_title":"Roboterpalettierstation f\u00fcr zwei Produktionslinien mit einem zweifarbigen Kennzeichnungssystem &#8211; Hitmark Robotics","og_url":"https:\/\/hitmarkrobotics.com\/de\/fallstudie\/roboterpalettierstation-fur-zwei-produktionslinien-mit-einem-zweifarbigen-kennzeichnungssystem\/","og_site_name":"Hitmark Robotics","article_modified_time":"2025-12-22T13:20:33+00:00","og_image":[{"width":1016,"height":1024,"url":"https:\/\/hitmarkrobotics.com\/wp-content\/uploads\/27561-2-alpha-1016x1024.png","type":"image\/png"}],"twitter_card":"summary_large_image","twitter_misc":{"Gesch\u00e4tzte Lesezeit":"1\u00a0Minute"},"schema":{"@context":"https:\/\/schema.org","@graph":[{"@type":"WebPage","@id":"https:\/\/hitmarkrobotics.com\/de\/fallstudie\/roboterpalettierstation-fur-zwei-produktionslinien-mit-einem-zweifarbigen-kennzeichnungssystem\/","url":"https:\/\/hitmarkrobotics.com\/de\/fallstudie\/roboterpalettierstation-fur-zwei-produktionslinien-mit-einem-zweifarbigen-kennzeichnungssystem\/","name":"Roboterpalettierstation f\u00fcr zwei Produktionslinien mit einem zweifarbigen Kennzeichnungssystem &#8211; Hitmark Robotics","isPartOf":{"@id":"https:\/\/hitmarkrobotics.com\/de\/#website"},"primaryImageOfPage":{"@id":"https:\/\/hitmarkrobotics.com\/de\/fallstudie\/roboterpalettierstation-fur-zwei-produktionslinien-mit-einem-zweifarbigen-kennzeichnungssystem\/#primaryimage"},"image":{"@id":"https:\/\/hitmarkrobotics.com\/de\/fallstudie\/roboterpalettierstation-fur-zwei-produktionslinien-mit-einem-zweifarbigen-kennzeichnungssystem\/#primaryimage"},"thumbnailUrl":"https:\/\/hitmarkrobotics.com\/wp-content\/uploads\/27561-2-alpha.png","datePublished":"2025-12-17T15:22:06+00:00","dateModified":"2025-12-22T13:20:33+00:00","breadcrumb":{"@id":"https:\/\/hitmarkrobotics.com\/de\/fallstudie\/roboterpalettierstation-fur-zwei-produktionslinien-mit-einem-zweifarbigen-kennzeichnungssystem\/#breadcrumb"},"inLanguage":"de","potentialAction":[{"@type":"ReadAction","target":["https:\/\/hitmarkrobotics.com\/de\/fallstudie\/roboterpalettierstation-fur-zwei-produktionslinien-mit-einem-zweifarbigen-kennzeichnungssystem\/"]}]},{"@type":"ImageObject","inLanguage":"de","@id":"https:\/\/hitmarkrobotics.com\/de\/fallstudie\/roboterpalettierstation-fur-zwei-produktionslinien-mit-einem-zweifarbigen-kennzeichnungssystem\/#primaryimage","url":"https:\/\/hitmarkrobotics.com\/wp-content\/uploads\/27561-2-alpha.png","contentUrl":"https:\/\/hitmarkrobotics.com\/wp-content\/uploads\/27561-2-alpha.png","width":1571,"height":1584},{"@type":"BreadcrumbList","@id":"https:\/\/hitmarkrobotics.com\/de\/fallstudie\/roboterpalettierstation-fur-zwei-produktionslinien-mit-einem-zweifarbigen-kennzeichnungssystem\/#breadcrumb","itemListElement":[{"@type":"ListItem","position":1,"name":"Home","item":"https:\/\/hitmarkrobotics.com\/de\/"},{"@type":"ListItem","position":2,"name":"Fallstudie","item":"https:\/\/hitmarkrobotics.com\/de\/fallstudie\/"},{"@type":"ListItem","position":3,"name":"Roboterpalettierstation f\u00fcr zwei Produktionslinien mit einem zweifarbigen Kennzeichnungssystem"}]},{"@type":"WebSite","@id":"https:\/\/hitmarkrobotics.com\/de\/#website","url":"https:\/\/hitmarkrobotics.com\/de\/","name":"Hitmark Robotics","description":"Dostawca rozwi\u0105za\u0144 automatyzacji dla przemys\u0142u","publisher":{"@id":"https:\/\/hitmarkrobotics.com\/de\/#organization"},"potentialAction":[{"@type":"SearchAction","target":{"@type":"EntryPoint","urlTemplate":"https:\/\/hitmarkrobotics.com\/de\/?s={search_term_string}"},"query-input":{"@type":"PropertyValueSpecification","valueRequired":true,"valueName":"search_term_string"}}],"inLanguage":"de"},{"@type":"Organization","@id":"https:\/\/hitmarkrobotics.com\/de\/#organization","name":"Hitmark Robotics","url":"https:\/\/hitmarkrobotics.com\/de\/","logo":{"@type":"ImageObject","inLanguage":"de","@id":"https:\/\/hitmarkrobotics.com\/de\/#\/schema\/logo\/image\/","url":"https:\/\/hitmarkrobotics.com\/wp-content\/uploads\/hitmark-robotics-logo.png","contentUrl":"https:\/\/hitmarkrobotics.com\/wp-content\/uploads\/hitmark-robotics-logo.png","width":736,"height":260,"caption":"Hitmark Robotics"},"image":{"@id":"https:\/\/hitmarkrobotics.com\/de\/#\/schema\/logo\/image\/"}}]}},"_links":{"self":[{"href":"https:\/\/hitmarkrobotics.com\/de\/wp-json\/wp\/v2\/pages\/5804","targetHints":{"allow":["GET"]}}],"collection":[{"href":"https:\/\/hitmarkrobotics.com\/de\/wp-json\/wp\/v2\/pages"}],"about":[{"href":"https:\/\/hitmarkrobotics.com\/de\/wp-json\/wp\/v2\/types\/page"}],"author":[{"embeddable":true,"href":"https:\/\/hitmarkrobotics.com\/de\/wp-json\/wp\/v2\/users\/1"}],"replies":[{"embeddable":true,"href":"https:\/\/hitmarkrobotics.com\/de\/wp-json\/wp\/v2\/comments?post=5804"}],"version-history":[{"count":4,"href":"https:\/\/hitmarkrobotics.com\/de\/wp-json\/wp\/v2\/pages\/5804\/revisions"}],"predecessor-version":[{"id":5878,"href":"https:\/\/hitmarkrobotics.com\/de\/wp-json\/wp\/v2\/pages\/5804\/revisions\/5878"}],"up":[{"embeddable":true,"href":"https:\/\/hitmarkrobotics.com\/de\/wp-json\/wp\/v2\/pages\/3758"}],"wp:featuredmedia":[{"embeddable":true,"href":"https:\/\/hitmarkrobotics.com\/de\/wp-json\/wp\/v2\/media\/5831"}],"wp:attachment":[{"href":"https:\/\/hitmarkrobotics.com\/de\/wp-json\/wp\/v2\/media?parent=5804"}],"curies":[{"name":"wp","href":"https:\/\/api.w.org\/{rel}","templated":true}]}}