{"id":2432,"date":"2023-10-10T19:00:43","date_gmt":"2023-10-10T19:00:43","guid":{"rendered":"https:\/\/hitmark.home.pl\/autoinstalator\/wordpress5\/solutions\/obsluga-linii-maszyn-wtryskarki-cnc\/"},"modified":"2026-02-23T09:04:52","modified_gmt":"2026-02-23T09:04:52","slug":"machine-line-operation-injection-molding-and-cnc","status":"publish","type":"page","link":"https:\/\/hitmarkrobotics.com\/en\/solutions\/machine-line-operation-injection-molding-and-cnc\/","title":{"rendered":"Machine Line Operation: Injection Molding and CNC"},"content":{"rendered":"","protected":false},"excerpt":{"rendered":"","protected":false},"author":1,"featured_media":1850,"parent":2414,"menu_order":0,"comment_status":"closed","ping_status":"closed","template":"","meta":{"_acf_changed":false,"footnotes":""},"class_list":["post-2432","page","type-page","status-publish","has-post-thumbnail","hentry"],"acf":[],"yoast_head":"<!-- This site is optimized with the Yoast SEO plugin v27.0 - https:\/\/yoast.com\/product\/yoast-seo-wordpress\/ -->\n<title>Machine Line Operation: Injection Molding and CNC &#8211; Hitmark Robotics<\/title>\n<meta name=\"description\" content=\"We specialize in providing optimal solutions for the industry in the field of pick&amp;place, palletizing, depalletizing and mixing &#8211; Hitmark Robotics &#8211; Machine Line Operation: Injection Molding and CNC &#8211;\" \/>\n<meta name=\"robots\" content=\"index, follow, max-snippet:-1, max-image-preview:large, max-video-preview:-1\" \/>\n<link rel=\"canonical\" href=\"https:\/\/hitmarkrobotics.com\/en\/solutions\/machine-line-operation-injection-molding-and-cnc\/\" \/>\n<meta property=\"og:locale\" content=\"en_US\" \/>\n<meta property=\"og:type\" content=\"article\" \/>\n<meta property=\"og:title\" content=\"Machine Line Operation: Injection Molding and CNC &#8211; Hitmark Robotics\" \/>\n<meta property=\"og:description\" content=\"We specialize in providing optimal solutions for the industry in the field of pick&amp;place, palletizing, depalletizing and mixing &#8211; Hitmark Robotics &#8211; Machine Line Operation: Injection Molding and CNC &#8211;\" \/>\n<meta property=\"og:url\" content=\"https:\/\/hitmarkrobotics.com\/en\/solutions\/machine-line-operation-injection-molding-and-cnc\/\" \/>\n<meta property=\"og:site_name\" content=\"Hitmark Robotics\" \/>\n<meta property=\"article:modified_time\" content=\"2026-02-23T09:04:52+00:00\" \/>\n<meta name=\"twitter:card\" content=\"summary_large_image\" \/>\n<meta name=\"twitter:label1\" content=\"Est. reading time\" \/>\n\t<meta name=\"twitter:data1\" content=\"4 minutes\" \/>\n<script type=\"application\/ld+json\" class=\"yoast-schema-graph\">{\"@context\":\"https:\/\/schema.org\",\"@graph\":[{\"@type\":\"WebPage\",\"@id\":\"https:\/\/hitmarkrobotics.com\/en\/solutions\/machine-line-operation-injection-molding-and-cnc\/\",\"url\":\"https:\/\/hitmarkrobotics.com\/en\/solutions\/machine-line-operation-injection-molding-and-cnc\/\",\"name\":\"Machine Line Operation: Injection Molding and CNC &#8211; Hitmark Robotics\",\"isPartOf\":{\"@id\":\"https:\/\/hitmarkrobotics.com\/en\/#website\"},\"primaryImageOfPage\":{\"@id\":\"https:\/\/hitmarkrobotics.com\/en\/solutions\/machine-line-operation-injection-molding-and-cnc\/#primaryimage\"},\"image\":{\"@id\":\"https:\/\/hitmarkrobotics.com\/en\/solutions\/machine-line-operation-injection-molding-and-cnc\/#primaryimage\"},\"thumbnailUrl\":\"https:\/\/hitmarkrobotics.com\/wp-content\/uploads\/001-conveyor-2.svg\",\"datePublished\":\"2023-10-10T19:00:43+00:00\",\"dateModified\":\"2026-02-23T09:04:52+00:00\",\"description\":\"We specialize in providing optimal solutions for the industry in the field of pick&place, palletizing, depalletizing and mixing &#8211; Hitmark Robotics &#8211; Machine Line Operation: Injection Molding and CNC &#8211;\",\"breadcrumb\":{\"@id\":\"https:\/\/hitmarkrobotics.com\/en\/solutions\/machine-line-operation-injection-molding-and-cnc\/#breadcrumb\"},\"inLanguage\":\"en-US\",\"potentialAction\":[{\"@type\":\"ReadAction\",\"target\":[\"https:\/\/hitmarkrobotics.com\/en\/solutions\/machine-line-operation-injection-molding-and-cnc\/\"]}]},{\"@type\":\"ImageObject\",\"inLanguage\":\"en-US\",\"@id\":\"https:\/\/hitmarkrobotics.com\/en\/solutions\/machine-line-operation-injection-molding-and-cnc\/#primaryimage\",\"url\":\"https:\/\/hitmarkrobotics.com\/wp-content\/uploads\/001-conveyor-2.svg\",\"contentUrl\":\"https:\/\/hitmarkrobotics.com\/wp-content\/uploads\/001-conveyor-2.svg\"},{\"@type\":\"BreadcrumbList\",\"@id\":\"https:\/\/hitmarkrobotics.com\/en\/solutions\/machine-line-operation-injection-molding-and-cnc\/#breadcrumb\",\"itemListElement\":[{\"@type\":\"ListItem\",\"position\":1,\"name\":\"Home\",\"item\":\"https:\/\/hitmarkrobotics.com\/en\/\"},{\"@type\":\"ListItem\",\"position\":2,\"name\":\"Solutions\",\"item\":\"https:\/\/hitmarkrobotics.com\/en\/solutions\/\"},{\"@type\":\"ListItem\",\"position\":3,\"name\":\"Machine Line Operation: Injection Molding and CNC\"}]},{\"@type\":\"WebSite\",\"@id\":\"https:\/\/hitmarkrobotics.com\/en\/#website\",\"url\":\"https:\/\/hitmarkrobotics.com\/en\/\",\"name\":\"Hitmark Robotics\",\"description\":\"Dostawca rozwi\u0105za\u0144 automatyzacji dla przemys\u0142u\",\"publisher\":{\"@id\":\"https:\/\/hitmarkrobotics.com\/en\/#organization\"},\"potentialAction\":[{\"@type\":\"SearchAction\",\"target\":{\"@type\":\"EntryPoint\",\"urlTemplate\":\"https:\/\/hitmarkrobotics.com\/en\/?s={search_term_string}\"},\"query-input\":{\"@type\":\"PropertyValueSpecification\",\"valueRequired\":true,\"valueName\":\"search_term_string\"}}],\"inLanguage\":\"en-US\"},{\"@type\":\"Organization\",\"@id\":\"https:\/\/hitmarkrobotics.com\/en\/#organization\",\"name\":\"Hitmark Robotics\",\"url\":\"https:\/\/hitmarkrobotics.com\/en\/\",\"logo\":{\"@type\":\"ImageObject\",\"inLanguage\":\"en-US\",\"@id\":\"https:\/\/hitmarkrobotics.com\/en\/#\/schema\/logo\/image\/\",\"url\":\"https:\/\/hitmarkrobotics.com\/wp-content\/uploads\/hitmark-robotics-logo.png\",\"contentUrl\":\"https:\/\/hitmarkrobotics.com\/wp-content\/uploads\/hitmark-robotics-logo.png\",\"width\":736,\"height\":260,\"caption\":\"Hitmark Robotics\"},\"image\":{\"@id\":\"https:\/\/hitmarkrobotics.com\/en\/#\/schema\/logo\/image\/\"}}]}<\/script>\n<!-- \/ Yoast SEO plugin. -->","yoast_head_json":{"title":"Machine Line Operation: Injection Molding and CNC &#8211; Hitmark Robotics","description":"We specialize in providing optimal solutions for the industry in the field of pick&place, palletizing, depalletizing and mixing &#8211; Hitmark Robotics &#8211; Machine Line Operation: Injection Molding and CNC &#8211;","robots":{"index":"index","follow":"follow","max-snippet":"max-snippet:-1","max-image-preview":"max-image-preview:large","max-video-preview":"max-video-preview:-1"},"canonical":"https:\/\/hitmarkrobotics.com\/en\/solutions\/machine-line-operation-injection-molding-and-cnc\/","og_locale":"en_US","og_type":"article","og_title":"Machine Line Operation: Injection Molding and CNC &#8211; Hitmark Robotics","og_description":"We specialize in providing optimal solutions for the industry in the field of pick&place, palletizing, depalletizing and mixing &#8211; Hitmark Robotics &#8211; Machine Line Operation: Injection Molding and CNC &#8211;","og_url":"https:\/\/hitmarkrobotics.com\/en\/solutions\/machine-line-operation-injection-molding-and-cnc\/","og_site_name":"Hitmark Robotics","article_modified_time":"2026-02-23T09:04:52+00:00","twitter_card":"summary_large_image","twitter_misc":{"Est. reading time":"4 minutes"},"schema":{"@context":"https:\/\/schema.org","@graph":[{"@type":"WebPage","@id":"https:\/\/hitmarkrobotics.com\/en\/solutions\/machine-line-operation-injection-molding-and-cnc\/","url":"https:\/\/hitmarkrobotics.com\/en\/solutions\/machine-line-operation-injection-molding-and-cnc\/","name":"Machine Line Operation: Injection Molding and CNC &#8211; Hitmark Robotics","isPartOf":{"@id":"https:\/\/hitmarkrobotics.com\/en\/#website"},"primaryImageOfPage":{"@id":"https:\/\/hitmarkrobotics.com\/en\/solutions\/machine-line-operation-injection-molding-and-cnc\/#primaryimage"},"image":{"@id":"https:\/\/hitmarkrobotics.com\/en\/solutions\/machine-line-operation-injection-molding-and-cnc\/#primaryimage"},"thumbnailUrl":"https:\/\/hitmarkrobotics.com\/wp-content\/uploads\/001-conveyor-2.svg","datePublished":"2023-10-10T19:00:43+00:00","dateModified":"2026-02-23T09:04:52+00:00","description":"We specialize in providing optimal solutions for the industry in the field of pick&place, palletizing, depalletizing and mixing &#8211; Hitmark Robotics &#8211; Machine Line Operation: Injection Molding and CNC &#8211;","breadcrumb":{"@id":"https:\/\/hitmarkrobotics.com\/en\/solutions\/machine-line-operation-injection-molding-and-cnc\/#breadcrumb"},"inLanguage":"en-US","potentialAction":[{"@type":"ReadAction","target":["https:\/\/hitmarkrobotics.com\/en\/solutions\/machine-line-operation-injection-molding-and-cnc\/"]}]},{"@type":"ImageObject","inLanguage":"en-US","@id":"https:\/\/hitmarkrobotics.com\/en\/solutions\/machine-line-operation-injection-molding-and-cnc\/#primaryimage","url":"https:\/\/hitmarkrobotics.com\/wp-content\/uploads\/001-conveyor-2.svg","contentUrl":"https:\/\/hitmarkrobotics.com\/wp-content\/uploads\/001-conveyor-2.svg"},{"@type":"BreadcrumbList","@id":"https:\/\/hitmarkrobotics.com\/en\/solutions\/machine-line-operation-injection-molding-and-cnc\/#breadcrumb","itemListElement":[{"@type":"ListItem","position":1,"name":"Home","item":"https:\/\/hitmarkrobotics.com\/en\/"},{"@type":"ListItem","position":2,"name":"Solutions","item":"https:\/\/hitmarkrobotics.com\/en\/solutions\/"},{"@type":"ListItem","position":3,"name":"Machine Line Operation: Injection Molding and CNC"}]},{"@type":"WebSite","@id":"https:\/\/hitmarkrobotics.com\/en\/#website","url":"https:\/\/hitmarkrobotics.com\/en\/","name":"Hitmark Robotics","description":"Dostawca rozwi\u0105za\u0144 automatyzacji dla przemys\u0142u","publisher":{"@id":"https:\/\/hitmarkrobotics.com\/en\/#organization"},"potentialAction":[{"@type":"SearchAction","target":{"@type":"EntryPoint","urlTemplate":"https:\/\/hitmarkrobotics.com\/en\/?s={search_term_string}"},"query-input":{"@type":"PropertyValueSpecification","valueRequired":true,"valueName":"search_term_string"}}],"inLanguage":"en-US"},{"@type":"Organization","@id":"https:\/\/hitmarkrobotics.com\/en\/#organization","name":"Hitmark Robotics","url":"https:\/\/hitmarkrobotics.com\/en\/","logo":{"@type":"ImageObject","inLanguage":"en-US","@id":"https:\/\/hitmarkrobotics.com\/en\/#\/schema\/logo\/image\/","url":"https:\/\/hitmarkrobotics.com\/wp-content\/uploads\/hitmark-robotics-logo.png","contentUrl":"https:\/\/hitmarkrobotics.com\/wp-content\/uploads\/hitmark-robotics-logo.png","width":736,"height":260,"caption":"Hitmark Robotics"},"image":{"@id":"https:\/\/hitmarkrobotics.com\/en\/#\/schema\/logo\/image\/"}}]}},"_links":{"self":[{"href":"https:\/\/hitmarkrobotics.com\/en\/wp-json\/wp\/v2\/pages\/2432","targetHints":{"allow":["GET"]}}],"collection":[{"href":"https:\/\/hitmarkrobotics.com\/en\/wp-json\/wp\/v2\/pages"}],"about":[{"href":"https:\/\/hitmarkrobotics.com\/en\/wp-json\/wp\/v2\/types\/page"}],"author":[{"embeddable":true,"href":"https:\/\/hitmarkrobotics.com\/en\/wp-json\/wp\/v2\/users\/1"}],"replies":[{"embeddable":true,"href":"https:\/\/hitmarkrobotics.com\/en\/wp-json\/wp\/v2\/comments?post=2432"}],"version-history":[{"count":6,"href":"https:\/\/hitmarkrobotics.com\/en\/wp-json\/wp\/v2\/pages\/2432\/revisions"}],"predecessor-version":[{"id":2548,"href":"https:\/\/hitmarkrobotics.com\/en\/wp-json\/wp\/v2\/pages\/2432\/revisions\/2548"}],"up":[{"embeddable":true,"href":"https:\/\/hitmarkrobotics.com\/en\/wp-json\/wp\/v2\/pages\/2414"}],"wp:featuredmedia":[{"embeddable":true,"href":"https:\/\/hitmarkrobotics.com\/en\/wp-json\/wp\/v2\/media\/1850"}],"wp:attachment":[{"href":"https:\/\/hitmarkrobotics.com\/en\/wp-json\/wp\/v2\/media?parent=2432"}],"curies":[{"name":"wp","href":"https:\/\/api.w.org\/{rel}","templated":true}]}}