{"id":3396,"date":"2024-12-06T06:29:36","date_gmt":"2024-12-06T06:29:36","guid":{"rendered":"https:\/\/hitmarkrobotics.com\/products\/hr-03\/"},"modified":"2025-04-04T12:20:06","modified_gmt":"2025-04-04T12:20:06","slug":"hr-03","status":"publish","type":"page","link":"https:\/\/hitmarkrobotics.com\/en\/products\/hr-03\/","title":{"rendered":"HR-03"},"content":{"rendered":"","protected":false},"excerpt":{"rendered":"","protected":false},"author":1,"featured_media":3114,"parent":3022,"menu_order":3,"comment_status":"closed","ping_status":"closed","template":"","meta":{"_acf_changed":false,"footnotes":""},"class_list":["post-3396","page","type-page","status-publish","has-post-thumbnail","hentry"],"acf":[],"yoast_head":"<!-- This site is optimized with the Yoast SEO plugin v27.0 - https:\/\/yoast.com\/product\/yoast-seo-wordpress\/ -->\n<title>HR-03: industrial robot [11 cycles, pallets: 2.3m] &#8211; Hitmark Robotics<\/title>\n<meta name=\"description\" content=\"We specialize in providing optimal solutions for the industry in the field of pick&amp;place, palletizing, depalletizing and mixing &#8211; HR-03 &#8211; Hitmark Robotics\" \/>\n<meta name=\"robots\" content=\"index, follow, max-snippet:-1, max-image-preview:large, max-video-preview:-1\" \/>\n<link rel=\"canonical\" href=\"https:\/\/hitmarkrobotics.com\/en\/products\/hr-03\/\" \/>\n<meta property=\"og:locale\" content=\"en_US\" \/>\n<meta property=\"og:type\" content=\"article\" \/>\n<meta property=\"og:title\" content=\"HR-03: industrial robot [11 cycles, pallets: 2.3m] &#8211; Hitmark Robotics\" \/>\n<meta property=\"og:description\" content=\"We specialize in providing optimal solutions for the industry in the field of pick&amp;place, palletizing, depalletizing and mixing &#8211; HR-03 &#8211; Hitmark Robotics\" \/>\n<meta property=\"og:url\" content=\"https:\/\/hitmarkrobotics.com\/en\/products\/hr-03\/\" \/>\n<meta property=\"og:site_name\" content=\"Hitmark Robotics\" \/>\n<meta property=\"article:modified_time\" content=\"2025-04-04T12:20:06+00:00\" \/>\n<meta property=\"og:image\" content=\"https:\/\/hitmarkrobotics.com\/wp-content\/uploads\/iso-hr03.png\" \/>\n\t<meta property=\"og:image:width\" content=\"796\" \/>\n\t<meta property=\"og:image:height\" content=\"680\" \/>\n\t<meta property=\"og:image:type\" content=\"image\/png\" \/>\n<meta name=\"twitter:card\" content=\"summary_large_image\" \/>\n<meta name=\"twitter:label1\" content=\"Est. reading time\" \/>\n\t<meta name=\"twitter:data1\" content=\"1 minute\" \/>\n<script type=\"application\/ld+json\" class=\"yoast-schema-graph\">{\"@context\":\"https:\/\/schema.org\",\"@graph\":[{\"@type\":\"WebPage\",\"@id\":\"https:\/\/hitmarkrobotics.com\/en\/products\/hr-03\/\",\"url\":\"https:\/\/hitmarkrobotics.com\/en\/products\/hr-03\/\",\"name\":\"HR-03: industrial robot [11 cycles, pallets: 2.3m] &#8211; Hitmark Robotics\",\"isPartOf\":{\"@id\":\"https:\/\/hitmarkrobotics.com\/en\/#website\"},\"primaryImageOfPage\":{\"@id\":\"https:\/\/hitmarkrobotics.com\/en\/products\/hr-03\/#primaryimage\"},\"image\":{\"@id\":\"https:\/\/hitmarkrobotics.com\/en\/products\/hr-03\/#primaryimage\"},\"thumbnailUrl\":\"https:\/\/hitmarkrobotics.com\/wp-content\/uploads\/iso-hr03.png\",\"datePublished\":\"2024-12-06T06:29:36+00:00\",\"dateModified\":\"2025-04-04T12:20:06+00:00\",\"description\":\"We specialize in providing optimal solutions for the industry in the field of pick&place, palletizing, depalletizing and mixing &#8211; HR-03 &#8211; Hitmark Robotics\",\"breadcrumb\":{\"@id\":\"https:\/\/hitmarkrobotics.com\/en\/products\/hr-03\/#breadcrumb\"},\"inLanguage\":\"en-US\",\"potentialAction\":[{\"@type\":\"ReadAction\",\"target\":[\"https:\/\/hitmarkrobotics.com\/en\/products\/hr-03\/\"]}]},{\"@type\":\"ImageObject\",\"inLanguage\":\"en-US\",\"@id\":\"https:\/\/hitmarkrobotics.com\/en\/products\/hr-03\/#primaryimage\",\"url\":\"https:\/\/hitmarkrobotics.com\/wp-content\/uploads\/iso-hr03.png\",\"contentUrl\":\"https:\/\/hitmarkrobotics.com\/wp-content\/uploads\/iso-hr03.png\",\"width\":796,\"height\":680},{\"@type\":\"BreadcrumbList\",\"@id\":\"https:\/\/hitmarkrobotics.com\/en\/products\/hr-03\/#breadcrumb\",\"itemListElement\":[{\"@type\":\"ListItem\",\"position\":1,\"name\":\"Home\",\"item\":\"https:\/\/hitmarkrobotics.com\/en\/\"},{\"@type\":\"ListItem\",\"position\":2,\"name\":\"Products\",\"item\":\"https:\/\/hitmarkrobotics.com\/en\/products\/\"},{\"@type\":\"ListItem\",\"position\":3,\"name\":\"HR-03\"}]},{\"@type\":\"WebSite\",\"@id\":\"https:\/\/hitmarkrobotics.com\/en\/#website\",\"url\":\"https:\/\/hitmarkrobotics.com\/en\/\",\"name\":\"Hitmark Robotics\",\"description\":\"Dostawca rozwi\u0105za\u0144 automatyzacji dla przemys\u0142u\",\"publisher\":{\"@id\":\"https:\/\/hitmarkrobotics.com\/en\/#organization\"},\"potentialAction\":[{\"@type\":\"SearchAction\",\"target\":{\"@type\":\"EntryPoint\",\"urlTemplate\":\"https:\/\/hitmarkrobotics.com\/en\/?s={search_term_string}\"},\"query-input\":{\"@type\":\"PropertyValueSpecification\",\"valueRequired\":true,\"valueName\":\"search_term_string\"}}],\"inLanguage\":\"en-US\"},{\"@type\":\"Organization\",\"@id\":\"https:\/\/hitmarkrobotics.com\/en\/#organization\",\"name\":\"Hitmark Robotics\",\"url\":\"https:\/\/hitmarkrobotics.com\/en\/\",\"logo\":{\"@type\":\"ImageObject\",\"inLanguage\":\"en-US\",\"@id\":\"https:\/\/hitmarkrobotics.com\/en\/#\/schema\/logo\/image\/\",\"url\":\"https:\/\/hitmarkrobotics.com\/wp-content\/uploads\/hitmark-robotics-logo.png\",\"contentUrl\":\"https:\/\/hitmarkrobotics.com\/wp-content\/uploads\/hitmark-robotics-logo.png\",\"width\":736,\"height\":260,\"caption\":\"Hitmark Robotics\"},\"image\":{\"@id\":\"https:\/\/hitmarkrobotics.com\/en\/#\/schema\/logo\/image\/\"}}]}<\/script>\n<!-- \/ Yoast SEO plugin. -->","yoast_head_json":{"title":"HR-03: industrial robot [11 cycles, pallets: 2.3m] &#8211; Hitmark Robotics","description":"We specialize in providing optimal solutions for the industry in the field of pick&place, palletizing, depalletizing and mixing &#8211; HR-03 &#8211; Hitmark Robotics","robots":{"index":"index","follow":"follow","max-snippet":"max-snippet:-1","max-image-preview":"max-image-preview:large","max-video-preview":"max-video-preview:-1"},"canonical":"https:\/\/hitmarkrobotics.com\/en\/products\/hr-03\/","og_locale":"en_US","og_type":"article","og_title":"HR-03: industrial robot [11 cycles, pallets: 2.3m] &#8211; Hitmark Robotics","og_description":"We specialize in providing optimal solutions for the industry in the field of pick&place, palletizing, depalletizing and mixing &#8211; HR-03 &#8211; Hitmark Robotics","og_url":"https:\/\/hitmarkrobotics.com\/en\/products\/hr-03\/","og_site_name":"Hitmark Robotics","article_modified_time":"2025-04-04T12:20:06+00:00","og_image":[{"width":796,"height":680,"url":"https:\/\/hitmarkrobotics.com\/wp-content\/uploads\/iso-hr03.png","type":"image\/png"}],"twitter_card":"summary_large_image","twitter_misc":{"Est. reading time":"1 minute"},"schema":{"@context":"https:\/\/schema.org","@graph":[{"@type":"WebPage","@id":"https:\/\/hitmarkrobotics.com\/en\/products\/hr-03\/","url":"https:\/\/hitmarkrobotics.com\/en\/products\/hr-03\/","name":"HR-03: industrial robot [11 cycles, pallets: 2.3m] &#8211; Hitmark Robotics","isPartOf":{"@id":"https:\/\/hitmarkrobotics.com\/en\/#website"},"primaryImageOfPage":{"@id":"https:\/\/hitmarkrobotics.com\/en\/products\/hr-03\/#primaryimage"},"image":{"@id":"https:\/\/hitmarkrobotics.com\/en\/products\/hr-03\/#primaryimage"},"thumbnailUrl":"https:\/\/hitmarkrobotics.com\/wp-content\/uploads\/iso-hr03.png","datePublished":"2024-12-06T06:29:36+00:00","dateModified":"2025-04-04T12:20:06+00:00","description":"We specialize in providing optimal solutions for the industry in the field of pick&place, palletizing, depalletizing and mixing &#8211; HR-03 &#8211; Hitmark Robotics","breadcrumb":{"@id":"https:\/\/hitmarkrobotics.com\/en\/products\/hr-03\/#breadcrumb"},"inLanguage":"en-US","potentialAction":[{"@type":"ReadAction","target":["https:\/\/hitmarkrobotics.com\/en\/products\/hr-03\/"]}]},{"@type":"ImageObject","inLanguage":"en-US","@id":"https:\/\/hitmarkrobotics.com\/en\/products\/hr-03\/#primaryimage","url":"https:\/\/hitmarkrobotics.com\/wp-content\/uploads\/iso-hr03.png","contentUrl":"https:\/\/hitmarkrobotics.com\/wp-content\/uploads\/iso-hr03.png","width":796,"height":680},{"@type":"BreadcrumbList","@id":"https:\/\/hitmarkrobotics.com\/en\/products\/hr-03\/#breadcrumb","itemListElement":[{"@type":"ListItem","position":1,"name":"Home","item":"https:\/\/hitmarkrobotics.com\/en\/"},{"@type":"ListItem","position":2,"name":"Products","item":"https:\/\/hitmarkrobotics.com\/en\/products\/"},{"@type":"ListItem","position":3,"name":"HR-03"}]},{"@type":"WebSite","@id":"https:\/\/hitmarkrobotics.com\/en\/#website","url":"https:\/\/hitmarkrobotics.com\/en\/","name":"Hitmark Robotics","description":"Dostawca rozwi\u0105za\u0144 automatyzacji dla przemys\u0142u","publisher":{"@id":"https:\/\/hitmarkrobotics.com\/en\/#organization"},"potentialAction":[{"@type":"SearchAction","target":{"@type":"EntryPoint","urlTemplate":"https:\/\/hitmarkrobotics.com\/en\/?s={search_term_string}"},"query-input":{"@type":"PropertyValueSpecification","valueRequired":true,"valueName":"search_term_string"}}],"inLanguage":"en-US"},{"@type":"Organization","@id":"https:\/\/hitmarkrobotics.com\/en\/#organization","name":"Hitmark Robotics","url":"https:\/\/hitmarkrobotics.com\/en\/","logo":{"@type":"ImageObject","inLanguage":"en-US","@id":"https:\/\/hitmarkrobotics.com\/en\/#\/schema\/logo\/image\/","url":"https:\/\/hitmarkrobotics.com\/wp-content\/uploads\/hitmark-robotics-logo.png","contentUrl":"https:\/\/hitmarkrobotics.com\/wp-content\/uploads\/hitmark-robotics-logo.png","width":736,"height":260,"caption":"Hitmark Robotics"},"image":{"@id":"https:\/\/hitmarkrobotics.com\/en\/#\/schema\/logo\/image\/"}}]}},"_links":{"self":[{"href":"https:\/\/hitmarkrobotics.com\/en\/wp-json\/wp\/v2\/pages\/3396","targetHints":{"allow":["GET"]}}],"collection":[{"href":"https:\/\/hitmarkrobotics.com\/en\/wp-json\/wp\/v2\/pages"}],"about":[{"href":"https:\/\/hitmarkrobotics.com\/en\/wp-json\/wp\/v2\/types\/page"}],"author":[{"embeddable":true,"href":"https:\/\/hitmarkrobotics.com\/en\/wp-json\/wp\/v2\/users\/1"}],"replies":[{"embeddable":true,"href":"https:\/\/hitmarkrobotics.com\/en\/wp-json\/wp\/v2\/comments?post=3396"}],"version-history":[{"count":2,"href":"https:\/\/hitmarkrobotics.com\/en\/wp-json\/wp\/v2\/pages\/3396\/revisions"}],"predecessor-version":[{"id":3416,"href":"https:\/\/hitmarkrobotics.com\/en\/wp-json\/wp\/v2\/pages\/3396\/revisions\/3416"}],"up":[{"embeddable":true,"href":"https:\/\/hitmarkrobotics.com\/en\/wp-json\/wp\/v2\/pages\/3022"}],"wp:featuredmedia":[{"embeddable":true,"href":"https:\/\/hitmarkrobotics.com\/en\/wp-json\/wp\/v2\/media\/3114"}],"wp:attachment":[{"href":"https:\/\/hitmarkrobotics.com\/en\/wp-json\/wp\/v2\/media?parent=3396"}],"curies":[{"name":"wp","href":"https:\/\/api.w.org\/{rel}","templated":true}]}}