{"id":5805,"date":"2025-12-17T15:22:06","date_gmt":"2025-12-17T15:22:06","guid":{"rendered":"https:\/\/hitmarkrobotics.com\/?page_id=5805"},"modified":"2025-12-17T15:26:00","modified_gmt":"2025-12-17T15:26:00","slug":"robotic-palletizing-station-for-two-production-lines-with-a-dual-color-labeling-system","status":"publish","type":"page","link":"https:\/\/hitmarkrobotics.com\/en\/case-study\/robotic-palletizing-station-for-two-production-lines-with-a-dual-color-labeling-system\/","title":{"rendered":"Robotic palletizing station for two production lines with a dual-color labeling system"},"content":{"rendered":"","protected":false},"excerpt":{"rendered":"","protected":false},"author":1,"featured_media":5829,"parent":2636,"menu_order":0,"comment_status":"closed","ping_status":"closed","template":"","meta":{"_acf_changed":false,"footnotes":""},"class_list":["post-5805","page","type-page","status-publish","has-post-thumbnail","hentry"],"acf":[],"yoast_head":"<!-- This site is optimized with the Yoast SEO plugin v27.0 - https:\/\/yoast.com\/product\/yoast-seo-wordpress\/ -->\n<title>Robotic palletizing station for two production lines with a dual-color labeling system &#8211; Hitmark Robotics<\/title>\n<meta name=\"robots\" content=\"index, follow, max-snippet:-1, max-image-preview:large, max-video-preview:-1\" \/>\n<link rel=\"canonical\" href=\"https:\/\/hitmarkrobotics.com\/en\/case-study\/robotic-palletizing-station-for-two-production-lines-with-a-dual-color-labeling-system\/\" \/>\n<meta property=\"og:locale\" content=\"en_US\" \/>\n<meta property=\"og:type\" content=\"article\" \/>\n<meta property=\"og:title\" content=\"Robotic palletizing station for two production lines with a dual-color labeling system &#8211; Hitmark Robotics\" \/>\n<meta property=\"og:url\" content=\"https:\/\/hitmarkrobotics.com\/en\/case-study\/robotic-palletizing-station-for-two-production-lines-with-a-dual-color-labeling-system\/\" \/>\n<meta property=\"og:site_name\" content=\"Hitmark Robotics\" \/>\n<meta property=\"article:modified_time\" content=\"2025-12-17T15:26:00+00:00\" \/>\n<meta property=\"og:image\" content=\"https:\/\/hitmarkrobotics.com\/wp-content\/uploads\/27561-2-alpha-1016x1024.png\" \/>\n\t<meta property=\"og:image:width\" content=\"1016\" \/>\n\t<meta property=\"og:image:height\" content=\"1024\" \/>\n\t<meta property=\"og:image:type\" content=\"image\/png\" \/>\n<meta name=\"twitter:card\" content=\"summary_large_image\" \/>\n<meta name=\"twitter:label1\" content=\"Est. reading time\" \/>\n\t<meta name=\"twitter:data1\" content=\"1 minute\" \/>\n<script type=\"application\/ld+json\" class=\"yoast-schema-graph\">{\"@context\":\"https:\/\/schema.org\",\"@graph\":[{\"@type\":\"WebPage\",\"@id\":\"https:\/\/hitmarkrobotics.com\/en\/case-study\/robotic-palletizing-station-for-two-production-lines-with-a-dual-color-labeling-system\/\",\"url\":\"https:\/\/hitmarkrobotics.com\/en\/case-study\/robotic-palletizing-station-for-two-production-lines-with-a-dual-color-labeling-system\/\",\"name\":\"Robotic palletizing station for two production lines with a dual-color labeling system &#8211; Hitmark Robotics\",\"isPartOf\":{\"@id\":\"https:\/\/hitmarkrobotics.com\/en\/#website\"},\"primaryImageOfPage\":{\"@id\":\"https:\/\/hitmarkrobotics.com\/en\/case-study\/robotic-palletizing-station-for-two-production-lines-with-a-dual-color-labeling-system\/#primaryimage\"},\"image\":{\"@id\":\"https:\/\/hitmarkrobotics.com\/en\/case-study\/robotic-palletizing-station-for-two-production-lines-with-a-dual-color-labeling-system\/#primaryimage\"},\"thumbnailUrl\":\"https:\/\/hitmarkrobotics.com\/wp-content\/uploads\/27561-2-alpha.png\",\"datePublished\":\"2025-12-17T15:22:06+00:00\",\"dateModified\":\"2025-12-17T15:26:00+00:00\",\"breadcrumb\":{\"@id\":\"https:\/\/hitmarkrobotics.com\/en\/case-study\/robotic-palletizing-station-for-two-production-lines-with-a-dual-color-labeling-system\/#breadcrumb\"},\"inLanguage\":\"en-US\",\"potentialAction\":[{\"@type\":\"ReadAction\",\"target\":[\"https:\/\/hitmarkrobotics.com\/en\/case-study\/robotic-palletizing-station-for-two-production-lines-with-a-dual-color-labeling-system\/\"]}]},{\"@type\":\"ImageObject\",\"inLanguage\":\"en-US\",\"@id\":\"https:\/\/hitmarkrobotics.com\/en\/case-study\/robotic-palletizing-station-for-two-production-lines-with-a-dual-color-labeling-system\/#primaryimage\",\"url\":\"https:\/\/hitmarkrobotics.com\/wp-content\/uploads\/27561-2-alpha.png\",\"contentUrl\":\"https:\/\/hitmarkrobotics.com\/wp-content\/uploads\/27561-2-alpha.png\",\"width\":1571,\"height\":1584},{\"@type\":\"BreadcrumbList\",\"@id\":\"https:\/\/hitmarkrobotics.com\/en\/case-study\/robotic-palletizing-station-for-two-production-lines-with-a-dual-color-labeling-system\/#breadcrumb\",\"itemListElement\":[{\"@type\":\"ListItem\",\"position\":1,\"name\":\"Home\",\"item\":\"https:\/\/hitmarkrobotics.com\/en\/\"},{\"@type\":\"ListItem\",\"position\":2,\"name\":\"Case study\",\"item\":\"https:\/\/hitmarkrobotics.com\/en\/case-study\/\"},{\"@type\":\"ListItem\",\"position\":3,\"name\":\"Robotic palletizing station for two production lines with a dual-color labeling system\"}]},{\"@type\":\"WebSite\",\"@id\":\"https:\/\/hitmarkrobotics.com\/en\/#website\",\"url\":\"https:\/\/hitmarkrobotics.com\/en\/\",\"name\":\"Hitmark Robotics\",\"description\":\"Dostawca rozwi\u0105za\u0144 automatyzacji dla przemys\u0142u\",\"publisher\":{\"@id\":\"https:\/\/hitmarkrobotics.com\/en\/#organization\"},\"potentialAction\":[{\"@type\":\"SearchAction\",\"target\":{\"@type\":\"EntryPoint\",\"urlTemplate\":\"https:\/\/hitmarkrobotics.com\/en\/?s={search_term_string}\"},\"query-input\":{\"@type\":\"PropertyValueSpecification\",\"valueRequired\":true,\"valueName\":\"search_term_string\"}}],\"inLanguage\":\"en-US\"},{\"@type\":\"Organization\",\"@id\":\"https:\/\/hitmarkrobotics.com\/en\/#organization\",\"name\":\"Hitmark Robotics\",\"url\":\"https:\/\/hitmarkrobotics.com\/en\/\",\"logo\":{\"@type\":\"ImageObject\",\"inLanguage\":\"en-US\",\"@id\":\"https:\/\/hitmarkrobotics.com\/en\/#\/schema\/logo\/image\/\",\"url\":\"https:\/\/hitmarkrobotics.com\/wp-content\/uploads\/hitmark-robotics-logo.png\",\"contentUrl\":\"https:\/\/hitmarkrobotics.com\/wp-content\/uploads\/hitmark-robotics-logo.png\",\"width\":736,\"height\":260,\"caption\":\"Hitmark Robotics\"},\"image\":{\"@id\":\"https:\/\/hitmarkrobotics.com\/en\/#\/schema\/logo\/image\/\"}}]}<\/script>\n<!-- \/ Yoast SEO plugin. -->","yoast_head_json":{"title":"Robotic palletizing station for two production lines with a dual-color labeling system &#8211; Hitmark Robotics","robots":{"index":"index","follow":"follow","max-snippet":"max-snippet:-1","max-image-preview":"max-image-preview:large","max-video-preview":"max-video-preview:-1"},"canonical":"https:\/\/hitmarkrobotics.com\/en\/case-study\/robotic-palletizing-station-for-two-production-lines-with-a-dual-color-labeling-system\/","og_locale":"en_US","og_type":"article","og_title":"Robotic palletizing station for two production lines with a dual-color labeling system &#8211; Hitmark Robotics","og_url":"https:\/\/hitmarkrobotics.com\/en\/case-study\/robotic-palletizing-station-for-two-production-lines-with-a-dual-color-labeling-system\/","og_site_name":"Hitmark Robotics","article_modified_time":"2025-12-17T15:26:00+00:00","og_image":[{"width":1016,"height":1024,"url":"https:\/\/hitmarkrobotics.com\/wp-content\/uploads\/27561-2-alpha-1016x1024.png","type":"image\/png"}],"twitter_card":"summary_large_image","twitter_misc":{"Est. reading time":"1 minute"},"schema":{"@context":"https:\/\/schema.org","@graph":[{"@type":"WebPage","@id":"https:\/\/hitmarkrobotics.com\/en\/case-study\/robotic-palletizing-station-for-two-production-lines-with-a-dual-color-labeling-system\/","url":"https:\/\/hitmarkrobotics.com\/en\/case-study\/robotic-palletizing-station-for-two-production-lines-with-a-dual-color-labeling-system\/","name":"Robotic palletizing station for two production lines with a dual-color labeling system &#8211; Hitmark Robotics","isPartOf":{"@id":"https:\/\/hitmarkrobotics.com\/en\/#website"},"primaryImageOfPage":{"@id":"https:\/\/hitmarkrobotics.com\/en\/case-study\/robotic-palletizing-station-for-two-production-lines-with-a-dual-color-labeling-system\/#primaryimage"},"image":{"@id":"https:\/\/hitmarkrobotics.com\/en\/case-study\/robotic-palletizing-station-for-two-production-lines-with-a-dual-color-labeling-system\/#primaryimage"},"thumbnailUrl":"https:\/\/hitmarkrobotics.com\/wp-content\/uploads\/27561-2-alpha.png","datePublished":"2025-12-17T15:22:06+00:00","dateModified":"2025-12-17T15:26:00+00:00","breadcrumb":{"@id":"https:\/\/hitmarkrobotics.com\/en\/case-study\/robotic-palletizing-station-for-two-production-lines-with-a-dual-color-labeling-system\/#breadcrumb"},"inLanguage":"en-US","potentialAction":[{"@type":"ReadAction","target":["https:\/\/hitmarkrobotics.com\/en\/case-study\/robotic-palletizing-station-for-two-production-lines-with-a-dual-color-labeling-system\/"]}]},{"@type":"ImageObject","inLanguage":"en-US","@id":"https:\/\/hitmarkrobotics.com\/en\/case-study\/robotic-palletizing-station-for-two-production-lines-with-a-dual-color-labeling-system\/#primaryimage","url":"https:\/\/hitmarkrobotics.com\/wp-content\/uploads\/27561-2-alpha.png","contentUrl":"https:\/\/hitmarkrobotics.com\/wp-content\/uploads\/27561-2-alpha.png","width":1571,"height":1584},{"@type":"BreadcrumbList","@id":"https:\/\/hitmarkrobotics.com\/en\/case-study\/robotic-palletizing-station-for-two-production-lines-with-a-dual-color-labeling-system\/#breadcrumb","itemListElement":[{"@type":"ListItem","position":1,"name":"Home","item":"https:\/\/hitmarkrobotics.com\/en\/"},{"@type":"ListItem","position":2,"name":"Case study","item":"https:\/\/hitmarkrobotics.com\/en\/case-study\/"},{"@type":"ListItem","position":3,"name":"Robotic palletizing station for two production lines with a dual-color labeling system"}]},{"@type":"WebSite","@id":"https:\/\/hitmarkrobotics.com\/en\/#website","url":"https:\/\/hitmarkrobotics.com\/en\/","name":"Hitmark Robotics","description":"Dostawca rozwi\u0105za\u0144 automatyzacji dla przemys\u0142u","publisher":{"@id":"https:\/\/hitmarkrobotics.com\/en\/#organization"},"potentialAction":[{"@type":"SearchAction","target":{"@type":"EntryPoint","urlTemplate":"https:\/\/hitmarkrobotics.com\/en\/?s={search_term_string}"},"query-input":{"@type":"PropertyValueSpecification","valueRequired":true,"valueName":"search_term_string"}}],"inLanguage":"en-US"},{"@type":"Organization","@id":"https:\/\/hitmarkrobotics.com\/en\/#organization","name":"Hitmark Robotics","url":"https:\/\/hitmarkrobotics.com\/en\/","logo":{"@type":"ImageObject","inLanguage":"en-US","@id":"https:\/\/hitmarkrobotics.com\/en\/#\/schema\/logo\/image\/","url":"https:\/\/hitmarkrobotics.com\/wp-content\/uploads\/hitmark-robotics-logo.png","contentUrl":"https:\/\/hitmarkrobotics.com\/wp-content\/uploads\/hitmark-robotics-logo.png","width":736,"height":260,"caption":"Hitmark Robotics"},"image":{"@id":"https:\/\/hitmarkrobotics.com\/en\/#\/schema\/logo\/image\/"}}]}},"_links":{"self":[{"href":"https:\/\/hitmarkrobotics.com\/en\/wp-json\/wp\/v2\/pages\/5805","targetHints":{"allow":["GET"]}}],"collection":[{"href":"https:\/\/hitmarkrobotics.com\/en\/wp-json\/wp\/v2\/pages"}],"about":[{"href":"https:\/\/hitmarkrobotics.com\/en\/wp-json\/wp\/v2\/types\/page"}],"author":[{"embeddable":true,"href":"https:\/\/hitmarkrobotics.com\/en\/wp-json\/wp\/v2\/users\/1"}],"replies":[{"embeddable":true,"href":"https:\/\/hitmarkrobotics.com\/en\/wp-json\/wp\/v2\/comments?post=5805"}],"version-history":[{"count":3,"href":"https:\/\/hitmarkrobotics.com\/en\/wp-json\/wp\/v2\/pages\/5805\/revisions"}],"predecessor-version":[{"id":5865,"href":"https:\/\/hitmarkrobotics.com\/en\/wp-json\/wp\/v2\/pages\/5805\/revisions\/5865"}],"up":[{"embeddable":true,"href":"https:\/\/hitmarkrobotics.com\/en\/wp-json\/wp\/v2\/pages\/2636"}],"wp:featuredmedia":[{"embeddable":true,"href":"https:\/\/hitmarkrobotics.com\/en\/wp-json\/wp\/v2\/media\/5829"}],"wp:attachment":[{"href":"https:\/\/hitmarkrobotics.com\/en\/wp-json\/wp\/v2\/media?parent=5805"}],"curies":[{"name":"wp","href":"https:\/\/api.w.org\/{rel}","templated":true}]}}