{"id":4680,"date":"2025-04-07T05:56:34","date_gmt":"2025-04-07T05:56:34","guid":{"rendered":"https:\/\/hitmarkrobotics.com\/o-nas\/"},"modified":"2026-04-11T20:03:51","modified_gmt":"2026-04-11T20:03:51","slug":"acerca-de-nostros","status":"publish","type":"page","link":"https:\/\/hitmarkrobotics.com\/es\/acerca-de-nostros\/","title":{"rendered":"Acerca de nosotros"},"content":{"rendered":"","protected":false},"excerpt":{"rendered":"","protected":false},"author":1,"featured_media":0,"parent":0,"menu_order":0,"comment_status":"closed","ping_status":"closed","template":"","meta":{"_acf_changed":false,"footnotes":""},"class_list":["post-4680","page","type-page","status-publish","hentry"],"acf":[],"yoast_head":"<!-- This site is optimized with the Yoast SEO plugin v27.0 - https:\/\/yoast.com\/product\/yoast-seo-wordpress\/ -->\n<title>Acerca de nosotros &#8211; Hitmark Robotics<\/title>\n<meta name=\"description\" content=\"Nos especializamos en brindar soluciones \u00f3ptimas para la industria en el campo del pick&amp;place, paletizado, despaletizado y mezcla &#8211; Acerca de nosotros &#8211; Hitmark Robotics\" \/>\n<meta name=\"robots\" content=\"index, follow, max-snippet:-1, max-image-preview:large, max-video-preview:-1\" \/>\n<link rel=\"canonical\" href=\"https:\/\/hitmarkrobotics.com\/es\/acerca-de-nostros\/\" \/>\n<meta property=\"og:locale\" content=\"es_ES\" \/>\n<meta property=\"og:type\" content=\"article\" \/>\n<meta property=\"og:title\" content=\"Acerca de nosotros &#8211; Hitmark Robotics\" \/>\n<meta property=\"og:description\" content=\"Nos especializamos en brindar soluciones \u00f3ptimas para la industria en el campo del pick&amp;place, paletizado, despaletizado y mezcla &#8211; Acerca de nosotros &#8211; Hitmark Robotics\" \/>\n<meta property=\"og:url\" content=\"https:\/\/hitmarkrobotics.com\/es\/acerca-de-nostros\/\" \/>\n<meta property=\"og:site_name\" content=\"Hitmark Robotics\" \/>\n<meta property=\"article:modified_time\" content=\"2026-04-11T20:03:51+00:00\" \/>\n<meta name=\"twitter:card\" content=\"summary_large_image\" \/>\n<meta name=\"twitter:label1\" content=\"Tiempo de lectura\" \/>\n\t<meta name=\"twitter:data1\" content=\"2 minutos\" \/>\n<script type=\"application\/ld+json\" class=\"yoast-schema-graph\">{\"@context\":\"https:\/\/schema.org\",\"@graph\":[{\"@type\":\"WebPage\",\"@id\":\"https:\/\/hitmarkrobotics.com\/es\/acerca-de-nostros\/\",\"url\":\"https:\/\/hitmarkrobotics.com\/es\/acerca-de-nostros\/\",\"name\":\"Acerca de nosotros &#8211; Hitmark Robotics\",\"isPartOf\":{\"@id\":\"https:\/\/hitmarkrobotics.com\/es\/#website\"},\"datePublished\":\"2025-04-07T05:56:34+00:00\",\"dateModified\":\"2026-04-11T20:03:51+00:00\",\"description\":\"Nos especializamos en brindar soluciones \u00f3ptimas para la industria en el campo del pick&place, paletizado, despaletizado y mezcla &#8211; Acerca de nosotros &#8211; Hitmark Robotics\",\"breadcrumb\":{\"@id\":\"https:\/\/hitmarkrobotics.com\/es\/acerca-de-nostros\/#breadcrumb\"},\"inLanguage\":\"es\",\"potentialAction\":[{\"@type\":\"ReadAction\",\"target\":[\"https:\/\/hitmarkrobotics.com\/es\/acerca-de-nostros\/\"]}]},{\"@type\":\"BreadcrumbList\",\"@id\":\"https:\/\/hitmarkrobotics.com\/es\/acerca-de-nostros\/#breadcrumb\",\"itemListElement\":[{\"@type\":\"ListItem\",\"position\":1,\"name\":\"Home\",\"item\":\"https:\/\/hitmarkrobotics.com\/es\/\"},{\"@type\":\"ListItem\",\"position\":2,\"name\":\"Acerca de nosotros\"}]},{\"@type\":\"WebSite\",\"@id\":\"https:\/\/hitmarkrobotics.com\/es\/#website\",\"url\":\"https:\/\/hitmarkrobotics.com\/es\/\",\"name\":\"Hitmark Robotics\",\"description\":\"Dostawca rozwi\u0105za\u0144 automatyzacji dla przemys\u0142u\",\"publisher\":{\"@id\":\"https:\/\/hitmarkrobotics.com\/es\/#organization\"},\"potentialAction\":[{\"@type\":\"SearchAction\",\"target\":{\"@type\":\"EntryPoint\",\"urlTemplate\":\"https:\/\/hitmarkrobotics.com\/es\/?s={search_term_string}\"},\"query-input\":{\"@type\":\"PropertyValueSpecification\",\"valueRequired\":true,\"valueName\":\"search_term_string\"}}],\"inLanguage\":\"es\"},{\"@type\":\"Organization\",\"@id\":\"https:\/\/hitmarkrobotics.com\/es\/#organization\",\"name\":\"Hitmark Robotics\",\"url\":\"https:\/\/hitmarkrobotics.com\/es\/\",\"logo\":{\"@type\":\"ImageObject\",\"inLanguage\":\"es\",\"@id\":\"https:\/\/hitmarkrobotics.com\/es\/#\/schema\/logo\/image\/\",\"url\":\"https:\/\/hitmarkrobotics.com\/wp-content\/uploads\/hitmark-robotics-logo.png\",\"contentUrl\":\"https:\/\/hitmarkrobotics.com\/wp-content\/uploads\/hitmark-robotics-logo.png\",\"width\":736,\"height\":260,\"caption\":\"Hitmark Robotics\"},\"image\":{\"@id\":\"https:\/\/hitmarkrobotics.com\/es\/#\/schema\/logo\/image\/\"}}]}<\/script>\n<!-- \/ Yoast SEO plugin. -->","yoast_head_json":{"title":"Acerca de nosotros &#8211; Hitmark Robotics","description":"Nos especializamos en brindar soluciones \u00f3ptimas para la industria en el campo del pick&place, paletizado, despaletizado y mezcla &#8211; Acerca de nosotros &#8211; Hitmark Robotics","robots":{"index":"index","follow":"follow","max-snippet":"max-snippet:-1","max-image-preview":"max-image-preview:large","max-video-preview":"max-video-preview:-1"},"canonical":"https:\/\/hitmarkrobotics.com\/es\/acerca-de-nostros\/","og_locale":"es_ES","og_type":"article","og_title":"Acerca de nosotros &#8211; Hitmark Robotics","og_description":"Nos especializamos en brindar soluciones \u00f3ptimas para la industria en el campo del pick&place, paletizado, despaletizado y mezcla &#8211; Acerca de nosotros &#8211; Hitmark Robotics","og_url":"https:\/\/hitmarkrobotics.com\/es\/acerca-de-nostros\/","og_site_name":"Hitmark Robotics","article_modified_time":"2026-04-11T20:03:51+00:00","twitter_card":"summary_large_image","twitter_misc":{"Tiempo de lectura":"2 minutos"},"schema":{"@context":"https:\/\/schema.org","@graph":[{"@type":"WebPage","@id":"https:\/\/hitmarkrobotics.com\/es\/acerca-de-nostros\/","url":"https:\/\/hitmarkrobotics.com\/es\/acerca-de-nostros\/","name":"Acerca de nosotros &#8211; Hitmark Robotics","isPartOf":{"@id":"https:\/\/hitmarkrobotics.com\/es\/#website"},"datePublished":"2025-04-07T05:56:34+00:00","dateModified":"2026-04-11T20:03:51+00:00","description":"Nos especializamos en brindar soluciones \u00f3ptimas para la industria en el campo del pick&place, paletizado, despaletizado y mezcla &#8211; Acerca de nosotros &#8211; Hitmark Robotics","breadcrumb":{"@id":"https:\/\/hitmarkrobotics.com\/es\/acerca-de-nostros\/#breadcrumb"},"inLanguage":"es","potentialAction":[{"@type":"ReadAction","target":["https:\/\/hitmarkrobotics.com\/es\/acerca-de-nostros\/"]}]},{"@type":"BreadcrumbList","@id":"https:\/\/hitmarkrobotics.com\/es\/acerca-de-nostros\/#breadcrumb","itemListElement":[{"@type":"ListItem","position":1,"name":"Home","item":"https:\/\/hitmarkrobotics.com\/es\/"},{"@type":"ListItem","position":2,"name":"Acerca de nosotros"}]},{"@type":"WebSite","@id":"https:\/\/hitmarkrobotics.com\/es\/#website","url":"https:\/\/hitmarkrobotics.com\/es\/","name":"Hitmark Robotics","description":"Dostawca rozwi\u0105za\u0144 automatyzacji dla przemys\u0142u","publisher":{"@id":"https:\/\/hitmarkrobotics.com\/es\/#organization"},"potentialAction":[{"@type":"SearchAction","target":{"@type":"EntryPoint","urlTemplate":"https:\/\/hitmarkrobotics.com\/es\/?s={search_term_string}"},"query-input":{"@type":"PropertyValueSpecification","valueRequired":true,"valueName":"search_term_string"}}],"inLanguage":"es"},{"@type":"Organization","@id":"https:\/\/hitmarkrobotics.com\/es\/#organization","name":"Hitmark Robotics","url":"https:\/\/hitmarkrobotics.com\/es\/","logo":{"@type":"ImageObject","inLanguage":"es","@id":"https:\/\/hitmarkrobotics.com\/es\/#\/schema\/logo\/image\/","url":"https:\/\/hitmarkrobotics.com\/wp-content\/uploads\/hitmark-robotics-logo.png","contentUrl":"https:\/\/hitmarkrobotics.com\/wp-content\/uploads\/hitmark-robotics-logo.png","width":736,"height":260,"caption":"Hitmark Robotics"},"image":{"@id":"https:\/\/hitmarkrobotics.com\/es\/#\/schema\/logo\/image\/"}}]}},"_links":{"self":[{"href":"https:\/\/hitmarkrobotics.com\/es\/wp-json\/wp\/v2\/pages\/4680","targetHints":{"allow":["GET"]}}],"collection":[{"href":"https:\/\/hitmarkrobotics.com\/es\/wp-json\/wp\/v2\/pages"}],"about":[{"href":"https:\/\/hitmarkrobotics.com\/es\/wp-json\/wp\/v2\/types\/page"}],"author":[{"embeddable":true,"href":"https:\/\/hitmarkrobotics.com\/es\/wp-json\/wp\/v2\/users\/1"}],"replies":[{"embeddable":true,"href":"https:\/\/hitmarkrobotics.com\/es\/wp-json\/wp\/v2\/comments?post=4680"}],"version-history":[{"count":2,"href":"https:\/\/hitmarkrobotics.com\/es\/wp-json\/wp\/v2\/pages\/4680\/revisions"}],"predecessor-version":[{"id":6322,"href":"https:\/\/hitmarkrobotics.com\/es\/wp-json\/wp\/v2\/pages\/4680\/revisions\/6322"}],"wp:attachment":[{"href":"https:\/\/hitmarkrobotics.com\/es\/wp-json\/wp\/v2\/media?parent=4680"}],"curies":[{"name":"wp","href":"https:\/\/api.w.org\/{rel}","templated":true}]}}