{"id":4721,"date":"2023-10-10T18:53:59","date_gmt":"2023-10-10T18:53:59","guid":{"rendered":"https:\/\/hitmarkrobotics.com\/soluciones\/depaletyzacja\/"},"modified":"2025-06-20T10:23:22","modified_gmt":"2025-06-20T10:23:22","slug":"despaletizacion","status":"publish","type":"page","link":"https:\/\/hitmarkrobotics.com\/es\/soluciones\/despaletizacion\/","title":{"rendered":"Despaletizaci\u00f3n"},"content":{"rendered":"","protected":false},"excerpt":{"rendered":"","protected":false},"author":1,"featured_media":4723,"parent":4718,"menu_order":0,"comment_status":"closed","ping_status":"closed","template":"","meta":{"_acf_changed":false,"footnotes":""},"class_list":["post-4721","page","type-page","status-publish","has-post-thumbnail","hentry"],"acf":[],"yoast_head":"<!-- This site is optimized with the Yoast SEO plugin v27.0 - https:\/\/yoast.com\/product\/yoast-seo-wordpress\/ -->\n<title>Despaletizador, robot despaletizador, despaletizador profesional, \u00bfqu\u00e9 es? Tipos de despaletizadores &#8211; Hitmark Robotics<\/title>\n<meta name=\"robots\" content=\"index, follow, max-snippet:-1, max-image-preview:large, max-video-preview:-1\" \/>\n<link rel=\"canonical\" href=\"https:\/\/hitmarkrobotics.com\/es\/soluciones\/despaletizacion\/\" \/>\n<meta property=\"og:locale\" content=\"es_ES\" \/>\n<meta property=\"og:type\" content=\"article\" \/>\n<meta property=\"og:title\" content=\"Despaletizador, robot despaletizador, despaletizador profesional, \u00bfqu\u00e9 es? Tipos de despaletizadores &#8211; Hitmark Robotics\" \/>\n<meta property=\"og:url\" content=\"https:\/\/hitmarkrobotics.com\/es\/soluciones\/despaletizacion\/\" \/>\n<meta property=\"og:site_name\" content=\"Hitmark Robotics\" \/>\n<meta property=\"article:modified_time\" content=\"2025-06-20T10:23:22+00:00\" \/>\n<meta name=\"twitter:card\" content=\"summary_large_image\" \/>\n<meta name=\"twitter:label1\" content=\"Tiempo de lectura\" \/>\n\t<meta name=\"twitter:data1\" content=\"4 minutos\" \/>\n<script type=\"application\/ld+json\" class=\"yoast-schema-graph\">{\"@context\":\"https:\/\/schema.org\",\"@graph\":[{\"@type\":\"WebPage\",\"@id\":\"https:\/\/hitmarkrobotics.com\/es\/soluciones\/despaletizacion\/\",\"url\":\"https:\/\/hitmarkrobotics.com\/es\/soluciones\/despaletizacion\/\",\"name\":\"Despaletizador, robot despaletizador, despaletizador profesional, \u00bfqu\u00e9 es? Tipos de despaletizadores &#8211; Hitmark Robotics\",\"isPartOf\":{\"@id\":\"https:\/\/hitmarkrobotics.com\/es\/#website\"},\"primaryImageOfPage\":{\"@id\":\"https:\/\/hitmarkrobotics.com\/es\/soluciones\/despaletizacion\/#primaryimage\"},\"image\":{\"@id\":\"https:\/\/hitmarkrobotics.com\/es\/soluciones\/despaletizacion\/#primaryimage\"},\"thumbnailUrl\":\"https:\/\/hitmarkrobotics.com\/wp-content\/uploads\/036-conveyor.svg\",\"datePublished\":\"2023-10-10T18:53:59+00:00\",\"dateModified\":\"2025-06-20T10:23:22+00:00\",\"breadcrumb\":{\"@id\":\"https:\/\/hitmarkrobotics.com\/es\/soluciones\/despaletizacion\/#breadcrumb\"},\"inLanguage\":\"es\",\"potentialAction\":[{\"@type\":\"ReadAction\",\"target\":[\"https:\/\/hitmarkrobotics.com\/es\/soluciones\/despaletizacion\/\"]}]},{\"@type\":\"ImageObject\",\"inLanguage\":\"es\",\"@id\":\"https:\/\/hitmarkrobotics.com\/es\/soluciones\/despaletizacion\/#primaryimage\",\"url\":\"https:\/\/hitmarkrobotics.com\/wp-content\/uploads\/036-conveyor.svg\",\"contentUrl\":\"https:\/\/hitmarkrobotics.com\/wp-content\/uploads\/036-conveyor.svg\"},{\"@type\":\"BreadcrumbList\",\"@id\":\"https:\/\/hitmarkrobotics.com\/es\/soluciones\/despaletizacion\/#breadcrumb\",\"itemListElement\":[{\"@type\":\"ListItem\",\"position\":1,\"name\":\"Home\",\"item\":\"https:\/\/hitmarkrobotics.com\/es\/\"},{\"@type\":\"ListItem\",\"position\":2,\"name\":\"Soluciones\",\"item\":\"https:\/\/hitmarkrobotics.com\/es\/soluciones\/\"},{\"@type\":\"ListItem\",\"position\":3,\"name\":\"Despaletizaci\u00f3n\"}]},{\"@type\":\"WebSite\",\"@id\":\"https:\/\/hitmarkrobotics.com\/es\/#website\",\"url\":\"https:\/\/hitmarkrobotics.com\/es\/\",\"name\":\"Hitmark Robotics\",\"description\":\"Dostawca rozwi\u0105za\u0144 automatyzacji dla przemys\u0142u\",\"publisher\":{\"@id\":\"https:\/\/hitmarkrobotics.com\/es\/#organization\"},\"potentialAction\":[{\"@type\":\"SearchAction\",\"target\":{\"@type\":\"EntryPoint\",\"urlTemplate\":\"https:\/\/hitmarkrobotics.com\/es\/?s={search_term_string}\"},\"query-input\":{\"@type\":\"PropertyValueSpecification\",\"valueRequired\":true,\"valueName\":\"search_term_string\"}}],\"inLanguage\":\"es\"},{\"@type\":\"Organization\",\"@id\":\"https:\/\/hitmarkrobotics.com\/es\/#organization\",\"name\":\"Hitmark Robotics\",\"url\":\"https:\/\/hitmarkrobotics.com\/es\/\",\"logo\":{\"@type\":\"ImageObject\",\"inLanguage\":\"es\",\"@id\":\"https:\/\/hitmarkrobotics.com\/es\/#\/schema\/logo\/image\/\",\"url\":\"https:\/\/hitmarkrobotics.com\/wp-content\/uploads\/hitmark-robotics-logo.png\",\"contentUrl\":\"https:\/\/hitmarkrobotics.com\/wp-content\/uploads\/hitmark-robotics-logo.png\",\"width\":736,\"height\":260,\"caption\":\"Hitmark Robotics\"},\"image\":{\"@id\":\"https:\/\/hitmarkrobotics.com\/es\/#\/schema\/logo\/image\/\"}}]}<\/script>\n<!-- \/ Yoast SEO plugin. -->","yoast_head_json":{"title":"Despaletizador, robot despaletizador, despaletizador profesional, \u00bfqu\u00e9 es? Tipos de despaletizadores &#8211; Hitmark Robotics","robots":{"index":"index","follow":"follow","max-snippet":"max-snippet:-1","max-image-preview":"max-image-preview:large","max-video-preview":"max-video-preview:-1"},"canonical":"https:\/\/hitmarkrobotics.com\/es\/soluciones\/despaletizacion\/","og_locale":"es_ES","og_type":"article","og_title":"Despaletizador, robot despaletizador, despaletizador profesional, \u00bfqu\u00e9 es? Tipos de despaletizadores &#8211; Hitmark Robotics","og_url":"https:\/\/hitmarkrobotics.com\/es\/soluciones\/despaletizacion\/","og_site_name":"Hitmark Robotics","article_modified_time":"2025-06-20T10:23:22+00:00","twitter_card":"summary_large_image","twitter_misc":{"Tiempo de lectura":"4 minutos"},"schema":{"@context":"https:\/\/schema.org","@graph":[{"@type":"WebPage","@id":"https:\/\/hitmarkrobotics.com\/es\/soluciones\/despaletizacion\/","url":"https:\/\/hitmarkrobotics.com\/es\/soluciones\/despaletizacion\/","name":"Despaletizador, robot despaletizador, despaletizador profesional, \u00bfqu\u00e9 es? Tipos de despaletizadores &#8211; Hitmark Robotics","isPartOf":{"@id":"https:\/\/hitmarkrobotics.com\/es\/#website"},"primaryImageOfPage":{"@id":"https:\/\/hitmarkrobotics.com\/es\/soluciones\/despaletizacion\/#primaryimage"},"image":{"@id":"https:\/\/hitmarkrobotics.com\/es\/soluciones\/despaletizacion\/#primaryimage"},"thumbnailUrl":"https:\/\/hitmarkrobotics.com\/wp-content\/uploads\/036-conveyor.svg","datePublished":"2023-10-10T18:53:59+00:00","dateModified":"2025-06-20T10:23:22+00:00","breadcrumb":{"@id":"https:\/\/hitmarkrobotics.com\/es\/soluciones\/despaletizacion\/#breadcrumb"},"inLanguage":"es","potentialAction":[{"@type":"ReadAction","target":["https:\/\/hitmarkrobotics.com\/es\/soluciones\/despaletizacion\/"]}]},{"@type":"ImageObject","inLanguage":"es","@id":"https:\/\/hitmarkrobotics.com\/es\/soluciones\/despaletizacion\/#primaryimage","url":"https:\/\/hitmarkrobotics.com\/wp-content\/uploads\/036-conveyor.svg","contentUrl":"https:\/\/hitmarkrobotics.com\/wp-content\/uploads\/036-conveyor.svg"},{"@type":"BreadcrumbList","@id":"https:\/\/hitmarkrobotics.com\/es\/soluciones\/despaletizacion\/#breadcrumb","itemListElement":[{"@type":"ListItem","position":1,"name":"Home","item":"https:\/\/hitmarkrobotics.com\/es\/"},{"@type":"ListItem","position":2,"name":"Soluciones","item":"https:\/\/hitmarkrobotics.com\/es\/soluciones\/"},{"@type":"ListItem","position":3,"name":"Despaletizaci\u00f3n"}]},{"@type":"WebSite","@id":"https:\/\/hitmarkrobotics.com\/es\/#website","url":"https:\/\/hitmarkrobotics.com\/es\/","name":"Hitmark Robotics","description":"Dostawca rozwi\u0105za\u0144 automatyzacji dla przemys\u0142u","publisher":{"@id":"https:\/\/hitmarkrobotics.com\/es\/#organization"},"potentialAction":[{"@type":"SearchAction","target":{"@type":"EntryPoint","urlTemplate":"https:\/\/hitmarkrobotics.com\/es\/?s={search_term_string}"},"query-input":{"@type":"PropertyValueSpecification","valueRequired":true,"valueName":"search_term_string"}}],"inLanguage":"es"},{"@type":"Organization","@id":"https:\/\/hitmarkrobotics.com\/es\/#organization","name":"Hitmark Robotics","url":"https:\/\/hitmarkrobotics.com\/es\/","logo":{"@type":"ImageObject","inLanguage":"es","@id":"https:\/\/hitmarkrobotics.com\/es\/#\/schema\/logo\/image\/","url":"https:\/\/hitmarkrobotics.com\/wp-content\/uploads\/hitmark-robotics-logo.png","contentUrl":"https:\/\/hitmarkrobotics.com\/wp-content\/uploads\/hitmark-robotics-logo.png","width":736,"height":260,"caption":"Hitmark Robotics"},"image":{"@id":"https:\/\/hitmarkrobotics.com\/es\/#\/schema\/logo\/image\/"}}]}},"_links":{"self":[{"href":"https:\/\/hitmarkrobotics.com\/es\/wp-json\/wp\/v2\/pages\/4721","targetHints":{"allow":["GET"]}}],"collection":[{"href":"https:\/\/hitmarkrobotics.com\/es\/wp-json\/wp\/v2\/pages"}],"about":[{"href":"https:\/\/hitmarkrobotics.com\/es\/wp-json\/wp\/v2\/types\/page"}],"author":[{"embeddable":true,"href":"https:\/\/hitmarkrobotics.com\/es\/wp-json\/wp\/v2\/users\/1"}],"replies":[{"embeddable":true,"href":"https:\/\/hitmarkrobotics.com\/es\/wp-json\/wp\/v2\/comments?post=4721"}],"version-history":[{"count":1,"href":"https:\/\/hitmarkrobotics.com\/es\/wp-json\/wp\/v2\/pages\/4721\/revisions"}],"predecessor-version":[{"id":4727,"href":"https:\/\/hitmarkrobotics.com\/es\/wp-json\/wp\/v2\/pages\/4721\/revisions\/4727"}],"up":[{"embeddable":true,"href":"https:\/\/hitmarkrobotics.com\/es\/wp-json\/wp\/v2\/pages\/4718"}],"wp:featuredmedia":[{"embeddable":true,"href":"https:\/\/hitmarkrobotics.com\/es\/wp-json\/wp\/v2\/media\/4723"}],"wp:attachment":[{"href":"https:\/\/hitmarkrobotics.com\/es\/wp-json\/wp\/v2\/media?parent=4721"}],"curies":[{"name":"wp","href":"https:\/\/api.w.org\/{rel}","templated":true}]}}