{"id":4743,"date":"2023-10-10T19:00:43","date_gmt":"2023-10-10T19:00:43","guid":{"rendered":"https:\/\/hitmarkrobotics.com\/soluciones\/obsluga-linii-maszyn-wtryskarki-cnc\/"},"modified":"2026-04-11T20:07:26","modified_gmt":"2026-04-11T20:07:26","slug":"operacion-de-linea-maquina-maquinas-de-moldeo-por-inyeccion-cnc","status":"publish","type":"page","link":"https:\/\/hitmarkrobotics.com\/es\/soluciones\/operacion-de-linea-maquina-maquinas-de-moldeo-por-inyeccion-cnc\/","title":{"rendered":"Operaci\u00f3n de l\u00ednea\/m\u00e1quina: m\u00e1quinas de moldeo por inyecci\u00f3n, CNC"},"content":{"rendered":"","protected":false},"excerpt":{"rendered":"","protected":false},"author":1,"featured_media":4745,"parent":4718,"menu_order":0,"comment_status":"closed","ping_status":"closed","template":"","meta":{"_acf_changed":false,"footnotes":""},"class_list":["post-4743","page","type-page","status-publish","has-post-thumbnail","hentry"],"acf":[],"yoast_head":"<!-- This site is optimized with the Yoast SEO plugin v27.0 - https:\/\/yoast.com\/product\/yoast-seo-wordpress\/ -->\n<title>Integraci\u00f3n de sistemas de automatizaci\u00f3n y robots industriales &#8211; Hitmark Robotics<\/title>\n<meta name=\"description\" content=\"Nos especializamos en brindar soluciones \u00f3ptimas para la industria en el campo del pick&amp;place, paletizado, despaletizado y mezcla &#8211; Operaci\u00f3n de l\u00ednea\/m\u00e1quina: m\u00e1quinas de moldeo por inyecci\u00f3n, CNC &#8211; Hitmark Robotics\" \/>\n<meta name=\"robots\" content=\"index, follow, max-snippet:-1, max-image-preview:large, max-video-preview:-1\" \/>\n<link rel=\"canonical\" href=\"https:\/\/hitmarkrobotics.com\/es\/soluciones\/operacion-de-linea-maquina-maquinas-de-moldeo-por-inyeccion-cnc\/\" \/>\n<meta property=\"og:locale\" content=\"es_ES\" \/>\n<meta property=\"og:type\" content=\"article\" \/>\n<meta property=\"og:title\" content=\"Integraci\u00f3n de sistemas de automatizaci\u00f3n y robots industriales &#8211; Hitmark Robotics\" \/>\n<meta property=\"og:description\" content=\"Nos especializamos en brindar soluciones \u00f3ptimas para la industria en el campo del pick&amp;place, paletizado, despaletizado y mezcla &#8211; Operaci\u00f3n de l\u00ednea\/m\u00e1quina: m\u00e1quinas de moldeo por inyecci\u00f3n, CNC &#8211; Hitmark Robotics\" \/>\n<meta property=\"og:url\" content=\"https:\/\/hitmarkrobotics.com\/es\/soluciones\/operacion-de-linea-maquina-maquinas-de-moldeo-por-inyeccion-cnc\/\" \/>\n<meta property=\"og:site_name\" content=\"Hitmark Robotics\" \/>\n<meta property=\"article:modified_time\" content=\"2026-04-11T20:07:26+00:00\" \/>\n<meta name=\"twitter:card\" content=\"summary_large_image\" \/>\n<meta name=\"twitter:label1\" content=\"Tiempo de lectura\" \/>\n\t<meta name=\"twitter:data1\" content=\"5 minutos\" \/>\n<script type=\"application\/ld+json\" class=\"yoast-schema-graph\">{\"@context\":\"https:\/\/schema.org\",\"@graph\":[{\"@type\":\"WebPage\",\"@id\":\"https:\/\/hitmarkrobotics.com\/es\/soluciones\/operacion-de-linea-maquina-maquinas-de-moldeo-por-inyeccion-cnc\/\",\"url\":\"https:\/\/hitmarkrobotics.com\/es\/soluciones\/operacion-de-linea-maquina-maquinas-de-moldeo-por-inyeccion-cnc\/\",\"name\":\"Integraci\u00f3n de sistemas de automatizaci\u00f3n y robots industriales &#8211; Hitmark Robotics\",\"isPartOf\":{\"@id\":\"https:\/\/hitmarkrobotics.com\/es\/#website\"},\"primaryImageOfPage\":{\"@id\":\"https:\/\/hitmarkrobotics.com\/es\/soluciones\/operacion-de-linea-maquina-maquinas-de-moldeo-por-inyeccion-cnc\/#primaryimage\"},\"image\":{\"@id\":\"https:\/\/hitmarkrobotics.com\/es\/soluciones\/operacion-de-linea-maquina-maquinas-de-moldeo-por-inyeccion-cnc\/#primaryimage\"},\"thumbnailUrl\":\"https:\/\/hitmarkrobotics.com\/wp-content\/uploads\/001-conveyor-2.svg\",\"datePublished\":\"2023-10-10T19:00:43+00:00\",\"dateModified\":\"2026-04-11T20:07:26+00:00\",\"description\":\"Nos especializamos en brindar soluciones \u00f3ptimas para la industria en el campo del pick&place, paletizado, despaletizado y mezcla &#8211; Operaci\u00f3n de l\u00ednea\/m\u00e1quina: m\u00e1quinas de moldeo por inyecci\u00f3n, CNC &#8211; Hitmark Robotics\",\"breadcrumb\":{\"@id\":\"https:\/\/hitmarkrobotics.com\/es\/soluciones\/operacion-de-linea-maquina-maquinas-de-moldeo-por-inyeccion-cnc\/#breadcrumb\"},\"inLanguage\":\"es\",\"potentialAction\":[{\"@type\":\"ReadAction\",\"target\":[\"https:\/\/hitmarkrobotics.com\/es\/soluciones\/operacion-de-linea-maquina-maquinas-de-moldeo-por-inyeccion-cnc\/\"]}]},{\"@type\":\"ImageObject\",\"inLanguage\":\"es\",\"@id\":\"https:\/\/hitmarkrobotics.com\/es\/soluciones\/operacion-de-linea-maquina-maquinas-de-moldeo-por-inyeccion-cnc\/#primaryimage\",\"url\":\"https:\/\/hitmarkrobotics.com\/wp-content\/uploads\/001-conveyor-2.svg\",\"contentUrl\":\"https:\/\/hitmarkrobotics.com\/wp-content\/uploads\/001-conveyor-2.svg\"},{\"@type\":\"BreadcrumbList\",\"@id\":\"https:\/\/hitmarkrobotics.com\/es\/soluciones\/operacion-de-linea-maquina-maquinas-de-moldeo-por-inyeccion-cnc\/#breadcrumb\",\"itemListElement\":[{\"@type\":\"ListItem\",\"position\":1,\"name\":\"Home\",\"item\":\"https:\/\/hitmarkrobotics.com\/es\/\"},{\"@type\":\"ListItem\",\"position\":2,\"name\":\"Soluciones\",\"item\":\"https:\/\/hitmarkrobotics.com\/es\/soluciones\/\"},{\"@type\":\"ListItem\",\"position\":3,\"name\":\"Operaci\u00f3n de l\u00ednea\/m\u00e1quina: m\u00e1quinas de moldeo por inyecci\u00f3n, CNC\"}]},{\"@type\":\"WebSite\",\"@id\":\"https:\/\/hitmarkrobotics.com\/es\/#website\",\"url\":\"https:\/\/hitmarkrobotics.com\/es\/\",\"name\":\"Hitmark Robotics\",\"description\":\"Dostawca rozwi\u0105za\u0144 automatyzacji dla przemys\u0142u\",\"publisher\":{\"@id\":\"https:\/\/hitmarkrobotics.com\/es\/#organization\"},\"potentialAction\":[{\"@type\":\"SearchAction\",\"target\":{\"@type\":\"EntryPoint\",\"urlTemplate\":\"https:\/\/hitmarkrobotics.com\/es\/?s={search_term_string}\"},\"query-input\":{\"@type\":\"PropertyValueSpecification\",\"valueRequired\":true,\"valueName\":\"search_term_string\"}}],\"inLanguage\":\"es\"},{\"@type\":\"Organization\",\"@id\":\"https:\/\/hitmarkrobotics.com\/es\/#organization\",\"name\":\"Hitmark Robotics\",\"url\":\"https:\/\/hitmarkrobotics.com\/es\/\",\"logo\":{\"@type\":\"ImageObject\",\"inLanguage\":\"es\",\"@id\":\"https:\/\/hitmarkrobotics.com\/es\/#\/schema\/logo\/image\/\",\"url\":\"https:\/\/hitmarkrobotics.com\/wp-content\/uploads\/hitmark-robotics-logo.png\",\"contentUrl\":\"https:\/\/hitmarkrobotics.com\/wp-content\/uploads\/hitmark-robotics-logo.png\",\"width\":736,\"height\":260,\"caption\":\"Hitmark Robotics\"},\"image\":{\"@id\":\"https:\/\/hitmarkrobotics.com\/es\/#\/schema\/logo\/image\/\"}}]}<\/script>\n<!-- \/ Yoast SEO plugin. -->","yoast_head_json":{"title":"Integraci\u00f3n de sistemas de automatizaci\u00f3n y robots industriales &#8211; Hitmark Robotics","description":"Nos especializamos en brindar soluciones \u00f3ptimas para la industria en el campo del pick&place, paletizado, despaletizado y mezcla &#8211; Operaci\u00f3n de l\u00ednea\/m\u00e1quina: m\u00e1quinas de moldeo por inyecci\u00f3n, CNC &#8211; Hitmark Robotics","robots":{"index":"index","follow":"follow","max-snippet":"max-snippet:-1","max-image-preview":"max-image-preview:large","max-video-preview":"max-video-preview:-1"},"canonical":"https:\/\/hitmarkrobotics.com\/es\/soluciones\/operacion-de-linea-maquina-maquinas-de-moldeo-por-inyeccion-cnc\/","og_locale":"es_ES","og_type":"article","og_title":"Integraci\u00f3n de sistemas de automatizaci\u00f3n y robots industriales &#8211; Hitmark Robotics","og_description":"Nos especializamos en brindar soluciones \u00f3ptimas para la industria en el campo del pick&place, paletizado, despaletizado y mezcla &#8211; Operaci\u00f3n de l\u00ednea\/m\u00e1quina: m\u00e1quinas de moldeo por inyecci\u00f3n, CNC &#8211; Hitmark Robotics","og_url":"https:\/\/hitmarkrobotics.com\/es\/soluciones\/operacion-de-linea-maquina-maquinas-de-moldeo-por-inyeccion-cnc\/","og_site_name":"Hitmark Robotics","article_modified_time":"2026-04-11T20:07:26+00:00","twitter_card":"summary_large_image","twitter_misc":{"Tiempo de lectura":"5 minutos"},"schema":{"@context":"https:\/\/schema.org","@graph":[{"@type":"WebPage","@id":"https:\/\/hitmarkrobotics.com\/es\/soluciones\/operacion-de-linea-maquina-maquinas-de-moldeo-por-inyeccion-cnc\/","url":"https:\/\/hitmarkrobotics.com\/es\/soluciones\/operacion-de-linea-maquina-maquinas-de-moldeo-por-inyeccion-cnc\/","name":"Integraci\u00f3n de sistemas de automatizaci\u00f3n y robots industriales &#8211; Hitmark Robotics","isPartOf":{"@id":"https:\/\/hitmarkrobotics.com\/es\/#website"},"primaryImageOfPage":{"@id":"https:\/\/hitmarkrobotics.com\/es\/soluciones\/operacion-de-linea-maquina-maquinas-de-moldeo-por-inyeccion-cnc\/#primaryimage"},"image":{"@id":"https:\/\/hitmarkrobotics.com\/es\/soluciones\/operacion-de-linea-maquina-maquinas-de-moldeo-por-inyeccion-cnc\/#primaryimage"},"thumbnailUrl":"https:\/\/hitmarkrobotics.com\/wp-content\/uploads\/001-conveyor-2.svg","datePublished":"2023-10-10T19:00:43+00:00","dateModified":"2026-04-11T20:07:26+00:00","description":"Nos especializamos en brindar soluciones \u00f3ptimas para la industria en el campo del pick&place, paletizado, despaletizado y mezcla &#8211; Operaci\u00f3n de l\u00ednea\/m\u00e1quina: m\u00e1quinas de moldeo por inyecci\u00f3n, CNC &#8211; Hitmark Robotics","breadcrumb":{"@id":"https:\/\/hitmarkrobotics.com\/es\/soluciones\/operacion-de-linea-maquina-maquinas-de-moldeo-por-inyeccion-cnc\/#breadcrumb"},"inLanguage":"es","potentialAction":[{"@type":"ReadAction","target":["https:\/\/hitmarkrobotics.com\/es\/soluciones\/operacion-de-linea-maquina-maquinas-de-moldeo-por-inyeccion-cnc\/"]}]},{"@type":"ImageObject","inLanguage":"es","@id":"https:\/\/hitmarkrobotics.com\/es\/soluciones\/operacion-de-linea-maquina-maquinas-de-moldeo-por-inyeccion-cnc\/#primaryimage","url":"https:\/\/hitmarkrobotics.com\/wp-content\/uploads\/001-conveyor-2.svg","contentUrl":"https:\/\/hitmarkrobotics.com\/wp-content\/uploads\/001-conveyor-2.svg"},{"@type":"BreadcrumbList","@id":"https:\/\/hitmarkrobotics.com\/es\/soluciones\/operacion-de-linea-maquina-maquinas-de-moldeo-por-inyeccion-cnc\/#breadcrumb","itemListElement":[{"@type":"ListItem","position":1,"name":"Home","item":"https:\/\/hitmarkrobotics.com\/es\/"},{"@type":"ListItem","position":2,"name":"Soluciones","item":"https:\/\/hitmarkrobotics.com\/es\/soluciones\/"},{"@type":"ListItem","position":3,"name":"Operaci\u00f3n de l\u00ednea\/m\u00e1quina: m\u00e1quinas de moldeo por inyecci\u00f3n, CNC"}]},{"@type":"WebSite","@id":"https:\/\/hitmarkrobotics.com\/es\/#website","url":"https:\/\/hitmarkrobotics.com\/es\/","name":"Hitmark Robotics","description":"Dostawca rozwi\u0105za\u0144 automatyzacji dla przemys\u0142u","publisher":{"@id":"https:\/\/hitmarkrobotics.com\/es\/#organization"},"potentialAction":[{"@type":"SearchAction","target":{"@type":"EntryPoint","urlTemplate":"https:\/\/hitmarkrobotics.com\/es\/?s={search_term_string}"},"query-input":{"@type":"PropertyValueSpecification","valueRequired":true,"valueName":"search_term_string"}}],"inLanguage":"es"},{"@type":"Organization","@id":"https:\/\/hitmarkrobotics.com\/es\/#organization","name":"Hitmark Robotics","url":"https:\/\/hitmarkrobotics.com\/es\/","logo":{"@type":"ImageObject","inLanguage":"es","@id":"https:\/\/hitmarkrobotics.com\/es\/#\/schema\/logo\/image\/","url":"https:\/\/hitmarkrobotics.com\/wp-content\/uploads\/hitmark-robotics-logo.png","contentUrl":"https:\/\/hitmarkrobotics.com\/wp-content\/uploads\/hitmark-robotics-logo.png","width":736,"height":260,"caption":"Hitmark Robotics"},"image":{"@id":"https:\/\/hitmarkrobotics.com\/es\/#\/schema\/logo\/image\/"}}]}},"_links":{"self":[{"href":"https:\/\/hitmarkrobotics.com\/es\/wp-json\/wp\/v2\/pages\/4743","targetHints":{"allow":["GET"]}}],"collection":[{"href":"https:\/\/hitmarkrobotics.com\/es\/wp-json\/wp\/v2\/pages"}],"about":[{"href":"https:\/\/hitmarkrobotics.com\/es\/wp-json\/wp\/v2\/types\/page"}],"author":[{"embeddable":true,"href":"https:\/\/hitmarkrobotics.com\/es\/wp-json\/wp\/v2\/users\/1"}],"replies":[{"embeddable":true,"href":"https:\/\/hitmarkrobotics.com\/es\/wp-json\/wp\/v2\/comments?post=4743"}],"version-history":[{"count":2,"href":"https:\/\/hitmarkrobotics.com\/es\/wp-json\/wp\/v2\/pages\/4743\/revisions"}],"predecessor-version":[{"id":4753,"href":"https:\/\/hitmarkrobotics.com\/es\/wp-json\/wp\/v2\/pages\/4743\/revisions\/4753"}],"up":[{"embeddable":true,"href":"https:\/\/hitmarkrobotics.com\/es\/wp-json\/wp\/v2\/pages\/4718"}],"wp:featuredmedia":[{"embeddable":true,"href":"https:\/\/hitmarkrobotics.com\/es\/wp-json\/wp\/v2\/media\/4745"}],"wp:attachment":[{"href":"https:\/\/hitmarkrobotics.com\/es\/wp-json\/wp\/v2\/media?parent=4743"}],"curies":[{"name":"wp","href":"https:\/\/api.w.org\/{rel}","templated":true}]}}