{"id":5222,"date":"2025-07-17T06:34:18","date_gmt":"2025-07-17T06:34:18","guid":{"rendered":"https:\/\/hitmarkrobotics.com\/?page_id=5222"},"modified":"2025-07-22T10:46:05","modified_gmt":"2025-07-22T10:46:05","slug":"robots-industriales","status":"publish","type":"page","link":"https:\/\/hitmarkrobotics.com\/es\/robots-industriales\/","title":{"rendered":"Robots industriales"},"content":{"rendered":"","protected":false},"excerpt":{"rendered":"","protected":false},"author":1,"featured_media":5235,"parent":0,"menu_order":0,"comment_status":"closed","ping_status":"closed","template":"","meta":{"_acf_changed":false,"footnotes":""},"class_list":["post-5222","page","type-page","status-publish","has-post-thumbnail","hentry"],"acf":[],"yoast_head":"<!-- This site is optimized with the Yoast SEO plugin v27.0 - https:\/\/yoast.com\/product\/yoast-seo-wordpress\/ -->\n<title>Robots industriales \u2013 integraci\u00f3n del robot industrial en la producci\u00f3n &#8211; Hitmark Robotics<\/title>\n<meta name=\"robots\" content=\"index, follow, max-snippet:-1, max-image-preview:large, max-video-preview:-1\" \/>\n<link rel=\"canonical\" href=\"https:\/\/hitmarkrobotics.com\/es\/robots-industriales\/\" \/>\n<meta property=\"og:locale\" content=\"es_ES\" \/>\n<meta property=\"og:type\" content=\"article\" \/>\n<meta property=\"og:title\" content=\"Robots industriales \u2013 integraci\u00f3n del robot industrial en la producci\u00f3n &#8211; Hitmark Robotics\" \/>\n<meta property=\"og:url\" content=\"https:\/\/hitmarkrobotics.com\/es\/robots-industriales\/\" \/>\n<meta property=\"og:site_name\" content=\"Hitmark Robotics\" \/>\n<meta property=\"article:modified_time\" content=\"2025-07-22T10:46:05+00:00\" \/>\n<meta property=\"og:image\" content=\"https:\/\/hitmarkrobotics.com\/wp-content\/uploads\/mini_hitmark_Monika_Stachura_2024_06_001-scaled.jpg\" \/>\n\t<meta property=\"og:image:width\" content=\"2560\" \/>\n\t<meta property=\"og:image:height\" content=\"1920\" \/>\n\t<meta property=\"og:image:type\" content=\"image\/jpeg\" \/>\n<meta name=\"twitter:card\" content=\"summary_large_image\" \/>\n<meta name=\"twitter:label1\" content=\"Tiempo de lectura\" \/>\n\t<meta name=\"twitter:data1\" content=\"10 minutos\" \/>\n<script type=\"application\/ld+json\" class=\"yoast-schema-graph\">{\"@context\":\"https:\/\/schema.org\",\"@graph\":[{\"@type\":\"WebPage\",\"@id\":\"https:\/\/hitmarkrobotics.com\/es\/robots-industriales\/\",\"url\":\"https:\/\/hitmarkrobotics.com\/es\/robots-industriales\/\",\"name\":\"Robots industriales \u2013 integraci\u00f3n del robot industrial en la producci\u00f3n &#8211; Hitmark Robotics\",\"isPartOf\":{\"@id\":\"https:\/\/hitmarkrobotics.com\/es\/#website\"},\"primaryImageOfPage\":{\"@id\":\"https:\/\/hitmarkrobotics.com\/es\/robots-industriales\/#primaryimage\"},\"image\":{\"@id\":\"https:\/\/hitmarkrobotics.com\/es\/robots-industriales\/#primaryimage\"},\"thumbnailUrl\":\"https:\/\/hitmarkrobotics.com\/wp-content\/uploads\/mini_hitmark_Monika_Stachura_2024_06_001-scaled.jpg\",\"datePublished\":\"2025-07-17T06:34:18+00:00\",\"dateModified\":\"2025-07-22T10:46:05+00:00\",\"breadcrumb\":{\"@id\":\"https:\/\/hitmarkrobotics.com\/es\/robots-industriales\/#breadcrumb\"},\"inLanguage\":\"es\",\"potentialAction\":[{\"@type\":\"ReadAction\",\"target\":[\"https:\/\/hitmarkrobotics.com\/es\/robots-industriales\/\"]}]},{\"@type\":\"ImageObject\",\"inLanguage\":\"es\",\"@id\":\"https:\/\/hitmarkrobotics.com\/es\/robots-industriales\/#primaryimage\",\"url\":\"https:\/\/hitmarkrobotics.com\/wp-content\/uploads\/mini_hitmark_Monika_Stachura_2024_06_001-scaled.jpg\",\"contentUrl\":\"https:\/\/hitmarkrobotics.com\/wp-content\/uploads\/mini_hitmark_Monika_Stachura_2024_06_001-scaled.jpg\",\"width\":2560,\"height\":1920,\"caption\":\"Roboty przemys\u0142owe Hirmatk Robotics\"},{\"@type\":\"BreadcrumbList\",\"@id\":\"https:\/\/hitmarkrobotics.com\/es\/robots-industriales\/#breadcrumb\",\"itemListElement\":[{\"@type\":\"ListItem\",\"position\":1,\"name\":\"Home\",\"item\":\"https:\/\/hitmarkrobotics.com\/es\/\"},{\"@type\":\"ListItem\",\"position\":2,\"name\":\"Robots industriales\"}]},{\"@type\":\"WebSite\",\"@id\":\"https:\/\/hitmarkrobotics.com\/es\/#website\",\"url\":\"https:\/\/hitmarkrobotics.com\/es\/\",\"name\":\"Hitmark Robotics\",\"description\":\"Dostawca rozwi\u0105za\u0144 automatyzacji dla przemys\u0142u\",\"publisher\":{\"@id\":\"https:\/\/hitmarkrobotics.com\/es\/#organization\"},\"potentialAction\":[{\"@type\":\"SearchAction\",\"target\":{\"@type\":\"EntryPoint\",\"urlTemplate\":\"https:\/\/hitmarkrobotics.com\/es\/?s={search_term_string}\"},\"query-input\":{\"@type\":\"PropertyValueSpecification\",\"valueRequired\":true,\"valueName\":\"search_term_string\"}}],\"inLanguage\":\"es\"},{\"@type\":\"Organization\",\"@id\":\"https:\/\/hitmarkrobotics.com\/es\/#organization\",\"name\":\"Hitmark Robotics\",\"url\":\"https:\/\/hitmarkrobotics.com\/es\/\",\"logo\":{\"@type\":\"ImageObject\",\"inLanguage\":\"es\",\"@id\":\"https:\/\/hitmarkrobotics.com\/es\/#\/schema\/logo\/image\/\",\"url\":\"https:\/\/hitmarkrobotics.com\/wp-content\/uploads\/hitmark-robotics-logo.png\",\"contentUrl\":\"https:\/\/hitmarkrobotics.com\/wp-content\/uploads\/hitmark-robotics-logo.png\",\"width\":736,\"height\":260,\"caption\":\"Hitmark Robotics\"},\"image\":{\"@id\":\"https:\/\/hitmarkrobotics.com\/es\/#\/schema\/logo\/image\/\"}}]}<\/script>\n<!-- \/ Yoast SEO plugin. -->","yoast_head_json":{"title":"Robots industriales \u2013 integraci\u00f3n del robot industrial en la producci\u00f3n &#8211; Hitmark Robotics","robots":{"index":"index","follow":"follow","max-snippet":"max-snippet:-1","max-image-preview":"max-image-preview:large","max-video-preview":"max-video-preview:-1"},"canonical":"https:\/\/hitmarkrobotics.com\/es\/robots-industriales\/","og_locale":"es_ES","og_type":"article","og_title":"Robots industriales \u2013 integraci\u00f3n del robot industrial en la producci\u00f3n &#8211; Hitmark Robotics","og_url":"https:\/\/hitmarkrobotics.com\/es\/robots-industriales\/","og_site_name":"Hitmark Robotics","article_modified_time":"2025-07-22T10:46:05+00:00","og_image":[{"width":2560,"height":1920,"url":"https:\/\/hitmarkrobotics.com\/wp-content\/uploads\/mini_hitmark_Monika_Stachura_2024_06_001-scaled.jpg","type":"image\/jpeg"}],"twitter_card":"summary_large_image","twitter_misc":{"Tiempo de lectura":"10 minutos"},"schema":{"@context":"https:\/\/schema.org","@graph":[{"@type":"WebPage","@id":"https:\/\/hitmarkrobotics.com\/es\/robots-industriales\/","url":"https:\/\/hitmarkrobotics.com\/es\/robots-industriales\/","name":"Robots industriales \u2013 integraci\u00f3n del robot industrial en la producci\u00f3n &#8211; Hitmark Robotics","isPartOf":{"@id":"https:\/\/hitmarkrobotics.com\/es\/#website"},"primaryImageOfPage":{"@id":"https:\/\/hitmarkrobotics.com\/es\/robots-industriales\/#primaryimage"},"image":{"@id":"https:\/\/hitmarkrobotics.com\/es\/robots-industriales\/#primaryimage"},"thumbnailUrl":"https:\/\/hitmarkrobotics.com\/wp-content\/uploads\/mini_hitmark_Monika_Stachura_2024_06_001-scaled.jpg","datePublished":"2025-07-17T06:34:18+00:00","dateModified":"2025-07-22T10:46:05+00:00","breadcrumb":{"@id":"https:\/\/hitmarkrobotics.com\/es\/robots-industriales\/#breadcrumb"},"inLanguage":"es","potentialAction":[{"@type":"ReadAction","target":["https:\/\/hitmarkrobotics.com\/es\/robots-industriales\/"]}]},{"@type":"ImageObject","inLanguage":"es","@id":"https:\/\/hitmarkrobotics.com\/es\/robots-industriales\/#primaryimage","url":"https:\/\/hitmarkrobotics.com\/wp-content\/uploads\/mini_hitmark_Monika_Stachura_2024_06_001-scaled.jpg","contentUrl":"https:\/\/hitmarkrobotics.com\/wp-content\/uploads\/mini_hitmark_Monika_Stachura_2024_06_001-scaled.jpg","width":2560,"height":1920,"caption":"Roboty przemys\u0142owe Hirmatk Robotics"},{"@type":"BreadcrumbList","@id":"https:\/\/hitmarkrobotics.com\/es\/robots-industriales\/#breadcrumb","itemListElement":[{"@type":"ListItem","position":1,"name":"Home","item":"https:\/\/hitmarkrobotics.com\/es\/"},{"@type":"ListItem","position":2,"name":"Robots industriales"}]},{"@type":"WebSite","@id":"https:\/\/hitmarkrobotics.com\/es\/#website","url":"https:\/\/hitmarkrobotics.com\/es\/","name":"Hitmark Robotics","description":"Dostawca rozwi\u0105za\u0144 automatyzacji dla przemys\u0142u","publisher":{"@id":"https:\/\/hitmarkrobotics.com\/es\/#organization"},"potentialAction":[{"@type":"SearchAction","target":{"@type":"EntryPoint","urlTemplate":"https:\/\/hitmarkrobotics.com\/es\/?s={search_term_string}"},"query-input":{"@type":"PropertyValueSpecification","valueRequired":true,"valueName":"search_term_string"}}],"inLanguage":"es"},{"@type":"Organization","@id":"https:\/\/hitmarkrobotics.com\/es\/#organization","name":"Hitmark Robotics","url":"https:\/\/hitmarkrobotics.com\/es\/","logo":{"@type":"ImageObject","inLanguage":"es","@id":"https:\/\/hitmarkrobotics.com\/es\/#\/schema\/logo\/image\/","url":"https:\/\/hitmarkrobotics.com\/wp-content\/uploads\/hitmark-robotics-logo.png","contentUrl":"https:\/\/hitmarkrobotics.com\/wp-content\/uploads\/hitmark-robotics-logo.png","width":736,"height":260,"caption":"Hitmark Robotics"},"image":{"@id":"https:\/\/hitmarkrobotics.com\/es\/#\/schema\/logo\/image\/"}}]}},"_links":{"self":[{"href":"https:\/\/hitmarkrobotics.com\/es\/wp-json\/wp\/v2\/pages\/5222","targetHints":{"allow":["GET"]}}],"collection":[{"href":"https:\/\/hitmarkrobotics.com\/es\/wp-json\/wp\/v2\/pages"}],"about":[{"href":"https:\/\/hitmarkrobotics.com\/es\/wp-json\/wp\/v2\/types\/page"}],"author":[{"embeddable":true,"href":"https:\/\/hitmarkrobotics.com\/es\/wp-json\/wp\/v2\/users\/1"}],"replies":[{"embeddable":true,"href":"https:\/\/hitmarkrobotics.com\/es\/wp-json\/wp\/v2\/comments?post=5222"}],"version-history":[{"count":3,"href":"https:\/\/hitmarkrobotics.com\/es\/wp-json\/wp\/v2\/pages\/5222\/revisions"}],"predecessor-version":[{"id":5293,"href":"https:\/\/hitmarkrobotics.com\/es\/wp-json\/wp\/v2\/pages\/5222\/revisions\/5293"}],"wp:featuredmedia":[{"embeddable":true,"href":"https:\/\/hitmarkrobotics.com\/es\/wp-json\/wp\/v2\/media\/5235"}],"wp:attachment":[{"href":"https:\/\/hitmarkrobotics.com\/es\/wp-json\/wp\/v2\/media?parent=5222"}],"curies":[{"name":"wp","href":"https:\/\/api.w.org\/{rel}","templated":true}]}}