{"id":5559,"date":"2025-09-16T08:08:52","date_gmt":"2025-09-16T08:08:52","guid":{"rendered":"https:\/\/hitmarkrobotics.com\/?page_id=5559"},"modified":"2025-11-04T08:32:14","modified_gmt":"2025-11-04T08:32:14","slug":"cobot","status":"publish","type":"page","link":"https:\/\/hitmarkrobotics.com\/es\/cobot\/","title":{"rendered":"Cobot"},"content":{"rendered":"","protected":false},"excerpt":{"rendered":"","protected":false},"author":1,"featured_media":5565,"parent":0,"menu_order":0,"comment_status":"closed","ping_status":"closed","template":"","meta":{"_acf_changed":false,"footnotes":""},"class_list":["post-5559","page","type-page","status-publish","has-post-thumbnail","hentry"],"acf":[],"yoast_head":"<!-- This site is optimized with the Yoast SEO plugin v27.0 - https:\/\/yoast.com\/product\/yoast-seo-wordpress\/ -->\n<title>Cobots: robots industriales que colaboran con los humanos &#8211; Hitmark Robotics<\/title>\n<meta name=\"description\" content=\"COOTY es un robot colaborativo flexible, seguro y f\u00e1cil de programar. Ideal para pick&amp;place, paletizado y automatizaci\u00f3n industrial. Desc\u00fabrelo con HITMARK ROBOTICS\" \/>\n<meta name=\"robots\" content=\"index, follow, max-snippet:-1, max-image-preview:large, max-video-preview:-1\" \/>\n<link rel=\"canonical\" href=\"https:\/\/hitmarkrobotics.com\/es\/cobot\/\" \/>\n<meta property=\"og:locale\" content=\"es_ES\" \/>\n<meta property=\"og:type\" content=\"article\" \/>\n<meta property=\"og:title\" content=\"Cobots: robots industriales que colaboran con los humanos &#8211; Hitmark Robotics\" \/>\n<meta property=\"og:description\" content=\"COOTY es un robot colaborativo flexible, seguro y f\u00e1cil de programar. Ideal para pick&amp;place, paletizado y automatizaci\u00f3n industrial. Desc\u00fabrelo con HITMARK ROBOTICS\" \/>\n<meta property=\"og:url\" content=\"https:\/\/hitmarkrobotics.com\/es\/cobot\/\" \/>\n<meta property=\"og:site_name\" content=\"Hitmark Robotics\" \/>\n<meta property=\"article:modified_time\" content=\"2025-11-04T08:32:14+00:00\" \/>\n<meta property=\"og:image\" content=\"https:\/\/hitmarkrobotics.com\/wp-content\/uploads\/CRX-10iA-Kitting-Assorted-Food-Gift-Boxes.jpg\" \/>\n\t<meta property=\"og:image:width\" content=\"1500\" \/>\n\t<meta property=\"og:image:height\" content=\"1121\" \/>\n\t<meta property=\"og:image:type\" content=\"image\/jpeg\" \/>\n<meta name=\"twitter:card\" content=\"summary_large_image\" \/>\n<meta name=\"twitter:label1\" content=\"Tiempo de lectura\" \/>\n\t<meta name=\"twitter:data1\" content=\"9 minutos\" \/>\n<script type=\"application\/ld+json\" class=\"yoast-schema-graph\">{\"@context\":\"https:\/\/schema.org\",\"@graph\":[{\"@type\":\"WebPage\",\"@id\":\"https:\/\/hitmarkrobotics.com\/es\/cobot\/\",\"url\":\"https:\/\/hitmarkrobotics.com\/es\/cobot\/\",\"name\":\"Cobots: robots industriales que colaboran con los humanos &#8211; Hitmark Robotics\",\"isPartOf\":{\"@id\":\"https:\/\/hitmarkrobotics.com\/es\/#website\"},\"primaryImageOfPage\":{\"@id\":\"https:\/\/hitmarkrobotics.com\/es\/cobot\/#primaryimage\"},\"image\":{\"@id\":\"https:\/\/hitmarkrobotics.com\/es\/cobot\/#primaryimage\"},\"thumbnailUrl\":\"https:\/\/hitmarkrobotics.com\/wp-content\/uploads\/CRX-10iA-Kitting-Assorted-Food-Gift-Boxes.jpg\",\"datePublished\":\"2025-09-16T08:08:52+00:00\",\"dateModified\":\"2025-11-04T08:32:14+00:00\",\"description\":\"COOTY es un robot colaborativo flexible, seguro y f\u00e1cil de programar. Ideal para pick&place, paletizado y automatizaci\u00f3n industrial. Desc\u00fabrelo con HITMARK ROBOTICS\",\"breadcrumb\":{\"@id\":\"https:\/\/hitmarkrobotics.com\/es\/cobot\/#breadcrumb\"},\"inLanguage\":\"es\",\"potentialAction\":[{\"@type\":\"ReadAction\",\"target\":[\"https:\/\/hitmarkrobotics.com\/es\/cobot\/\"]}]},{\"@type\":\"ImageObject\",\"inLanguage\":\"es\",\"@id\":\"https:\/\/hitmarkrobotics.com\/es\/cobot\/#primaryimage\",\"url\":\"https:\/\/hitmarkrobotics.com\/wp-content\/uploads\/CRX-10iA-Kitting-Assorted-Food-Gift-Boxes.jpg\",\"contentUrl\":\"https:\/\/hitmarkrobotics.com\/wp-content\/uploads\/CRX-10iA-Kitting-Assorted-Food-Gift-Boxes.jpg\",\"width\":1500,\"height\":1121,\"caption\":\"The FANUC CRX-10iA cobot uses drag-and-drop programming on the Tablet TP and 3-button wrist to easily kit meat and cheese gift boxes.\"},{\"@type\":\"BreadcrumbList\",\"@id\":\"https:\/\/hitmarkrobotics.com\/es\/cobot\/#breadcrumb\",\"itemListElement\":[{\"@type\":\"ListItem\",\"position\":1,\"name\":\"Home\",\"item\":\"https:\/\/hitmarkrobotics.com\/es\/\"},{\"@type\":\"ListItem\",\"position\":2,\"name\":\"Cobot\"}]},{\"@type\":\"WebSite\",\"@id\":\"https:\/\/hitmarkrobotics.com\/es\/#website\",\"url\":\"https:\/\/hitmarkrobotics.com\/es\/\",\"name\":\"Hitmark Robotics\",\"description\":\"Dostawca rozwi\u0105za\u0144 automatyzacji dla przemys\u0142u\",\"publisher\":{\"@id\":\"https:\/\/hitmarkrobotics.com\/es\/#organization\"},\"potentialAction\":[{\"@type\":\"SearchAction\",\"target\":{\"@type\":\"EntryPoint\",\"urlTemplate\":\"https:\/\/hitmarkrobotics.com\/es\/?s={search_term_string}\"},\"query-input\":{\"@type\":\"PropertyValueSpecification\",\"valueRequired\":true,\"valueName\":\"search_term_string\"}}],\"inLanguage\":\"es\"},{\"@type\":\"Organization\",\"@id\":\"https:\/\/hitmarkrobotics.com\/es\/#organization\",\"name\":\"Hitmark Robotics\",\"url\":\"https:\/\/hitmarkrobotics.com\/es\/\",\"logo\":{\"@type\":\"ImageObject\",\"inLanguage\":\"es\",\"@id\":\"https:\/\/hitmarkrobotics.com\/es\/#\/schema\/logo\/image\/\",\"url\":\"https:\/\/hitmarkrobotics.com\/wp-content\/uploads\/hitmark-robotics-logo.png\",\"contentUrl\":\"https:\/\/hitmarkrobotics.com\/wp-content\/uploads\/hitmark-robotics-logo.png\",\"width\":736,\"height\":260,\"caption\":\"Hitmark Robotics\"},\"image\":{\"@id\":\"https:\/\/hitmarkrobotics.com\/es\/#\/schema\/logo\/image\/\"}}]}<\/script>\n<!-- \/ Yoast SEO plugin. -->","yoast_head_json":{"title":"Cobots: robots industriales que colaboran con los humanos &#8211; Hitmark Robotics","description":"COOTY es un robot colaborativo flexible, seguro y f\u00e1cil de programar. Ideal para pick&place, paletizado y automatizaci\u00f3n industrial. Desc\u00fabrelo con HITMARK ROBOTICS","robots":{"index":"index","follow":"follow","max-snippet":"max-snippet:-1","max-image-preview":"max-image-preview:large","max-video-preview":"max-video-preview:-1"},"canonical":"https:\/\/hitmarkrobotics.com\/es\/cobot\/","og_locale":"es_ES","og_type":"article","og_title":"Cobots: robots industriales que colaboran con los humanos &#8211; Hitmark Robotics","og_description":"COOTY es un robot colaborativo flexible, seguro y f\u00e1cil de programar. Ideal para pick&place, paletizado y automatizaci\u00f3n industrial. Desc\u00fabrelo con HITMARK ROBOTICS","og_url":"https:\/\/hitmarkrobotics.com\/es\/cobot\/","og_site_name":"Hitmark Robotics","article_modified_time":"2025-11-04T08:32:14+00:00","og_image":[{"width":1500,"height":1121,"url":"https:\/\/hitmarkrobotics.com\/wp-content\/uploads\/CRX-10iA-Kitting-Assorted-Food-Gift-Boxes.jpg","type":"image\/jpeg"}],"twitter_card":"summary_large_image","twitter_misc":{"Tiempo de lectura":"9 minutos"},"schema":{"@context":"https:\/\/schema.org","@graph":[{"@type":"WebPage","@id":"https:\/\/hitmarkrobotics.com\/es\/cobot\/","url":"https:\/\/hitmarkrobotics.com\/es\/cobot\/","name":"Cobots: robots industriales que colaboran con los humanos &#8211; Hitmark Robotics","isPartOf":{"@id":"https:\/\/hitmarkrobotics.com\/es\/#website"},"primaryImageOfPage":{"@id":"https:\/\/hitmarkrobotics.com\/es\/cobot\/#primaryimage"},"image":{"@id":"https:\/\/hitmarkrobotics.com\/es\/cobot\/#primaryimage"},"thumbnailUrl":"https:\/\/hitmarkrobotics.com\/wp-content\/uploads\/CRX-10iA-Kitting-Assorted-Food-Gift-Boxes.jpg","datePublished":"2025-09-16T08:08:52+00:00","dateModified":"2025-11-04T08:32:14+00:00","description":"COOTY es un robot colaborativo flexible, seguro y f\u00e1cil de programar. Ideal para pick&place, paletizado y automatizaci\u00f3n industrial. Desc\u00fabrelo con HITMARK ROBOTICS","breadcrumb":{"@id":"https:\/\/hitmarkrobotics.com\/es\/cobot\/#breadcrumb"},"inLanguage":"es","potentialAction":[{"@type":"ReadAction","target":["https:\/\/hitmarkrobotics.com\/es\/cobot\/"]}]},{"@type":"ImageObject","inLanguage":"es","@id":"https:\/\/hitmarkrobotics.com\/es\/cobot\/#primaryimage","url":"https:\/\/hitmarkrobotics.com\/wp-content\/uploads\/CRX-10iA-Kitting-Assorted-Food-Gift-Boxes.jpg","contentUrl":"https:\/\/hitmarkrobotics.com\/wp-content\/uploads\/CRX-10iA-Kitting-Assorted-Food-Gift-Boxes.jpg","width":1500,"height":1121,"caption":"The FANUC CRX-10iA cobot uses drag-and-drop programming on the Tablet TP and 3-button wrist to easily kit meat and cheese gift boxes."},{"@type":"BreadcrumbList","@id":"https:\/\/hitmarkrobotics.com\/es\/cobot\/#breadcrumb","itemListElement":[{"@type":"ListItem","position":1,"name":"Home","item":"https:\/\/hitmarkrobotics.com\/es\/"},{"@type":"ListItem","position":2,"name":"Cobot"}]},{"@type":"WebSite","@id":"https:\/\/hitmarkrobotics.com\/es\/#website","url":"https:\/\/hitmarkrobotics.com\/es\/","name":"Hitmark Robotics","description":"Dostawca rozwi\u0105za\u0144 automatyzacji dla przemys\u0142u","publisher":{"@id":"https:\/\/hitmarkrobotics.com\/es\/#organization"},"potentialAction":[{"@type":"SearchAction","target":{"@type":"EntryPoint","urlTemplate":"https:\/\/hitmarkrobotics.com\/es\/?s={search_term_string}"},"query-input":{"@type":"PropertyValueSpecification","valueRequired":true,"valueName":"search_term_string"}}],"inLanguage":"es"},{"@type":"Organization","@id":"https:\/\/hitmarkrobotics.com\/es\/#organization","name":"Hitmark Robotics","url":"https:\/\/hitmarkrobotics.com\/es\/","logo":{"@type":"ImageObject","inLanguage":"es","@id":"https:\/\/hitmarkrobotics.com\/es\/#\/schema\/logo\/image\/","url":"https:\/\/hitmarkrobotics.com\/wp-content\/uploads\/hitmark-robotics-logo.png","contentUrl":"https:\/\/hitmarkrobotics.com\/wp-content\/uploads\/hitmark-robotics-logo.png","width":736,"height":260,"caption":"Hitmark Robotics"},"image":{"@id":"https:\/\/hitmarkrobotics.com\/es\/#\/schema\/logo\/image\/"}}]}},"_links":{"self":[{"href":"https:\/\/hitmarkrobotics.com\/es\/wp-json\/wp\/v2\/pages\/5559","targetHints":{"allow":["GET"]}}],"collection":[{"href":"https:\/\/hitmarkrobotics.com\/es\/wp-json\/wp\/v2\/pages"}],"about":[{"href":"https:\/\/hitmarkrobotics.com\/es\/wp-json\/wp\/v2\/types\/page"}],"author":[{"embeddable":true,"href":"https:\/\/hitmarkrobotics.com\/es\/wp-json\/wp\/v2\/users\/1"}],"replies":[{"embeddable":true,"href":"https:\/\/hitmarkrobotics.com\/es\/wp-json\/wp\/v2\/comments?post=5559"}],"version-history":[{"count":3,"href":"https:\/\/hitmarkrobotics.com\/es\/wp-json\/wp\/v2\/pages\/5559\/revisions"}],"predecessor-version":[{"id":5677,"href":"https:\/\/hitmarkrobotics.com\/es\/wp-json\/wp\/v2\/pages\/5559\/revisions\/5677"}],"wp:featuredmedia":[{"embeddable":true,"href":"https:\/\/hitmarkrobotics.com\/es\/wp-json\/wp\/v2\/media\/5565"}],"wp:attachment":[{"href":"https:\/\/hitmarkrobotics.com\/es\/wp-json\/wp\/v2\/media?parent=5559"}],"curies":[{"name":"wp","href":"https:\/\/api.w.org\/{rel}","templated":true}]}}