{"id":5806,"date":"2025-12-17T15:22:06","date_gmt":"2025-12-17T15:22:06","guid":{"rendered":"https:\/\/hitmarkrobotics.com\/?page_id=5806"},"modified":"2025-12-22T13:20:56","modified_gmt":"2025-12-22T13:20:56","slug":"estacion-de-paletizacion-robotizada-para-dos-lineas-de-produccion-con-un-sistema-de-marcado-bicolor","status":"publish","type":"page","link":"https:\/\/hitmarkrobotics.com\/es\/estudio-de-caso\/estacion-de-paletizacion-robotizada-para-dos-lineas-de-produccion-con-un-sistema-de-marcado-bicolor\/","title":{"rendered":"Estaci\u00f3n de paletizaci\u00f3n robotizada para dos l\u00edneas de producci\u00f3n con un sistema de marcado bicolor"},"content":{"rendered":"","protected":false},"excerpt":{"rendered":"","protected":false},"author":1,"featured_media":5832,"parent":4530,"menu_order":0,"comment_status":"closed","ping_status":"closed","template":"","meta":{"_acf_changed":false,"footnotes":""},"class_list":["post-5806","page","type-page","status-publish","has-post-thumbnail","hentry"],"acf":[],"yoast_head":"<!-- This site is optimized with the Yoast SEO plugin v27.0 - https:\/\/yoast.com\/product\/yoast-seo-wordpress\/ -->\n<title>Estaci\u00f3n de paletizaci\u00f3n robotizada para dos l\u00edneas de producci\u00f3n con un sistema de marcado bicolor &#8211; Hitmark Robotics<\/title>\n<meta name=\"robots\" content=\"index, follow, max-snippet:-1, max-image-preview:large, max-video-preview:-1\" \/>\n<link rel=\"canonical\" href=\"https:\/\/hitmarkrobotics.com\/es\/estudio-de-caso\/estacion-de-paletizacion-robotizada-para-dos-lineas-de-produccion-con-un-sistema-de-marcado-bicolor\/\" \/>\n<meta property=\"og:locale\" content=\"es_ES\" \/>\n<meta property=\"og:type\" content=\"article\" \/>\n<meta property=\"og:title\" content=\"Estaci\u00f3n de paletizaci\u00f3n robotizada para dos l\u00edneas de producci\u00f3n con un sistema de marcado bicolor &#8211; Hitmark Robotics\" \/>\n<meta property=\"og:url\" content=\"https:\/\/hitmarkrobotics.com\/es\/estudio-de-caso\/estacion-de-paletizacion-robotizada-para-dos-lineas-de-produccion-con-un-sistema-de-marcado-bicolor\/\" \/>\n<meta property=\"og:site_name\" content=\"Hitmark Robotics\" \/>\n<meta property=\"article:modified_time\" content=\"2025-12-22T13:20:56+00:00\" \/>\n<meta property=\"og:image\" content=\"https:\/\/hitmarkrobotics.com\/wp-content\/uploads\/27561-2-alpha-1016x1024.png\" \/>\n\t<meta property=\"og:image:width\" content=\"1016\" \/>\n\t<meta property=\"og:image:height\" content=\"1024\" \/>\n\t<meta property=\"og:image:type\" content=\"image\/png\" \/>\n<meta name=\"twitter:card\" content=\"summary_large_image\" \/>\n<meta name=\"twitter:label1\" content=\"Tiempo de lectura\" \/>\n\t<meta name=\"twitter:data1\" content=\"1 minuto\" \/>\n<script type=\"application\/ld+json\" class=\"yoast-schema-graph\">{\"@context\":\"https:\/\/schema.org\",\"@graph\":[{\"@type\":\"WebPage\",\"@id\":\"https:\/\/hitmarkrobotics.com\/es\/estudio-de-caso\/estacion-de-paletizacion-robotizada-para-dos-lineas-de-produccion-con-un-sistema-de-marcado-bicolor\/\",\"url\":\"https:\/\/hitmarkrobotics.com\/es\/estudio-de-caso\/estacion-de-paletizacion-robotizada-para-dos-lineas-de-produccion-con-un-sistema-de-marcado-bicolor\/\",\"name\":\"Estaci\u00f3n de paletizaci\u00f3n robotizada para dos l\u00edneas de producci\u00f3n con un sistema de marcado bicolor &#8211; Hitmark Robotics\",\"isPartOf\":{\"@id\":\"https:\/\/hitmarkrobotics.com\/es\/#website\"},\"primaryImageOfPage\":{\"@id\":\"https:\/\/hitmarkrobotics.com\/es\/estudio-de-caso\/estacion-de-paletizacion-robotizada-para-dos-lineas-de-produccion-con-un-sistema-de-marcado-bicolor\/#primaryimage\"},\"image\":{\"@id\":\"https:\/\/hitmarkrobotics.com\/es\/estudio-de-caso\/estacion-de-paletizacion-robotizada-para-dos-lineas-de-produccion-con-un-sistema-de-marcado-bicolor\/#primaryimage\"},\"thumbnailUrl\":\"https:\/\/hitmarkrobotics.com\/wp-content\/uploads\/27561-2-alpha.png\",\"datePublished\":\"2025-12-17T15:22:06+00:00\",\"dateModified\":\"2025-12-22T13:20:56+00:00\",\"breadcrumb\":{\"@id\":\"https:\/\/hitmarkrobotics.com\/es\/estudio-de-caso\/estacion-de-paletizacion-robotizada-para-dos-lineas-de-produccion-con-un-sistema-de-marcado-bicolor\/#breadcrumb\"},\"inLanguage\":\"es\",\"potentialAction\":[{\"@type\":\"ReadAction\",\"target\":[\"https:\/\/hitmarkrobotics.com\/es\/estudio-de-caso\/estacion-de-paletizacion-robotizada-para-dos-lineas-de-produccion-con-un-sistema-de-marcado-bicolor\/\"]}]},{\"@type\":\"ImageObject\",\"inLanguage\":\"es\",\"@id\":\"https:\/\/hitmarkrobotics.com\/es\/estudio-de-caso\/estacion-de-paletizacion-robotizada-para-dos-lineas-de-produccion-con-un-sistema-de-marcado-bicolor\/#primaryimage\",\"url\":\"https:\/\/hitmarkrobotics.com\/wp-content\/uploads\/27561-2-alpha.png\",\"contentUrl\":\"https:\/\/hitmarkrobotics.com\/wp-content\/uploads\/27561-2-alpha.png\",\"width\":1571,\"height\":1584},{\"@type\":\"BreadcrumbList\",\"@id\":\"https:\/\/hitmarkrobotics.com\/es\/estudio-de-caso\/estacion-de-paletizacion-robotizada-para-dos-lineas-de-produccion-con-un-sistema-de-marcado-bicolor\/#breadcrumb\",\"itemListElement\":[{\"@type\":\"ListItem\",\"position\":1,\"name\":\"Home\",\"item\":\"https:\/\/hitmarkrobotics.com\/es\/\"},{\"@type\":\"ListItem\",\"position\":2,\"name\":\"Estudio de caso\",\"item\":\"https:\/\/hitmarkrobotics.com\/es\/estudio-de-caso\/\"},{\"@type\":\"ListItem\",\"position\":3,\"name\":\"Estaci\u00f3n de paletizaci\u00f3n robotizada para dos l\u00edneas de producci\u00f3n con un sistema de marcado bicolor\"}]},{\"@type\":\"WebSite\",\"@id\":\"https:\/\/hitmarkrobotics.com\/es\/#website\",\"url\":\"https:\/\/hitmarkrobotics.com\/es\/\",\"name\":\"Hitmark Robotics\",\"description\":\"Dostawca rozwi\u0105za\u0144 automatyzacji dla przemys\u0142u\",\"publisher\":{\"@id\":\"https:\/\/hitmarkrobotics.com\/es\/#organization\"},\"potentialAction\":[{\"@type\":\"SearchAction\",\"target\":{\"@type\":\"EntryPoint\",\"urlTemplate\":\"https:\/\/hitmarkrobotics.com\/es\/?s={search_term_string}\"},\"query-input\":{\"@type\":\"PropertyValueSpecification\",\"valueRequired\":true,\"valueName\":\"search_term_string\"}}],\"inLanguage\":\"es\"},{\"@type\":\"Organization\",\"@id\":\"https:\/\/hitmarkrobotics.com\/es\/#organization\",\"name\":\"Hitmark Robotics\",\"url\":\"https:\/\/hitmarkrobotics.com\/es\/\",\"logo\":{\"@type\":\"ImageObject\",\"inLanguage\":\"es\",\"@id\":\"https:\/\/hitmarkrobotics.com\/es\/#\/schema\/logo\/image\/\",\"url\":\"https:\/\/hitmarkrobotics.com\/wp-content\/uploads\/hitmark-robotics-logo.png\",\"contentUrl\":\"https:\/\/hitmarkrobotics.com\/wp-content\/uploads\/hitmark-robotics-logo.png\",\"width\":736,\"height\":260,\"caption\":\"Hitmark Robotics\"},\"image\":{\"@id\":\"https:\/\/hitmarkrobotics.com\/es\/#\/schema\/logo\/image\/\"}}]}<\/script>\n<!-- \/ Yoast SEO plugin. -->","yoast_head_json":{"title":"Estaci\u00f3n de paletizaci\u00f3n robotizada para dos l\u00edneas de producci\u00f3n con un sistema de marcado bicolor &#8211; Hitmark Robotics","robots":{"index":"index","follow":"follow","max-snippet":"max-snippet:-1","max-image-preview":"max-image-preview:large","max-video-preview":"max-video-preview:-1"},"canonical":"https:\/\/hitmarkrobotics.com\/es\/estudio-de-caso\/estacion-de-paletizacion-robotizada-para-dos-lineas-de-produccion-con-un-sistema-de-marcado-bicolor\/","og_locale":"es_ES","og_type":"article","og_title":"Estaci\u00f3n de paletizaci\u00f3n robotizada para dos l\u00edneas de producci\u00f3n con un sistema de marcado bicolor &#8211; Hitmark Robotics","og_url":"https:\/\/hitmarkrobotics.com\/es\/estudio-de-caso\/estacion-de-paletizacion-robotizada-para-dos-lineas-de-produccion-con-un-sistema-de-marcado-bicolor\/","og_site_name":"Hitmark Robotics","article_modified_time":"2025-12-22T13:20:56+00:00","og_image":[{"width":1016,"height":1024,"url":"https:\/\/hitmarkrobotics.com\/wp-content\/uploads\/27561-2-alpha-1016x1024.png","type":"image\/png"}],"twitter_card":"summary_large_image","twitter_misc":{"Tiempo de lectura":"1 minuto"},"schema":{"@context":"https:\/\/schema.org","@graph":[{"@type":"WebPage","@id":"https:\/\/hitmarkrobotics.com\/es\/estudio-de-caso\/estacion-de-paletizacion-robotizada-para-dos-lineas-de-produccion-con-un-sistema-de-marcado-bicolor\/","url":"https:\/\/hitmarkrobotics.com\/es\/estudio-de-caso\/estacion-de-paletizacion-robotizada-para-dos-lineas-de-produccion-con-un-sistema-de-marcado-bicolor\/","name":"Estaci\u00f3n de paletizaci\u00f3n robotizada para dos l\u00edneas de producci\u00f3n con un sistema de marcado bicolor &#8211; Hitmark Robotics","isPartOf":{"@id":"https:\/\/hitmarkrobotics.com\/es\/#website"},"primaryImageOfPage":{"@id":"https:\/\/hitmarkrobotics.com\/es\/estudio-de-caso\/estacion-de-paletizacion-robotizada-para-dos-lineas-de-produccion-con-un-sistema-de-marcado-bicolor\/#primaryimage"},"image":{"@id":"https:\/\/hitmarkrobotics.com\/es\/estudio-de-caso\/estacion-de-paletizacion-robotizada-para-dos-lineas-de-produccion-con-un-sistema-de-marcado-bicolor\/#primaryimage"},"thumbnailUrl":"https:\/\/hitmarkrobotics.com\/wp-content\/uploads\/27561-2-alpha.png","datePublished":"2025-12-17T15:22:06+00:00","dateModified":"2025-12-22T13:20:56+00:00","breadcrumb":{"@id":"https:\/\/hitmarkrobotics.com\/es\/estudio-de-caso\/estacion-de-paletizacion-robotizada-para-dos-lineas-de-produccion-con-un-sistema-de-marcado-bicolor\/#breadcrumb"},"inLanguage":"es","potentialAction":[{"@type":"ReadAction","target":["https:\/\/hitmarkrobotics.com\/es\/estudio-de-caso\/estacion-de-paletizacion-robotizada-para-dos-lineas-de-produccion-con-un-sistema-de-marcado-bicolor\/"]}]},{"@type":"ImageObject","inLanguage":"es","@id":"https:\/\/hitmarkrobotics.com\/es\/estudio-de-caso\/estacion-de-paletizacion-robotizada-para-dos-lineas-de-produccion-con-un-sistema-de-marcado-bicolor\/#primaryimage","url":"https:\/\/hitmarkrobotics.com\/wp-content\/uploads\/27561-2-alpha.png","contentUrl":"https:\/\/hitmarkrobotics.com\/wp-content\/uploads\/27561-2-alpha.png","width":1571,"height":1584},{"@type":"BreadcrumbList","@id":"https:\/\/hitmarkrobotics.com\/es\/estudio-de-caso\/estacion-de-paletizacion-robotizada-para-dos-lineas-de-produccion-con-un-sistema-de-marcado-bicolor\/#breadcrumb","itemListElement":[{"@type":"ListItem","position":1,"name":"Home","item":"https:\/\/hitmarkrobotics.com\/es\/"},{"@type":"ListItem","position":2,"name":"Estudio de caso","item":"https:\/\/hitmarkrobotics.com\/es\/estudio-de-caso\/"},{"@type":"ListItem","position":3,"name":"Estaci\u00f3n de paletizaci\u00f3n robotizada para dos l\u00edneas de producci\u00f3n con un sistema de marcado bicolor"}]},{"@type":"WebSite","@id":"https:\/\/hitmarkrobotics.com\/es\/#website","url":"https:\/\/hitmarkrobotics.com\/es\/","name":"Hitmark Robotics","description":"Dostawca rozwi\u0105za\u0144 automatyzacji dla przemys\u0142u","publisher":{"@id":"https:\/\/hitmarkrobotics.com\/es\/#organization"},"potentialAction":[{"@type":"SearchAction","target":{"@type":"EntryPoint","urlTemplate":"https:\/\/hitmarkrobotics.com\/es\/?s={search_term_string}"},"query-input":{"@type":"PropertyValueSpecification","valueRequired":true,"valueName":"search_term_string"}}],"inLanguage":"es"},{"@type":"Organization","@id":"https:\/\/hitmarkrobotics.com\/es\/#organization","name":"Hitmark Robotics","url":"https:\/\/hitmarkrobotics.com\/es\/","logo":{"@type":"ImageObject","inLanguage":"es","@id":"https:\/\/hitmarkrobotics.com\/es\/#\/schema\/logo\/image\/","url":"https:\/\/hitmarkrobotics.com\/wp-content\/uploads\/hitmark-robotics-logo.png","contentUrl":"https:\/\/hitmarkrobotics.com\/wp-content\/uploads\/hitmark-robotics-logo.png","width":736,"height":260,"caption":"Hitmark Robotics"},"image":{"@id":"https:\/\/hitmarkrobotics.com\/es\/#\/schema\/logo\/image\/"}}]}},"_links":{"self":[{"href":"https:\/\/hitmarkrobotics.com\/es\/wp-json\/wp\/v2\/pages\/5806","targetHints":{"allow":["GET"]}}],"collection":[{"href":"https:\/\/hitmarkrobotics.com\/es\/wp-json\/wp\/v2\/pages"}],"about":[{"href":"https:\/\/hitmarkrobotics.com\/es\/wp-json\/wp\/v2\/types\/page"}],"author":[{"embeddable":true,"href":"https:\/\/hitmarkrobotics.com\/es\/wp-json\/wp\/v2\/users\/1"}],"replies":[{"embeddable":true,"href":"https:\/\/hitmarkrobotics.com\/es\/wp-json\/wp\/v2\/comments?post=5806"}],"version-history":[{"count":4,"href":"https:\/\/hitmarkrobotics.com\/es\/wp-json\/wp\/v2\/pages\/5806\/revisions"}],"predecessor-version":[{"id":5880,"href":"https:\/\/hitmarkrobotics.com\/es\/wp-json\/wp\/v2\/pages\/5806\/revisions\/5880"}],"up":[{"embeddable":true,"href":"https:\/\/hitmarkrobotics.com\/es\/wp-json\/wp\/v2\/pages\/4530"}],"wp:featuredmedia":[{"embeddable":true,"href":"https:\/\/hitmarkrobotics.com\/es\/wp-json\/wp\/v2\/media\/5832"}],"wp:attachment":[{"href":"https:\/\/hitmarkrobotics.com\/es\/wp-json\/wp\/v2\/media?parent=5806"}],"curies":[{"name":"wp","href":"https:\/\/api.w.org\/{rel}","templated":true}]}}