{"id":3947,"date":"2022-09-12T08:08:52","date_gmt":"2022-09-12T08:08:52","guid":{"rendered":"https:\/\/hitmarkrobotics.com\/strona-glowna\/"},"modified":"2025-06-24T11:51:05","modified_gmt":"2025-06-24T11:51:05","slug":"strona-glowna","status":"publish","type":"page","link":"https:\/\/hitmarkrobotics.com\/fr\/","title":{"rendered":"Page d'accueil"},"content":{"rendered":"","protected":false},"excerpt":{"rendered":"","protected":false},"author":1,"featured_media":0,"parent":0,"menu_order":0,"comment_status":"closed","ping_status":"closed","template":"","meta":{"_acf_changed":false,"footnotes":""},"class_list":["post-3947","page","type-page","status-publish","hentry"],"acf":[],"yoast_head":"<!-- This site is optimized with the Yoast SEO plugin v27.0 - https:\/\/yoast.com\/product\/yoast-seo-wordpress\/ -->\n<title>Hitmark Robotics - fournisseur de robotique pour l&#039;industrie et l&#039;automatisation industrielle<\/title>\n<meta name=\"description\" content=\"Nous sommes sp\u00e9cialis\u00e9s dans la fourniture de solutions optimales pour l&#039;industrie dans les domaines du pick-and-place, de la palettisation, de la d\u00e9palettisation et du m\u00e9lange &#8211; Page d&#039;accueil &#8211; Hitmark Robotics\" \/>\n<meta name=\"robots\" content=\"index, follow, max-snippet:-1, max-image-preview:large, max-video-preview:-1\" \/>\n<link rel=\"canonical\" href=\"https:\/\/hitmarkrobotics.com\/fr\/\" \/>\n<meta property=\"og:locale\" content=\"fr_FR\" \/>\n<meta property=\"og:type\" content=\"article\" \/>\n<meta property=\"og:title\" content=\"Hitmark Robotics - fournisseur de robotique pour l&#039;industrie et l&#039;automatisation industrielle\" \/>\n<meta property=\"og:description\" content=\"Nous sommes sp\u00e9cialis\u00e9s dans la fourniture de solutions optimales pour l&#039;industrie dans les domaines du pick-and-place, de la palettisation, de la d\u00e9palettisation et du m\u00e9lange &#8211; Page d&#039;accueil &#8211; Hitmark Robotics\" \/>\n<meta property=\"og:url\" content=\"https:\/\/hitmarkrobotics.com\/fr\/\" \/>\n<meta property=\"og:site_name\" content=\"Hitmark Robotics\" \/>\n<meta property=\"article:modified_time\" content=\"2025-06-24T11:51:05+00:00\" \/>\n<meta name=\"twitter:card\" content=\"summary_large_image\" \/>\n<meta name=\"twitter:label1\" content=\"Dur\u00e9e de lecture estim\u00e9e\" \/>\n\t<meta name=\"twitter:data1\" content=\"6 minutes\" \/>\n<script type=\"application\/ld+json\" class=\"yoast-schema-graph\">{\"@context\":\"https:\/\/schema.org\",\"@graph\":[{\"@type\":\"WebPage\",\"@id\":\"https:\/\/hitmarkrobotics.com\/fr\/\",\"url\":\"https:\/\/hitmarkrobotics.com\/fr\/\",\"name\":\"Hitmark Robotics - fournisseur de robotique pour l'industrie et l'automatisation industrielle\",\"isPartOf\":{\"@id\":\"https:\/\/hitmarkrobotics.com\/fr\/#website\"},\"datePublished\":\"2022-09-12T08:08:52+00:00\",\"dateModified\":\"2025-06-24T11:51:05+00:00\",\"description\":\"Nous sommes sp\u00e9cialis\u00e9s dans la fourniture de solutions optimales pour l'industrie dans les domaines du pick-and-place, de la palettisation, de la d\u00e9palettisation et du m\u00e9lange &#8211; Page d'accueil &#8211; Hitmark Robotics\",\"breadcrumb\":{\"@id\":\"https:\/\/hitmarkrobotics.com\/fr\/#breadcrumb\"},\"inLanguage\":\"fr-FR\",\"potentialAction\":[{\"@type\":\"ReadAction\",\"target\":[\"https:\/\/hitmarkrobotics.com\/fr\/\"]}]},{\"@type\":\"BreadcrumbList\",\"@id\":\"https:\/\/hitmarkrobotics.com\/fr\/#breadcrumb\",\"itemListElement\":[{\"@type\":\"ListItem\",\"position\":1,\"name\":\"Home\",\"item\":\"https:\/\/hitmarkrobotics.com\/fr\/\"},{\"@type\":\"ListItem\",\"position\":2,\"name\":\"Page d'accueil\"}]},{\"@type\":\"WebSite\",\"@id\":\"https:\/\/hitmarkrobotics.com\/fr\/#website\",\"url\":\"https:\/\/hitmarkrobotics.com\/fr\/\",\"name\":\"Hitmark Robotics\",\"description\":\"Dostawca rozwi\u0105za\u0144 automatyzacji dla przemys\u0142u\",\"publisher\":{\"@id\":\"https:\/\/hitmarkrobotics.com\/fr\/#organization\"},\"potentialAction\":[{\"@type\":\"SearchAction\",\"target\":{\"@type\":\"EntryPoint\",\"urlTemplate\":\"https:\/\/hitmarkrobotics.com\/fr\/?s={search_term_string}\"},\"query-input\":{\"@type\":\"PropertyValueSpecification\",\"valueRequired\":true,\"valueName\":\"search_term_string\"}}],\"inLanguage\":\"fr-FR\"},{\"@type\":\"Organization\",\"@id\":\"https:\/\/hitmarkrobotics.com\/fr\/#organization\",\"name\":\"Hitmark Robotics\",\"url\":\"https:\/\/hitmarkrobotics.com\/fr\/\",\"logo\":{\"@type\":\"ImageObject\",\"inLanguage\":\"fr-FR\",\"@id\":\"https:\/\/hitmarkrobotics.com\/fr\/#\/schema\/logo\/image\/\",\"url\":\"https:\/\/hitmarkrobotics.com\/wp-content\/uploads\/hitmark-robotics-logo.png\",\"contentUrl\":\"https:\/\/hitmarkrobotics.com\/wp-content\/uploads\/hitmark-robotics-logo.png\",\"width\":736,\"height\":260,\"caption\":\"Hitmark Robotics\"},\"image\":{\"@id\":\"https:\/\/hitmarkrobotics.com\/fr\/#\/schema\/logo\/image\/\"}}]}<\/script>\n<!-- \/ Yoast SEO plugin. -->","yoast_head_json":{"title":"Hitmark Robotics - fournisseur de robotique pour l'industrie et l'automatisation industrielle","description":"Nous sommes sp\u00e9cialis\u00e9s dans la fourniture de solutions optimales pour l'industrie dans les domaines du pick-and-place, de la palettisation, de la d\u00e9palettisation et du m\u00e9lange &#8211; Page d'accueil &#8211; Hitmark Robotics","robots":{"index":"index","follow":"follow","max-snippet":"max-snippet:-1","max-image-preview":"max-image-preview:large","max-video-preview":"max-video-preview:-1"},"canonical":"https:\/\/hitmarkrobotics.com\/fr\/","og_locale":"fr_FR","og_type":"article","og_title":"Hitmark Robotics - fournisseur de robotique pour l'industrie et l'automatisation industrielle","og_description":"Nous sommes sp\u00e9cialis\u00e9s dans la fourniture de solutions optimales pour l'industrie dans les domaines du pick-and-place, de la palettisation, de la d\u00e9palettisation et du m\u00e9lange &#8211; Page d'accueil &#8211; Hitmark Robotics","og_url":"https:\/\/hitmarkrobotics.com\/fr\/","og_site_name":"Hitmark Robotics","article_modified_time":"2025-06-24T11:51:05+00:00","twitter_card":"summary_large_image","twitter_misc":{"Dur\u00e9e de lecture estim\u00e9e":"6 minutes"},"schema":{"@context":"https:\/\/schema.org","@graph":[{"@type":"WebPage","@id":"https:\/\/hitmarkrobotics.com\/fr\/","url":"https:\/\/hitmarkrobotics.com\/fr\/","name":"Hitmark Robotics - fournisseur de robotique pour l'industrie et l'automatisation industrielle","isPartOf":{"@id":"https:\/\/hitmarkrobotics.com\/fr\/#website"},"datePublished":"2022-09-12T08:08:52+00:00","dateModified":"2025-06-24T11:51:05+00:00","description":"Nous sommes sp\u00e9cialis\u00e9s dans la fourniture de solutions optimales pour l'industrie dans les domaines du pick-and-place, de la palettisation, de la d\u00e9palettisation et du m\u00e9lange &#8211; Page d'accueil &#8211; Hitmark Robotics","breadcrumb":{"@id":"https:\/\/hitmarkrobotics.com\/fr\/#breadcrumb"},"inLanguage":"fr-FR","potentialAction":[{"@type":"ReadAction","target":["https:\/\/hitmarkrobotics.com\/fr\/"]}]},{"@type":"BreadcrumbList","@id":"https:\/\/hitmarkrobotics.com\/fr\/#breadcrumb","itemListElement":[{"@type":"ListItem","position":1,"name":"Home","item":"https:\/\/hitmarkrobotics.com\/fr\/"},{"@type":"ListItem","position":2,"name":"Page d'accueil"}]},{"@type":"WebSite","@id":"https:\/\/hitmarkrobotics.com\/fr\/#website","url":"https:\/\/hitmarkrobotics.com\/fr\/","name":"Hitmark Robotics","description":"Dostawca rozwi\u0105za\u0144 automatyzacji dla przemys\u0142u","publisher":{"@id":"https:\/\/hitmarkrobotics.com\/fr\/#organization"},"potentialAction":[{"@type":"SearchAction","target":{"@type":"EntryPoint","urlTemplate":"https:\/\/hitmarkrobotics.com\/fr\/?s={search_term_string}"},"query-input":{"@type":"PropertyValueSpecification","valueRequired":true,"valueName":"search_term_string"}}],"inLanguage":"fr-FR"},{"@type":"Organization","@id":"https:\/\/hitmarkrobotics.com\/fr\/#organization","name":"Hitmark Robotics","url":"https:\/\/hitmarkrobotics.com\/fr\/","logo":{"@type":"ImageObject","inLanguage":"fr-FR","@id":"https:\/\/hitmarkrobotics.com\/fr\/#\/schema\/logo\/image\/","url":"https:\/\/hitmarkrobotics.com\/wp-content\/uploads\/hitmark-robotics-logo.png","contentUrl":"https:\/\/hitmarkrobotics.com\/wp-content\/uploads\/hitmark-robotics-logo.png","width":736,"height":260,"caption":"Hitmark Robotics"},"image":{"@id":"https:\/\/hitmarkrobotics.com\/fr\/#\/schema\/logo\/image\/"}}]}},"_links":{"self":[{"href":"https:\/\/hitmarkrobotics.com\/fr\/wp-json\/wp\/v2\/pages\/3947","targetHints":{"allow":["GET"]}}],"collection":[{"href":"https:\/\/hitmarkrobotics.com\/fr\/wp-json\/wp\/v2\/pages"}],"about":[{"href":"https:\/\/hitmarkrobotics.com\/fr\/wp-json\/wp\/v2\/types\/page"}],"author":[{"embeddable":true,"href":"https:\/\/hitmarkrobotics.com\/fr\/wp-json\/wp\/v2\/users\/1"}],"replies":[{"embeddable":true,"href":"https:\/\/hitmarkrobotics.com\/fr\/wp-json\/wp\/v2\/comments?post=3947"}],"version-history":[{"count":1,"href":"https:\/\/hitmarkrobotics.com\/fr\/wp-json\/wp\/v2\/pages\/3947\/revisions"}],"predecessor-version":[{"id":3960,"href":"https:\/\/hitmarkrobotics.com\/fr\/wp-json\/wp\/v2\/pages\/3947\/revisions\/3960"}],"wp:attachment":[{"href":"https:\/\/hitmarkrobotics.com\/fr\/wp-json\/wp\/v2\/media?parent=3947"}],"curies":[{"name":"wp","href":"https:\/\/api.w.org\/{rel}","templated":true}]}}