{"id":4091,"date":"2024-12-06T06:29:36","date_gmt":"2024-12-06T06:29:36","guid":{"rendered":"https:\/\/hitmarkrobotics.com\/produits\/hr-03\/"},"modified":"2025-06-17T07:05:21","modified_gmt":"2025-06-17T07:05:21","slug":"hr-03","status":"publish","type":"page","link":"https:\/\/hitmarkrobotics.com\/fr\/produits\/hr-03\/","title":{"rendered":"HR-03"},"content":{"rendered":"","protected":false},"excerpt":{"rendered":"","protected":false},"author":1,"featured_media":4092,"parent":4054,"menu_order":3,"comment_status":"closed","ping_status":"closed","template":"","meta":{"_acf_changed":false,"footnotes":""},"class_list":["post-4091","page","type-page","status-publish","has-post-thumbnail","hentry"],"acf":[],"yoast_head":"<!-- This site is optimized with the Yoast SEO plugin v27.0 - https:\/\/yoast.com\/product\/yoast-seo-wordpress\/ -->\n<title>HR-03\u00a0: robot industriel [11 cycles, palettes\u00a0: 2,3 m] &#8211; Hitmark Robotics<\/title>\n<meta name=\"description\" content=\"Nous sommes sp\u00e9cialis\u00e9s dans la fourniture de solutions optimales pour l&#039;industrie dans le domaine du pick&amp;place, de la palettisation, de la d\u00e9palettisation et du m\u00e9lange &#8211; HR-03 &#8211; Hitmark Robotics\" \/>\n<meta name=\"robots\" content=\"index, follow, max-snippet:-1, max-image-preview:large, max-video-preview:-1\" \/>\n<link rel=\"canonical\" href=\"https:\/\/hitmarkrobotics.com\/fr\/produits\/hr-03\/\" \/>\n<meta property=\"og:locale\" content=\"fr_FR\" \/>\n<meta property=\"og:type\" content=\"article\" \/>\n<meta property=\"og:title\" content=\"HR-03\u00a0: robot industriel [11 cycles, palettes\u00a0: 2,3 m] &#8211; Hitmark Robotics\" \/>\n<meta property=\"og:description\" content=\"Nous sommes sp\u00e9cialis\u00e9s dans la fourniture de solutions optimales pour l&#039;industrie dans le domaine du pick&amp;place, de la palettisation, de la d\u00e9palettisation et du m\u00e9lange &#8211; HR-03 &#8211; Hitmark Robotics\" \/>\n<meta property=\"og:url\" content=\"https:\/\/hitmarkrobotics.com\/fr\/produits\/hr-03\/\" \/>\n<meta property=\"og:site_name\" content=\"Hitmark Robotics\" \/>\n<meta property=\"article:modified_time\" content=\"2025-06-17T07:05:21+00:00\" \/>\n<meta property=\"og:image\" content=\"https:\/\/hitmarkrobotics.com\/wp-content\/uploads\/iso-hr03.png\" \/>\n\t<meta property=\"og:image:width\" content=\"796\" \/>\n\t<meta property=\"og:image:height\" content=\"680\" \/>\n\t<meta property=\"og:image:type\" content=\"image\/png\" \/>\n<meta name=\"twitter:card\" content=\"summary_large_image\" \/>\n<meta name=\"twitter:label1\" content=\"Dur\u00e9e de lecture estim\u00e9e\" \/>\n\t<meta name=\"twitter:data1\" content=\"1 minute\" \/>\n<script type=\"application\/ld+json\" class=\"yoast-schema-graph\">{\"@context\":\"https:\/\/schema.org\",\"@graph\":[{\"@type\":\"WebPage\",\"@id\":\"https:\/\/hitmarkrobotics.com\/fr\/produits\/hr-03\/\",\"url\":\"https:\/\/hitmarkrobotics.com\/fr\/produits\/hr-03\/\",\"name\":\"HR-03\u00a0: robot industriel [11 cycles, palettes\u00a0: 2,3 m] &#8211; Hitmark Robotics\",\"isPartOf\":{\"@id\":\"https:\/\/hitmarkrobotics.com\/fr\/#website\"},\"primaryImageOfPage\":{\"@id\":\"https:\/\/hitmarkrobotics.com\/fr\/produits\/hr-03\/#primaryimage\"},\"image\":{\"@id\":\"https:\/\/hitmarkrobotics.com\/fr\/produits\/hr-03\/#primaryimage\"},\"thumbnailUrl\":\"https:\/\/hitmarkrobotics.com\/wp-content\/uploads\/iso-hr03.png\",\"datePublished\":\"2024-12-06T06:29:36+00:00\",\"dateModified\":\"2025-06-17T07:05:21+00:00\",\"description\":\"Nous sommes sp\u00e9cialis\u00e9s dans la fourniture de solutions optimales pour l'industrie dans le domaine du pick&place, de la palettisation, de la d\u00e9palettisation et du m\u00e9lange &#8211; HR-03 &#8211; Hitmark Robotics\",\"breadcrumb\":{\"@id\":\"https:\/\/hitmarkrobotics.com\/fr\/produits\/hr-03\/#breadcrumb\"},\"inLanguage\":\"fr-FR\",\"potentialAction\":[{\"@type\":\"ReadAction\",\"target\":[\"https:\/\/hitmarkrobotics.com\/fr\/produits\/hr-03\/\"]}]},{\"@type\":\"ImageObject\",\"inLanguage\":\"fr-FR\",\"@id\":\"https:\/\/hitmarkrobotics.com\/fr\/produits\/hr-03\/#primaryimage\",\"url\":\"https:\/\/hitmarkrobotics.com\/wp-content\/uploads\/iso-hr03.png\",\"contentUrl\":\"https:\/\/hitmarkrobotics.com\/wp-content\/uploads\/iso-hr03.png\",\"width\":796,\"height\":680},{\"@type\":\"BreadcrumbList\",\"@id\":\"https:\/\/hitmarkrobotics.com\/fr\/produits\/hr-03\/#breadcrumb\",\"itemListElement\":[{\"@type\":\"ListItem\",\"position\":1,\"name\":\"Home\",\"item\":\"https:\/\/hitmarkrobotics.com\/fr\/\"},{\"@type\":\"ListItem\",\"position\":2,\"name\":\"Nos produits\",\"item\":\"https:\/\/hitmarkrobotics.com\/fr\/products\/\"},{\"@type\":\"ListItem\",\"position\":3,\"name\":\"HR-03\"}]},{\"@type\":\"WebSite\",\"@id\":\"https:\/\/hitmarkrobotics.com\/fr\/#website\",\"url\":\"https:\/\/hitmarkrobotics.com\/fr\/\",\"name\":\"Hitmark Robotics\",\"description\":\"Dostawca rozwi\u0105za\u0144 automatyzacji dla przemys\u0142u\",\"publisher\":{\"@id\":\"https:\/\/hitmarkrobotics.com\/fr\/#organization\"},\"potentialAction\":[{\"@type\":\"SearchAction\",\"target\":{\"@type\":\"EntryPoint\",\"urlTemplate\":\"https:\/\/hitmarkrobotics.com\/fr\/?s={search_term_string}\"},\"query-input\":{\"@type\":\"PropertyValueSpecification\",\"valueRequired\":true,\"valueName\":\"search_term_string\"}}],\"inLanguage\":\"fr-FR\"},{\"@type\":\"Organization\",\"@id\":\"https:\/\/hitmarkrobotics.com\/fr\/#organization\",\"name\":\"Hitmark Robotics\",\"url\":\"https:\/\/hitmarkrobotics.com\/fr\/\",\"logo\":{\"@type\":\"ImageObject\",\"inLanguage\":\"fr-FR\",\"@id\":\"https:\/\/hitmarkrobotics.com\/fr\/#\/schema\/logo\/image\/\",\"url\":\"https:\/\/hitmarkrobotics.com\/wp-content\/uploads\/hitmark-robotics-logo.png\",\"contentUrl\":\"https:\/\/hitmarkrobotics.com\/wp-content\/uploads\/hitmark-robotics-logo.png\",\"width\":736,\"height\":260,\"caption\":\"Hitmark Robotics\"},\"image\":{\"@id\":\"https:\/\/hitmarkrobotics.com\/fr\/#\/schema\/logo\/image\/\"}}]}<\/script>\n<!-- \/ Yoast SEO plugin. -->","yoast_head_json":{"title":"HR-03\u00a0: robot industriel [11 cycles, palettes\u00a0: 2,3 m] &#8211; Hitmark Robotics","description":"Nous sommes sp\u00e9cialis\u00e9s dans la fourniture de solutions optimales pour l'industrie dans le domaine du pick&place, de la palettisation, de la d\u00e9palettisation et du m\u00e9lange &#8211; HR-03 &#8211; Hitmark Robotics","robots":{"index":"index","follow":"follow","max-snippet":"max-snippet:-1","max-image-preview":"max-image-preview:large","max-video-preview":"max-video-preview:-1"},"canonical":"https:\/\/hitmarkrobotics.com\/fr\/produits\/hr-03\/","og_locale":"fr_FR","og_type":"article","og_title":"HR-03\u00a0: robot industriel [11 cycles, palettes\u00a0: 2,3 m] &#8211; Hitmark Robotics","og_description":"Nous sommes sp\u00e9cialis\u00e9s dans la fourniture de solutions optimales pour l'industrie dans le domaine du pick&place, de la palettisation, de la d\u00e9palettisation et du m\u00e9lange &#8211; HR-03 &#8211; Hitmark Robotics","og_url":"https:\/\/hitmarkrobotics.com\/fr\/produits\/hr-03\/","og_site_name":"Hitmark Robotics","article_modified_time":"2025-06-17T07:05:21+00:00","og_image":[{"width":796,"height":680,"url":"https:\/\/hitmarkrobotics.com\/wp-content\/uploads\/iso-hr03.png","type":"image\/png"}],"twitter_card":"summary_large_image","twitter_misc":{"Dur\u00e9e de lecture estim\u00e9e":"1 minute"},"schema":{"@context":"https:\/\/schema.org","@graph":[{"@type":"WebPage","@id":"https:\/\/hitmarkrobotics.com\/fr\/produits\/hr-03\/","url":"https:\/\/hitmarkrobotics.com\/fr\/produits\/hr-03\/","name":"HR-03\u00a0: robot industriel [11 cycles, palettes\u00a0: 2,3 m] &#8211; Hitmark Robotics","isPartOf":{"@id":"https:\/\/hitmarkrobotics.com\/fr\/#website"},"primaryImageOfPage":{"@id":"https:\/\/hitmarkrobotics.com\/fr\/produits\/hr-03\/#primaryimage"},"image":{"@id":"https:\/\/hitmarkrobotics.com\/fr\/produits\/hr-03\/#primaryimage"},"thumbnailUrl":"https:\/\/hitmarkrobotics.com\/wp-content\/uploads\/iso-hr03.png","datePublished":"2024-12-06T06:29:36+00:00","dateModified":"2025-06-17T07:05:21+00:00","description":"Nous sommes sp\u00e9cialis\u00e9s dans la fourniture de solutions optimales pour l'industrie dans le domaine du pick&place, de la palettisation, de la d\u00e9palettisation et du m\u00e9lange &#8211; HR-03 &#8211; Hitmark Robotics","breadcrumb":{"@id":"https:\/\/hitmarkrobotics.com\/fr\/produits\/hr-03\/#breadcrumb"},"inLanguage":"fr-FR","potentialAction":[{"@type":"ReadAction","target":["https:\/\/hitmarkrobotics.com\/fr\/produits\/hr-03\/"]}]},{"@type":"ImageObject","inLanguage":"fr-FR","@id":"https:\/\/hitmarkrobotics.com\/fr\/produits\/hr-03\/#primaryimage","url":"https:\/\/hitmarkrobotics.com\/wp-content\/uploads\/iso-hr03.png","contentUrl":"https:\/\/hitmarkrobotics.com\/wp-content\/uploads\/iso-hr03.png","width":796,"height":680},{"@type":"BreadcrumbList","@id":"https:\/\/hitmarkrobotics.com\/fr\/produits\/hr-03\/#breadcrumb","itemListElement":[{"@type":"ListItem","position":1,"name":"Home","item":"https:\/\/hitmarkrobotics.com\/fr\/"},{"@type":"ListItem","position":2,"name":"Nos produits","item":"https:\/\/hitmarkrobotics.com\/fr\/products\/"},{"@type":"ListItem","position":3,"name":"HR-03"}]},{"@type":"WebSite","@id":"https:\/\/hitmarkrobotics.com\/fr\/#website","url":"https:\/\/hitmarkrobotics.com\/fr\/","name":"Hitmark Robotics","description":"Dostawca rozwi\u0105za\u0144 automatyzacji dla przemys\u0142u","publisher":{"@id":"https:\/\/hitmarkrobotics.com\/fr\/#organization"},"potentialAction":[{"@type":"SearchAction","target":{"@type":"EntryPoint","urlTemplate":"https:\/\/hitmarkrobotics.com\/fr\/?s={search_term_string}"},"query-input":{"@type":"PropertyValueSpecification","valueRequired":true,"valueName":"search_term_string"}}],"inLanguage":"fr-FR"},{"@type":"Organization","@id":"https:\/\/hitmarkrobotics.com\/fr\/#organization","name":"Hitmark Robotics","url":"https:\/\/hitmarkrobotics.com\/fr\/","logo":{"@type":"ImageObject","inLanguage":"fr-FR","@id":"https:\/\/hitmarkrobotics.com\/fr\/#\/schema\/logo\/image\/","url":"https:\/\/hitmarkrobotics.com\/wp-content\/uploads\/hitmark-robotics-logo.png","contentUrl":"https:\/\/hitmarkrobotics.com\/wp-content\/uploads\/hitmark-robotics-logo.png","width":736,"height":260,"caption":"Hitmark Robotics"},"image":{"@id":"https:\/\/hitmarkrobotics.com\/fr\/#\/schema\/logo\/image\/"}}]}},"_links":{"self":[{"href":"https:\/\/hitmarkrobotics.com\/fr\/wp-json\/wp\/v2\/pages\/4091","targetHints":{"allow":["GET"]}}],"collection":[{"href":"https:\/\/hitmarkrobotics.com\/fr\/wp-json\/wp\/v2\/pages"}],"about":[{"href":"https:\/\/hitmarkrobotics.com\/fr\/wp-json\/wp\/v2\/types\/page"}],"author":[{"embeddable":true,"href":"https:\/\/hitmarkrobotics.com\/fr\/wp-json\/wp\/v2\/users\/1"}],"replies":[{"embeddable":true,"href":"https:\/\/hitmarkrobotics.com\/fr\/wp-json\/wp\/v2\/comments?post=4091"}],"version-history":[{"count":1,"href":"https:\/\/hitmarkrobotics.com\/fr\/wp-json\/wp\/v2\/pages\/4091\/revisions"}],"predecessor-version":[{"id":4101,"href":"https:\/\/hitmarkrobotics.com\/fr\/wp-json\/wp\/v2\/pages\/4091\/revisions\/4101"}],"up":[{"embeddable":true,"href":"https:\/\/hitmarkrobotics.com\/fr\/wp-json\/wp\/v2\/pages\/4054"}],"wp:featuredmedia":[{"embeddable":true,"href":"https:\/\/hitmarkrobotics.com\/fr\/wp-json\/wp\/v2\/media\/4092"}],"wp:attachment":[{"href":"https:\/\/hitmarkrobotics.com\/fr\/wp-json\/wp\/v2\/media?parent=4091"}],"curies":[{"name":"wp","href":"https:\/\/api.w.org\/{rel}","templated":true}]}}