{"id":5560,"date":"2025-09-16T08:08:52","date_gmt":"2025-09-16T08:08:52","guid":{"rendered":"https:\/\/hitmarkrobotics.com\/?page_id=5560"},"modified":"2025-11-04T08:29:13","modified_gmt":"2025-11-04T08:29:13","slug":"cobot","status":"publish","type":"page","link":"https:\/\/hitmarkrobotics.com\/fr\/cobot\/","title":{"rendered":"Cobot"},"content":{"rendered":"","protected":false},"excerpt":{"rendered":"","protected":false},"author":1,"featured_media":5563,"parent":0,"menu_order":0,"comment_status":"closed","ping_status":"closed","template":"","meta":{"_acf_changed":false,"footnotes":""},"class_list":["post-5560","page","type-page","status-publish","has-post-thumbnail","hentry"],"acf":[],"yoast_head":"<!-- This site is optimized with the Yoast SEO plugin v27.0 - https:\/\/yoast.com\/product\/yoast-seo-wordpress\/ -->\n<title>Cobots - robots industriels qui collaborent avec les humains &#8211; Hitmark Robotics<\/title>\n<meta name=\"description\" content=\"D\u00e9couvrez les cobots \u2013 des robots collaboratifs qui am\u00e9liorent l\u2019efficacit\u00e9 et la s\u00e9curit\u00e9. Hitmark Robotics : nous int\u00e9grons les cobots \u00e0 votre production.\" \/>\n<meta name=\"robots\" content=\"index, follow, max-snippet:-1, max-image-preview:large, max-video-preview:-1\" \/>\n<link rel=\"canonical\" href=\"https:\/\/hitmarkrobotics.com\/fr\/cobot\/\" \/>\n<meta property=\"og:locale\" content=\"fr_FR\" \/>\n<meta property=\"og:type\" content=\"article\" \/>\n<meta property=\"og:title\" content=\"Cobots - robots industriels qui collaborent avec les humains &#8211; Hitmark Robotics\" \/>\n<meta property=\"og:description\" content=\"D\u00e9couvrez les cobots \u2013 des robots collaboratifs qui am\u00e9liorent l\u2019efficacit\u00e9 et la s\u00e9curit\u00e9. Hitmark Robotics : nous int\u00e9grons les cobots \u00e0 votre production.\" \/>\n<meta property=\"og:url\" content=\"https:\/\/hitmarkrobotics.com\/fr\/cobot\/\" \/>\n<meta property=\"og:site_name\" content=\"Hitmark Robotics\" \/>\n<meta property=\"article:modified_time\" content=\"2025-11-04T08:29:13+00:00\" \/>\n<meta property=\"og:image\" content=\"https:\/\/hitmarkrobotics.com\/wp-content\/uploads\/CRX-10iA-Kitting-Assorted-Food-Gift-Boxes.jpg\" \/>\n\t<meta property=\"og:image:width\" content=\"1500\" \/>\n\t<meta property=\"og:image:height\" content=\"1121\" \/>\n\t<meta property=\"og:image:type\" content=\"image\/jpeg\" \/>\n<meta name=\"twitter:card\" content=\"summary_large_image\" \/>\n<meta name=\"twitter:label1\" content=\"Dur\u00e9e de lecture estim\u00e9e\" \/>\n\t<meta name=\"twitter:data1\" content=\"9 minutes\" \/>\n<script type=\"application\/ld+json\" class=\"yoast-schema-graph\">{\"@context\":\"https:\/\/schema.org\",\"@graph\":[{\"@type\":\"WebPage\",\"@id\":\"https:\/\/hitmarkrobotics.com\/fr\/cobot\/\",\"url\":\"https:\/\/hitmarkrobotics.com\/fr\/cobot\/\",\"name\":\"Cobots - robots industriels qui collaborent avec les humains &#8211; Hitmark Robotics\",\"isPartOf\":{\"@id\":\"https:\/\/hitmarkrobotics.com\/fr\/#website\"},\"primaryImageOfPage\":{\"@id\":\"https:\/\/hitmarkrobotics.com\/fr\/cobot\/#primaryimage\"},\"image\":{\"@id\":\"https:\/\/hitmarkrobotics.com\/fr\/cobot\/#primaryimage\"},\"thumbnailUrl\":\"https:\/\/hitmarkrobotics.com\/wp-content\/uploads\/CRX-10iA-Kitting-Assorted-Food-Gift-Boxes.jpg\",\"datePublished\":\"2025-09-16T08:08:52+00:00\",\"dateModified\":\"2025-11-04T08:29:13+00:00\",\"description\":\"D\u00e9couvrez les cobots \u2013 des robots collaboratifs qui am\u00e9liorent l\u2019efficacit\u00e9 et la s\u00e9curit\u00e9. Hitmark Robotics : nous int\u00e9grons les cobots \u00e0 votre production.\",\"breadcrumb\":{\"@id\":\"https:\/\/hitmarkrobotics.com\/fr\/cobot\/#breadcrumb\"},\"inLanguage\":\"fr-FR\",\"potentialAction\":[{\"@type\":\"ReadAction\",\"target\":[\"https:\/\/hitmarkrobotics.com\/fr\/cobot\/\"]}]},{\"@type\":\"ImageObject\",\"inLanguage\":\"fr-FR\",\"@id\":\"https:\/\/hitmarkrobotics.com\/fr\/cobot\/#primaryimage\",\"url\":\"https:\/\/hitmarkrobotics.com\/wp-content\/uploads\/CRX-10iA-Kitting-Assorted-Food-Gift-Boxes.jpg\",\"contentUrl\":\"https:\/\/hitmarkrobotics.com\/wp-content\/uploads\/CRX-10iA-Kitting-Assorted-Food-Gift-Boxes.jpg\",\"width\":1500,\"height\":1121,\"caption\":\"The FANUC CRX-10iA cobot uses drag-and-drop programming on the Tablet TP and 3-button wrist to easily kit meat and cheese gift boxes.\"},{\"@type\":\"BreadcrumbList\",\"@id\":\"https:\/\/hitmarkrobotics.com\/fr\/cobot\/#breadcrumb\",\"itemListElement\":[{\"@type\":\"ListItem\",\"position\":1,\"name\":\"Home\",\"item\":\"https:\/\/hitmarkrobotics.com\/fr\/\"},{\"@type\":\"ListItem\",\"position\":2,\"name\":\"Cobot\"}]},{\"@type\":\"WebSite\",\"@id\":\"https:\/\/hitmarkrobotics.com\/fr\/#website\",\"url\":\"https:\/\/hitmarkrobotics.com\/fr\/\",\"name\":\"Hitmark Robotics\",\"description\":\"Dostawca rozwi\u0105za\u0144 automatyzacji dla przemys\u0142u\",\"publisher\":{\"@id\":\"https:\/\/hitmarkrobotics.com\/fr\/#organization\"},\"potentialAction\":[{\"@type\":\"SearchAction\",\"target\":{\"@type\":\"EntryPoint\",\"urlTemplate\":\"https:\/\/hitmarkrobotics.com\/fr\/?s={search_term_string}\"},\"query-input\":{\"@type\":\"PropertyValueSpecification\",\"valueRequired\":true,\"valueName\":\"search_term_string\"}}],\"inLanguage\":\"fr-FR\"},{\"@type\":\"Organization\",\"@id\":\"https:\/\/hitmarkrobotics.com\/fr\/#organization\",\"name\":\"Hitmark Robotics\",\"url\":\"https:\/\/hitmarkrobotics.com\/fr\/\",\"logo\":{\"@type\":\"ImageObject\",\"inLanguage\":\"fr-FR\",\"@id\":\"https:\/\/hitmarkrobotics.com\/fr\/#\/schema\/logo\/image\/\",\"url\":\"https:\/\/hitmarkrobotics.com\/wp-content\/uploads\/hitmark-robotics-logo.png\",\"contentUrl\":\"https:\/\/hitmarkrobotics.com\/wp-content\/uploads\/hitmark-robotics-logo.png\",\"width\":736,\"height\":260,\"caption\":\"Hitmark Robotics\"},\"image\":{\"@id\":\"https:\/\/hitmarkrobotics.com\/fr\/#\/schema\/logo\/image\/\"}}]}<\/script>\n<!-- \/ Yoast SEO plugin. -->","yoast_head_json":{"title":"Cobots - robots industriels qui collaborent avec les humains &#8211; Hitmark Robotics","description":"D\u00e9couvrez les cobots \u2013 des robots collaboratifs qui am\u00e9liorent l\u2019efficacit\u00e9 et la s\u00e9curit\u00e9. Hitmark Robotics : nous int\u00e9grons les cobots \u00e0 votre production.","robots":{"index":"index","follow":"follow","max-snippet":"max-snippet:-1","max-image-preview":"max-image-preview:large","max-video-preview":"max-video-preview:-1"},"canonical":"https:\/\/hitmarkrobotics.com\/fr\/cobot\/","og_locale":"fr_FR","og_type":"article","og_title":"Cobots - robots industriels qui collaborent avec les humains &#8211; Hitmark Robotics","og_description":"D\u00e9couvrez les cobots \u2013 des robots collaboratifs qui am\u00e9liorent l\u2019efficacit\u00e9 et la s\u00e9curit\u00e9. Hitmark Robotics : nous int\u00e9grons les cobots \u00e0 votre production.","og_url":"https:\/\/hitmarkrobotics.com\/fr\/cobot\/","og_site_name":"Hitmark Robotics","article_modified_time":"2025-11-04T08:29:13+00:00","og_image":[{"width":1500,"height":1121,"url":"https:\/\/hitmarkrobotics.com\/wp-content\/uploads\/CRX-10iA-Kitting-Assorted-Food-Gift-Boxes.jpg","type":"image\/jpeg"}],"twitter_card":"summary_large_image","twitter_misc":{"Dur\u00e9e de lecture estim\u00e9e":"9 minutes"},"schema":{"@context":"https:\/\/schema.org","@graph":[{"@type":"WebPage","@id":"https:\/\/hitmarkrobotics.com\/fr\/cobot\/","url":"https:\/\/hitmarkrobotics.com\/fr\/cobot\/","name":"Cobots - robots industriels qui collaborent avec les humains &#8211; Hitmark Robotics","isPartOf":{"@id":"https:\/\/hitmarkrobotics.com\/fr\/#website"},"primaryImageOfPage":{"@id":"https:\/\/hitmarkrobotics.com\/fr\/cobot\/#primaryimage"},"image":{"@id":"https:\/\/hitmarkrobotics.com\/fr\/cobot\/#primaryimage"},"thumbnailUrl":"https:\/\/hitmarkrobotics.com\/wp-content\/uploads\/CRX-10iA-Kitting-Assorted-Food-Gift-Boxes.jpg","datePublished":"2025-09-16T08:08:52+00:00","dateModified":"2025-11-04T08:29:13+00:00","description":"D\u00e9couvrez les cobots \u2013 des robots collaboratifs qui am\u00e9liorent l\u2019efficacit\u00e9 et la s\u00e9curit\u00e9. Hitmark Robotics : nous int\u00e9grons les cobots \u00e0 votre production.","breadcrumb":{"@id":"https:\/\/hitmarkrobotics.com\/fr\/cobot\/#breadcrumb"},"inLanguage":"fr-FR","potentialAction":[{"@type":"ReadAction","target":["https:\/\/hitmarkrobotics.com\/fr\/cobot\/"]}]},{"@type":"ImageObject","inLanguage":"fr-FR","@id":"https:\/\/hitmarkrobotics.com\/fr\/cobot\/#primaryimage","url":"https:\/\/hitmarkrobotics.com\/wp-content\/uploads\/CRX-10iA-Kitting-Assorted-Food-Gift-Boxes.jpg","contentUrl":"https:\/\/hitmarkrobotics.com\/wp-content\/uploads\/CRX-10iA-Kitting-Assorted-Food-Gift-Boxes.jpg","width":1500,"height":1121,"caption":"The FANUC CRX-10iA cobot uses drag-and-drop programming on the Tablet TP and 3-button wrist to easily kit meat and cheese gift boxes."},{"@type":"BreadcrumbList","@id":"https:\/\/hitmarkrobotics.com\/fr\/cobot\/#breadcrumb","itemListElement":[{"@type":"ListItem","position":1,"name":"Home","item":"https:\/\/hitmarkrobotics.com\/fr\/"},{"@type":"ListItem","position":2,"name":"Cobot"}]},{"@type":"WebSite","@id":"https:\/\/hitmarkrobotics.com\/fr\/#website","url":"https:\/\/hitmarkrobotics.com\/fr\/","name":"Hitmark Robotics","description":"Dostawca rozwi\u0105za\u0144 automatyzacji dla przemys\u0142u","publisher":{"@id":"https:\/\/hitmarkrobotics.com\/fr\/#organization"},"potentialAction":[{"@type":"SearchAction","target":{"@type":"EntryPoint","urlTemplate":"https:\/\/hitmarkrobotics.com\/fr\/?s={search_term_string}"},"query-input":{"@type":"PropertyValueSpecification","valueRequired":true,"valueName":"search_term_string"}}],"inLanguage":"fr-FR"},{"@type":"Organization","@id":"https:\/\/hitmarkrobotics.com\/fr\/#organization","name":"Hitmark Robotics","url":"https:\/\/hitmarkrobotics.com\/fr\/","logo":{"@type":"ImageObject","inLanguage":"fr-FR","@id":"https:\/\/hitmarkrobotics.com\/fr\/#\/schema\/logo\/image\/","url":"https:\/\/hitmarkrobotics.com\/wp-content\/uploads\/hitmark-robotics-logo.png","contentUrl":"https:\/\/hitmarkrobotics.com\/wp-content\/uploads\/hitmark-robotics-logo.png","width":736,"height":260,"caption":"Hitmark Robotics"},"image":{"@id":"https:\/\/hitmarkrobotics.com\/fr\/#\/schema\/logo\/image\/"}}]}},"_links":{"self":[{"href":"https:\/\/hitmarkrobotics.com\/fr\/wp-json\/wp\/v2\/pages\/5560","targetHints":{"allow":["GET"]}}],"collection":[{"href":"https:\/\/hitmarkrobotics.com\/fr\/wp-json\/wp\/v2\/pages"}],"about":[{"href":"https:\/\/hitmarkrobotics.com\/fr\/wp-json\/wp\/v2\/types\/page"}],"author":[{"embeddable":true,"href":"https:\/\/hitmarkrobotics.com\/fr\/wp-json\/wp\/v2\/users\/1"}],"replies":[{"embeddable":true,"href":"https:\/\/hitmarkrobotics.com\/fr\/wp-json\/wp\/v2\/comments?post=5560"}],"version-history":[{"count":3,"href":"https:\/\/hitmarkrobotics.com\/fr\/wp-json\/wp\/v2\/pages\/5560\/revisions"}],"predecessor-version":[{"id":5668,"href":"https:\/\/hitmarkrobotics.com\/fr\/wp-json\/wp\/v2\/pages\/5560\/revisions\/5668"}],"wp:featuredmedia":[{"embeddable":true,"href":"https:\/\/hitmarkrobotics.com\/fr\/wp-json\/wp\/v2\/media\/5563"}],"wp:attachment":[{"href":"https:\/\/hitmarkrobotics.com\/fr\/wp-json\/wp\/v2\/media?parent=5560"}],"curies":[{"name":"wp","href":"https:\/\/api.w.org\/{rel}","templated":true}]}}