{"id":5807,"date":"2025-12-17T15:22:06","date_gmt":"2025-12-17T15:22:06","guid":{"rendered":"https:\/\/hitmarkrobotics.com\/?page_id=5807"},"modified":"2025-12-22T13:20:48","modified_gmt":"2025-12-22T13:20:48","slug":"poste-de-palettisation-robotise-pour-deux-lignes-de-production-avec-un-systeme-de-marquage-bicolore","status":"publish","type":"page","link":"https:\/\/hitmarkrobotics.com\/fr\/case-study\/poste-de-palettisation-robotise-pour-deux-lignes-de-production-avec-un-systeme-de-marquage-bicolore\/","title":{"rendered":"Poste de palettisation robotis\u00e9 pour deux lignes de production avec un syst\u00e8me de marquage bicolore"},"content":{"rendered":"","protected":false},"excerpt":{"rendered":"","protected":false},"author":1,"featured_media":5830,"parent":3968,"menu_order":0,"comment_status":"closed","ping_status":"closed","template":"","meta":{"_acf_changed":false,"footnotes":""},"class_list":["post-5807","page","type-page","status-publish","has-post-thumbnail","hentry"],"acf":[],"yoast_head":"<!-- This site is optimized with the Yoast SEO plugin v27.0 - https:\/\/yoast.com\/product\/yoast-seo-wordpress\/ -->\n<title>Poste de palettisation robotis\u00e9 pour deux lignes de production avec un syst\u00e8me de marquage bicolore &#8211; Hitmark Robotics<\/title>\n<meta name=\"robots\" content=\"index, follow, max-snippet:-1, max-image-preview:large, max-video-preview:-1\" \/>\n<link rel=\"canonical\" href=\"https:\/\/hitmarkrobotics.com\/fr\/case-study\/poste-de-palettisation-robotise-pour-deux-lignes-de-production-avec-un-systeme-de-marquage-bicolore\/\" \/>\n<meta property=\"og:locale\" content=\"fr_FR\" \/>\n<meta property=\"og:type\" content=\"article\" \/>\n<meta property=\"og:title\" content=\"Poste de palettisation robotis\u00e9 pour deux lignes de production avec un syst\u00e8me de marquage bicolore &#8211; Hitmark Robotics\" \/>\n<meta property=\"og:url\" content=\"https:\/\/hitmarkrobotics.com\/fr\/case-study\/poste-de-palettisation-robotise-pour-deux-lignes-de-production-avec-un-systeme-de-marquage-bicolore\/\" \/>\n<meta property=\"og:site_name\" content=\"Hitmark Robotics\" \/>\n<meta property=\"article:modified_time\" content=\"2025-12-22T13:20:48+00:00\" \/>\n<meta property=\"og:image\" content=\"https:\/\/hitmarkrobotics.com\/wp-content\/uploads\/27561-2-alpha-1016x1024.png\" \/>\n\t<meta property=\"og:image:width\" content=\"1016\" \/>\n\t<meta property=\"og:image:height\" content=\"1024\" \/>\n\t<meta property=\"og:image:type\" content=\"image\/png\" \/>\n<meta name=\"twitter:card\" content=\"summary_large_image\" \/>\n<meta name=\"twitter:label1\" content=\"Dur\u00e9e de lecture estim\u00e9e\" \/>\n\t<meta name=\"twitter:data1\" content=\"1 minute\" \/>\n<script type=\"application\/ld+json\" class=\"yoast-schema-graph\">{\"@context\":\"https:\/\/schema.org\",\"@graph\":[{\"@type\":\"WebPage\",\"@id\":\"https:\/\/hitmarkrobotics.com\/fr\/case-study\/poste-de-palettisation-robotise-pour-deux-lignes-de-production-avec-un-systeme-de-marquage-bicolore\/\",\"url\":\"https:\/\/hitmarkrobotics.com\/fr\/case-study\/poste-de-palettisation-robotise-pour-deux-lignes-de-production-avec-un-systeme-de-marquage-bicolore\/\",\"name\":\"Poste de palettisation robotis\u00e9 pour deux lignes de production avec un syst\u00e8me de marquage bicolore &#8211; Hitmark Robotics\",\"isPartOf\":{\"@id\":\"https:\/\/hitmarkrobotics.com\/fr\/#website\"},\"primaryImageOfPage\":{\"@id\":\"https:\/\/hitmarkrobotics.com\/fr\/case-study\/poste-de-palettisation-robotise-pour-deux-lignes-de-production-avec-un-systeme-de-marquage-bicolore\/#primaryimage\"},\"image\":{\"@id\":\"https:\/\/hitmarkrobotics.com\/fr\/case-study\/poste-de-palettisation-robotise-pour-deux-lignes-de-production-avec-un-systeme-de-marquage-bicolore\/#primaryimage\"},\"thumbnailUrl\":\"https:\/\/hitmarkrobotics.com\/wp-content\/uploads\/27561-2-alpha.png\",\"datePublished\":\"2025-12-17T15:22:06+00:00\",\"dateModified\":\"2025-12-22T13:20:48+00:00\",\"breadcrumb\":{\"@id\":\"https:\/\/hitmarkrobotics.com\/fr\/case-study\/poste-de-palettisation-robotise-pour-deux-lignes-de-production-avec-un-systeme-de-marquage-bicolore\/#breadcrumb\"},\"inLanguage\":\"fr-FR\",\"potentialAction\":[{\"@type\":\"ReadAction\",\"target\":[\"https:\/\/hitmarkrobotics.com\/fr\/case-study\/poste-de-palettisation-robotise-pour-deux-lignes-de-production-avec-un-systeme-de-marquage-bicolore\/\"]}]},{\"@type\":\"ImageObject\",\"inLanguage\":\"fr-FR\",\"@id\":\"https:\/\/hitmarkrobotics.com\/fr\/case-study\/poste-de-palettisation-robotise-pour-deux-lignes-de-production-avec-un-systeme-de-marquage-bicolore\/#primaryimage\",\"url\":\"https:\/\/hitmarkrobotics.com\/wp-content\/uploads\/27561-2-alpha.png\",\"contentUrl\":\"https:\/\/hitmarkrobotics.com\/wp-content\/uploads\/27561-2-alpha.png\",\"width\":1571,\"height\":1584},{\"@type\":\"BreadcrumbList\",\"@id\":\"https:\/\/hitmarkrobotics.com\/fr\/case-study\/poste-de-palettisation-robotise-pour-deux-lignes-de-production-avec-un-systeme-de-marquage-bicolore\/#breadcrumb\",\"itemListElement\":[{\"@type\":\"ListItem\",\"position\":1,\"name\":\"Home\",\"item\":\"https:\/\/hitmarkrobotics.com\/fr\/\"},{\"@type\":\"ListItem\",\"position\":2,\"name\":\"\u00c9tude de cas\",\"item\":\"https:\/\/hitmarkrobotics.com\/fr\/case-study\/\"},{\"@type\":\"ListItem\",\"position\":3,\"name\":\"Poste de palettisation robotis\u00e9 pour deux lignes de production avec un syst\u00e8me de marquage bicolore\"}]},{\"@type\":\"WebSite\",\"@id\":\"https:\/\/hitmarkrobotics.com\/fr\/#website\",\"url\":\"https:\/\/hitmarkrobotics.com\/fr\/\",\"name\":\"Hitmark Robotics\",\"description\":\"Dostawca rozwi\u0105za\u0144 automatyzacji dla przemys\u0142u\",\"publisher\":{\"@id\":\"https:\/\/hitmarkrobotics.com\/fr\/#organization\"},\"potentialAction\":[{\"@type\":\"SearchAction\",\"target\":{\"@type\":\"EntryPoint\",\"urlTemplate\":\"https:\/\/hitmarkrobotics.com\/fr\/?s={search_term_string}\"},\"query-input\":{\"@type\":\"PropertyValueSpecification\",\"valueRequired\":true,\"valueName\":\"search_term_string\"}}],\"inLanguage\":\"fr-FR\"},{\"@type\":\"Organization\",\"@id\":\"https:\/\/hitmarkrobotics.com\/fr\/#organization\",\"name\":\"Hitmark Robotics\",\"url\":\"https:\/\/hitmarkrobotics.com\/fr\/\",\"logo\":{\"@type\":\"ImageObject\",\"inLanguage\":\"fr-FR\",\"@id\":\"https:\/\/hitmarkrobotics.com\/fr\/#\/schema\/logo\/image\/\",\"url\":\"https:\/\/hitmarkrobotics.com\/wp-content\/uploads\/hitmark-robotics-logo.png\",\"contentUrl\":\"https:\/\/hitmarkrobotics.com\/wp-content\/uploads\/hitmark-robotics-logo.png\",\"width\":736,\"height\":260,\"caption\":\"Hitmark Robotics\"},\"image\":{\"@id\":\"https:\/\/hitmarkrobotics.com\/fr\/#\/schema\/logo\/image\/\"}}]}<\/script>\n<!-- \/ Yoast SEO plugin. -->","yoast_head_json":{"title":"Poste de palettisation robotis\u00e9 pour deux lignes de production avec un syst\u00e8me de marquage bicolore &#8211; Hitmark Robotics","robots":{"index":"index","follow":"follow","max-snippet":"max-snippet:-1","max-image-preview":"max-image-preview:large","max-video-preview":"max-video-preview:-1"},"canonical":"https:\/\/hitmarkrobotics.com\/fr\/case-study\/poste-de-palettisation-robotise-pour-deux-lignes-de-production-avec-un-systeme-de-marquage-bicolore\/","og_locale":"fr_FR","og_type":"article","og_title":"Poste de palettisation robotis\u00e9 pour deux lignes de production avec un syst\u00e8me de marquage bicolore &#8211; Hitmark Robotics","og_url":"https:\/\/hitmarkrobotics.com\/fr\/case-study\/poste-de-palettisation-robotise-pour-deux-lignes-de-production-avec-un-systeme-de-marquage-bicolore\/","og_site_name":"Hitmark Robotics","article_modified_time":"2025-12-22T13:20:48+00:00","og_image":[{"width":1016,"height":1024,"url":"https:\/\/hitmarkrobotics.com\/wp-content\/uploads\/27561-2-alpha-1016x1024.png","type":"image\/png"}],"twitter_card":"summary_large_image","twitter_misc":{"Dur\u00e9e de lecture estim\u00e9e":"1 minute"},"schema":{"@context":"https:\/\/schema.org","@graph":[{"@type":"WebPage","@id":"https:\/\/hitmarkrobotics.com\/fr\/case-study\/poste-de-palettisation-robotise-pour-deux-lignes-de-production-avec-un-systeme-de-marquage-bicolore\/","url":"https:\/\/hitmarkrobotics.com\/fr\/case-study\/poste-de-palettisation-robotise-pour-deux-lignes-de-production-avec-un-systeme-de-marquage-bicolore\/","name":"Poste de palettisation robotis\u00e9 pour deux lignes de production avec un syst\u00e8me de marquage bicolore &#8211; Hitmark Robotics","isPartOf":{"@id":"https:\/\/hitmarkrobotics.com\/fr\/#website"},"primaryImageOfPage":{"@id":"https:\/\/hitmarkrobotics.com\/fr\/case-study\/poste-de-palettisation-robotise-pour-deux-lignes-de-production-avec-un-systeme-de-marquage-bicolore\/#primaryimage"},"image":{"@id":"https:\/\/hitmarkrobotics.com\/fr\/case-study\/poste-de-palettisation-robotise-pour-deux-lignes-de-production-avec-un-systeme-de-marquage-bicolore\/#primaryimage"},"thumbnailUrl":"https:\/\/hitmarkrobotics.com\/wp-content\/uploads\/27561-2-alpha.png","datePublished":"2025-12-17T15:22:06+00:00","dateModified":"2025-12-22T13:20:48+00:00","breadcrumb":{"@id":"https:\/\/hitmarkrobotics.com\/fr\/case-study\/poste-de-palettisation-robotise-pour-deux-lignes-de-production-avec-un-systeme-de-marquage-bicolore\/#breadcrumb"},"inLanguage":"fr-FR","potentialAction":[{"@type":"ReadAction","target":["https:\/\/hitmarkrobotics.com\/fr\/case-study\/poste-de-palettisation-robotise-pour-deux-lignes-de-production-avec-un-systeme-de-marquage-bicolore\/"]}]},{"@type":"ImageObject","inLanguage":"fr-FR","@id":"https:\/\/hitmarkrobotics.com\/fr\/case-study\/poste-de-palettisation-robotise-pour-deux-lignes-de-production-avec-un-systeme-de-marquage-bicolore\/#primaryimage","url":"https:\/\/hitmarkrobotics.com\/wp-content\/uploads\/27561-2-alpha.png","contentUrl":"https:\/\/hitmarkrobotics.com\/wp-content\/uploads\/27561-2-alpha.png","width":1571,"height":1584},{"@type":"BreadcrumbList","@id":"https:\/\/hitmarkrobotics.com\/fr\/case-study\/poste-de-palettisation-robotise-pour-deux-lignes-de-production-avec-un-systeme-de-marquage-bicolore\/#breadcrumb","itemListElement":[{"@type":"ListItem","position":1,"name":"Home","item":"https:\/\/hitmarkrobotics.com\/fr\/"},{"@type":"ListItem","position":2,"name":"\u00c9tude de cas","item":"https:\/\/hitmarkrobotics.com\/fr\/case-study\/"},{"@type":"ListItem","position":3,"name":"Poste de palettisation robotis\u00e9 pour deux lignes de production avec un syst\u00e8me de marquage bicolore"}]},{"@type":"WebSite","@id":"https:\/\/hitmarkrobotics.com\/fr\/#website","url":"https:\/\/hitmarkrobotics.com\/fr\/","name":"Hitmark Robotics","description":"Dostawca rozwi\u0105za\u0144 automatyzacji dla przemys\u0142u","publisher":{"@id":"https:\/\/hitmarkrobotics.com\/fr\/#organization"},"potentialAction":[{"@type":"SearchAction","target":{"@type":"EntryPoint","urlTemplate":"https:\/\/hitmarkrobotics.com\/fr\/?s={search_term_string}"},"query-input":{"@type":"PropertyValueSpecification","valueRequired":true,"valueName":"search_term_string"}}],"inLanguage":"fr-FR"},{"@type":"Organization","@id":"https:\/\/hitmarkrobotics.com\/fr\/#organization","name":"Hitmark Robotics","url":"https:\/\/hitmarkrobotics.com\/fr\/","logo":{"@type":"ImageObject","inLanguage":"fr-FR","@id":"https:\/\/hitmarkrobotics.com\/fr\/#\/schema\/logo\/image\/","url":"https:\/\/hitmarkrobotics.com\/wp-content\/uploads\/hitmark-robotics-logo.png","contentUrl":"https:\/\/hitmarkrobotics.com\/wp-content\/uploads\/hitmark-robotics-logo.png","width":736,"height":260,"caption":"Hitmark Robotics"},"image":{"@id":"https:\/\/hitmarkrobotics.com\/fr\/#\/schema\/logo\/image\/"}}]}},"_links":{"self":[{"href":"https:\/\/hitmarkrobotics.com\/fr\/wp-json\/wp\/v2\/pages\/5807","targetHints":{"allow":["GET"]}}],"collection":[{"href":"https:\/\/hitmarkrobotics.com\/fr\/wp-json\/wp\/v2\/pages"}],"about":[{"href":"https:\/\/hitmarkrobotics.com\/fr\/wp-json\/wp\/v2\/types\/page"}],"author":[{"embeddable":true,"href":"https:\/\/hitmarkrobotics.com\/fr\/wp-json\/wp\/v2\/users\/1"}],"replies":[{"embeddable":true,"href":"https:\/\/hitmarkrobotics.com\/fr\/wp-json\/wp\/v2\/comments?post=5807"}],"version-history":[{"count":4,"href":"https:\/\/hitmarkrobotics.com\/fr\/wp-json\/wp\/v2\/pages\/5807\/revisions"}],"predecessor-version":[{"id":5879,"href":"https:\/\/hitmarkrobotics.com\/fr\/wp-json\/wp\/v2\/pages\/5807\/revisions\/5879"}],"up":[{"embeddable":true,"href":"https:\/\/hitmarkrobotics.com\/fr\/wp-json\/wp\/v2\/pages\/3968"}],"wp:featuredmedia":[{"embeddable":true,"href":"https:\/\/hitmarkrobotics.com\/fr\/wp-json\/wp\/v2\/media\/5830"}],"wp:attachment":[{"href":"https:\/\/hitmarkrobotics.com\/fr\/wp-json\/wp\/v2\/media?parent=5807"}],"curies":[{"name":"wp","href":"https:\/\/api.w.org\/{rel}","templated":true}]}}